{"id":735295,"date":"2025-03-03T16:26:52","date_gmt":"2025-03-03T15:26:52","guid":{"rendered":"https:\/\/stoic-curie.212-227-153-4.plesk.page\/producto\/warmwasserboiler-quick-b325-25lt\/"},"modified":"2026-02-24T23:35:00","modified_gmt":"2026-02-24T23:35:00","slug":"warmwasserboiler-quick-b325-25lt","status":"publish","type":"product","link":"https:\/\/stoic-curie.212-227-153-4.plesk.page\/de\/product\/warmwasserboiler-quick-b325-25lt\/","title":{"rendered":"Warmwasserboiler Quick B3 25lt"},"content":{"rendered":"<p>Warmwasserboiler Quick B3 25lt &#8211; <\/p>\n<p style=\"color: rgb(34, 34, 34); font-family: Arial, Helvetica, sans-serif; font-size: small;\">Die Nautic Boiler Wassererhitzer Quick Modell B3 sind speziell f\u00fcr den maritimen Einsatz konzipiert. Sie verf\u00fcgen \u00fcber ein 1200W-220V elektrisches Heizelement, das sie ideal f\u00fcr den Einsatz am Dock oder in Verbindung mit einem Generator macht. Dar\u00fcber hinaus sind diese Heizger\u00e4te mit einem einzigartigen umlaufenden W\u00e4rmetauscher ausgestattet, der effektiv W\u00e4rme aus dem K\u00fchlungssystem des Motors aufnimmt.<\/p>\n<p style=\"color: rgb(34, 34, 34); font-family: Arial, Helvetica, sans-serif; font-size: small;\">Diese Boiler entsprechen den Trinkwasserverordnungen und verf\u00fcgen \u00fcber eine Anode, um gegen Elektrolyse zu sch\u00fctzen. Die \u00e4u\u00dfere H\u00fclle ist isoliert und aus einem speziellen Verbundmaterial gefertigt, w\u00e4hrend der Tank aus hochwertigem AISI 316 Edelstahl besteht. Jede Einheit wird durch eine dreij\u00e4hrige Garantie abgesichert und wird empfohlen, mit einem Wasser-Vormischer-Kit verwendet zu werden.<\/p>\n<p style=\"color: rgb(34, 34, 34); font-family: Arial, Helvetica, sans-serif; font-size: small;\">Die Quick B3 Serienboiler sind in verschiedenen Gr\u00f6\u00dfen erh\u00e4ltlich und verf\u00fcgen \u00fcber einen Tank aus hochwertigem Edelstahl mit einer Wandst\u00e4rke von 1,5 mm. Sie sind mit robuster Schaumisolierung und einem stabilen Kunststoffgeh\u00e4use ausgestattet. Jeder Boiler ist mit einem Sicherheits-\/R\u00fcckflussventil sowie einem elektrischen Heizelement ausgestattet, das entweder 500 Watt oder 1200 Watt betragen kann.<\/p>\n<p style=\"color: rgb(34, 34, 34); font-family: Arial, Helvetica, sans-serif; font-size: small;\">Das Quick Modell B3 ist ein zylindrischer Wassererhitzer, der ein Incoloy elektrisches Heizelement und einen einstellbaren Sicherheits-Bi-Thermostat verwendet. Dieses Modell bietet einen aus AISI 316L Edelstahl gefertigten W\u00e4rmetauscher und hat eine Kapazit\u00e4t, die viele seiner Konkurrenten \u00fcbertrifft. Der Innentank besteht aus 1,5 mm dickem AISI 316 Edelstahl, der mit Argon-Schutzgas geschwei\u00dft wurde, um seine Korrosionsbest\u00e4ndigkeit zu verbessern. Das \u00c4u\u00dfere besteht aus einem \u00e4u\u00dferst langlebigen Kunststoffverbundmaterial.<\/p>\n<p style=\"color: rgb(34, 34, 34); font-family: Arial, Helvetica, sans-serif; font-size: small;\">Die Einheit ist mit hochverdichtetem Polyurethan-Schaum isoliert, der zwischen dem Deckel und dem Tank eingespritzt wird, um eine \u00fcberlegene W\u00e4rmespeicherung zu gew\u00e4hrleisten. Das B3 Modell verf\u00fcgt ebenfalls \u00fcber verstellbare Metallhalterungen f\u00fcr eine vielseitige Montage in engen R\u00e4umen. Jede Einheit wird mit dem Wassererhitzer, Montagehalterungen und vier Messingarmaturen geliefert.<\/p>\n<p style=\"color: rgb(34, 34, 34); font-family: Arial, Helvetica, sans-serif; font-size: small;\">Hauptmerkmale:<\/p>\n<ul style=\"color: rgb(34, 34, 34); font-family: Arial, Helvetica, sans-serif; font-size: small;\">\n<li>Erzeugt hei\u00dfes Wasser mit dem elektrischen Element, das einen einstellbaren Sicherheits-Bi-Thermostat beinhaltet.<\/li>\n<li>W\u00e4rmetauscher mit einer gro\u00dfen Oberfl\u00e4che f\u00fcr effektiven W\u00e4rmeaustausch.<\/li>\n<li>Aus hochwertigen Materialien gefertigt.<\/li>\n<li>Entlastungs-\/R\u00fcckflussventil f\u00fcr sicheres Wasserentladen, wenn es nicht verwendet wird.<\/li>\n<\/ul>\n<p style=\"color: rgb(34, 34, 34); font-family: Arial, Helvetica, sans-serif; font-size: small;\">Wassererhitzer: Typ B325<\/p>\n<ul style=\"color: rgb(34, 34, 34); font-family: Arial, Helvetica, sans-serif; font-size: small;\">\n<li>Produziert hei\u00dfes Wasser \u00fcber das elektrische Element, das mit einem einstellbaren Sicherheits-Bi-Thermostat ausgestattet ist.<\/li>\n<li>W\u00e4rmetauscher mit einer breiten Austauschfl\u00e4che.<\/li>\n<li>Hergestellt aus hochwertigen Materialien.<\/li>\n<li>Entlastungs-\/R\u00fcckflussventil, das das Entladen des Wassererhitzers, wenn er nicht verwendet wird, erleichtert.<\/li>\n<\/ul>\n<p style=\"color: rgb(34, 34, 34); font-family: Arial, Helvetica, sans-serif; font-size: small;\">Wassererhitzer Quick B3 25lt:<\/p>\n<ul style=\"color: rgb(34, 34, 34); font-family: Arial, Helvetica, sans-serif; font-size: small;\">\n<li>Erzeugt hei\u00dfes Wasser mit dem elektrischen Element, das mit einem einstellbaren Sicherheits-Bi-Thermostat ausgestattet ist.<\/li>\n<li>W\u00e4rmetauscher mit einer breiten Austauschfl\u00e4che.<\/li>\n<li>Hochwertige Materialien.<\/li>\n<li>Entlastungs-\/R\u00fcckflussventil, das das Entladen des Wassererhitzers im Falle der Nichtbenutzung erm\u00f6glicht.<\/li>\n<\/ul>\n<p style=\"color: rgb(34, 34, 34); font-family: Arial, Helvetica, sans-serif; font-size: small;\">Erzeugt hei\u00dfes Wasser mit dem elektrischen Element, das mit einem einstellbaren Sicherheits-Bi-Thermostat ausgestattet ist.<br \/>W\u00e4rmetauscher mit breiter Austauschfl\u00e4che.<br \/>Hochwertige Materialien.<br \/>Entlastungs-\/R\u00fcckflussventil, das das Entladen des Wassererhitzers im Falle der Nichtbenutzung erm\u00f6glicht.<\/p>\n<p style=\"color: rgb(34, 34, 34); font-family: Arial, Helvetica, sans-serif; font-size: small;\">Artikelattribute:<\/p>\n<ul style=\"color: rgb(34, 34, 34); font-family: Arial, Helvetica, sans-serif; font-size: small;\">\n<li>Durchmesser: 300 MM<\/li>\n<li>Leistung des elektrischen Elements: 500 W<\/li>\n<li>L\u00e4nge: 605 MM<\/li>\n<li>Form: Rund<\/li>\n<li>Tankinhalt: 25 L<\/li>\n<li>Gewicht: 8,5 KG<\/li>\n<\/ul>\n<p style=\"color: rgb(34, 34, 34); font-family: Arial, Helvetica, sans-serif; font-size: small;\">Spezifikationen:<\/p>\n<ul style=\"color: rgb(34, 34, 34); font-family: Arial, Helvetica, sans-serif; font-size: small;\">\n<li>Tankmaterial: Edelstahl<\/li>\n<li>W\u00e4rmeisolierung: Polyurethanschaum<\/li>\n<li>Au\u00dfenverkleidungsmaterial: Verbundstoff<\/li>\n<li>Tankdruck (Betriebspr\u00fcfung): 800 kPa<\/li>\n<li>Maximaler Arbeitsdruck: 600 kPa<\/li>\n<li>Spannungswert des elektrischen Elements: 220 Vac \u00b1 10%<\/li>\n<li>Leistung des elektrischen Elements: 1200 W (Modell 12)<\/li>\n<li>Austrittsdurchmesser: 1\/2&#8243;<\/li>\n<\/ul>\n<p style=\"color: rgb(34, 34, 34); font-family: Arial, Helvetica, sans-serif; font-size: small;\">Diese detaillierte \u00dcbersicht hebt die Qualit\u00e4t und Funktionen unserer Nautic Boiler Wassererhitzer hervor und sorgt daf\u00fcr, dass Sie alle notwendigen Informationen haben, um eine wohl\u00fcberlegte Wahl zu treffen.<\/p>\n","protected":false},"excerpt":{"rendered":"<p>Warmwasserboiler Quick B3 25lt &#8211; Die Nautic Boiler Wassererhitzer Quick Modell B3 sind speziell f\u00fcr den maritimen Einsatz konzipiert. Sie<\/p>\n","protected":false},"featured_media":5938709,"comment_status":"open","ping_status":"closed","template":"","meta":[],"product_brand":[3280],"product_cat":[1364],"product_tag":[],"class_list":{"0":"post-735295","1":"product","2":"type-product","3":"status-publish","4":"has-post-thumbnail","6":"product_brand-quick-de","7":"product_cat-wasserboiler","9":"first","10":"instock","11":"shipping-taxable","12":"purchasable","13":"product-type-simple"},"_links":{"self":[{"href":"https:\/\/stoic-curie.212-227-153-4.plesk.page\/de\/wp-json\/wp\/v2\/product\/735295","targetHints":{"allow":["GET"]}}],"collection":[{"href":"https:\/\/stoic-curie.212-227-153-4.plesk.page\/de\/wp-json\/wp\/v2\/product"}],"about":[{"href":"https:\/\/stoic-curie.212-227-153-4.plesk.page\/de\/wp-json\/wp\/v2\/types\/product"}],"replies":[{"embeddable":true,"href":"https:\/\/stoic-curie.212-227-153-4.plesk.page\/de\/wp-json\/wp\/v2\/comments?post=735295"}],"version-history":[{"count":0,"href":"https:\/\/stoic-curie.212-227-153-4.plesk.page\/de\/wp-json\/wp\/v2\/product\/735295\/revisions"}],"wp:featuredmedia":[{"embeddable":true,"href":"https:\/\/stoic-curie.212-227-153-4.plesk.page\/de\/wp-json\/wp\/v2\/media\/5938709"}],"wp:attachment":[{"href":"https:\/\/stoic-curie.212-227-153-4.plesk.page\/de\/wp-json\/wp\/v2\/media?parent=735295"}],"wp:term":[{"taxonomy":"product_brand","embeddable":true,"href":"https:\/\/stoic-curie.212-227-153-4.plesk.page\/de\/wp-json\/wp\/v2\/product_brand?post=735295"},{"taxonomy":"product_cat","embeddable":true,"href":"https:\/\/stoic-curie.212-227-153-4.plesk.page\/de\/wp-json\/wp\/v2\/product_cat?post=735295"},{"taxonomy":"product_tag","embeddable":true,"href":"https:\/\/stoic-curie.212-227-153-4.plesk.page\/de\/wp-json\/wp\/v2\/product_tag?post=735295"}],"curies":[{"name":"wp","href":"https:\/\/api.w.org\/{rel}","templated":true}]}}