{"id":735297,"date":"2025-03-03T16:26:52","date_gmt":"2025-03-03T15:26:52","guid":{"rendered":"https:\/\/stoic-curie.212-227-153-4.plesk.page\/producto\/warmwasserboiler-quick-b340-40lt\/"},"modified":"2026-02-24T23:35:00","modified_gmt":"2026-02-24T23:35:00","slug":"warmwasserboiler-quick-b340-40lt","status":"publish","type":"product","link":"https:\/\/stoic-curie.212-227-153-4.plesk.page\/de\/product\/warmwasserboiler-quick-b340-40lt\/","title":{"rendered":"Warmwasserboiler Quick B3 40lt"},"content":{"rendered":"<p>Warmwasserboiler Quick B3 40lt &#8211; <\/p>\n<p style=\"color: rgb(34, 34, 34); font-family: Arial, Helvetica, sans-serif; font-size: small;\">Die Nautic Boiler Wassererhitzer sind fachm\u00e4nnisch f\u00fcr den maritimen Einsatz entwickelt. Sie sind mit einem elektrischen Heizelement von 1200W-220V ausgestattet, was sie ideal f\u00fcr den Einsatz am Dock oder in Kombination mit einem Generator macht. Dar\u00fcber hinaus verf\u00fcgen diese Heizger\u00e4te \u00fcber einen einzigartigen umschlie\u00dfenden W\u00e4rmetauscher, der effektiv die W\u00e4rme aus dem K\u00fchlsystem des Motors aufnimmt.<\/p>\n<p style=\"color: rgb(34, 34, 34); font-family: Arial, Helvetica, sans-serif; font-size: small;\">Diese Boilermodelle entsprechen den Trinkwassernormen und sind mit einem Anoden ausgestattet, die gegen Elektrolyse sch\u00fctzt. Das isolierte Geh\u00e4use besteht aus einem speziellen Verbundmaterial, w\u00e4hrend der Tank aus hochwertigem AISI 316 Edelstahl gefertigt ist. Jedes Ger\u00e4t wird durch eine dreij\u00e4hrige Garantie abgesichert und es wird empfohlen, es mit einem Wasser-Vormischsatz zu verwenden.<\/p>\n<p style=\"color: rgb(34, 34, 34); font-family: Arial, Helvetica, sans-serif; font-size: small;\">Die Quick B3 Serie Boilermodelle sind in verschiedenen Gr\u00f6\u00dfen erh\u00e4ltlich und verf\u00fcgen \u00fcber einen Tank aus hochwertigem Edelstahl mit einer Wandst\u00e4rke von 1,5 mm. Sie sind mit robuster Schaumisolierung und einem belastbaren Kunststoffgeh\u00e4use ausgestattet. Jeder Boiler ist mit einem Sicherheits-\/R\u00fcckflussventil und einem elektrischen Heizelement versehen, das entweder 500 Watt oder 1200 Watt zur Verf\u00fcgung stellt.<\/p>\n<p style=\"color: rgb(34, 34, 34); font-family: Arial, Helvetica, sans-serif; font-size: small;\">Das Quick Modell B3 ist ein zylindrischer Wassererhitzer, der ein Incoloy elektrisches Heizelement nutzt, das mit einem einstellbaren Sicherheitsbi-Thermostat kombiniert ist. Dieses Modell verf\u00fcgt \u00fcber einen W\u00e4rmetauscher aus AISI 316L Edelstahl, der eine Kapazit\u00e4t bietet, die viele seiner Wettbewerber \u00fcbertrifft. Der Innentank besteht aus 1,5 mm dickem AISI 316 Edelstahl, der mit Argon-Schutzgas geschwei\u00dft wurde, um seine Korrosionsbest\u00e4ndigkeit zu erh\u00f6hen. Die Au\u00dfenh\u00fclle besteht aus einem hochgradig haltbaren Kunststoffverbundmaterial.<\/p>\n<p style=\"color: rgb(34, 34, 34); font-family: Arial, Helvetica, sans-serif; font-size: small;\">Das Ger\u00e4t ist mit hochdichtem Polyurethan-Schaum isoliert, der zwischen dem Deckel und dem Tank eingespritzt wird, um eine \u00fcberlegene W\u00e4rmespeicherung zu gew\u00e4hrleisten. Das B3 Modell verf\u00fcgt zudem \u00fcber einstellbare Metallhalterungen f\u00fcr vielseitige Montagem\u00f6glichkeiten in engen R\u00e4umen. Jedes Ger\u00e4t wird mit dem Wassererhitzer, Montageschienen und vier Messinganschl\u00fcssen geliefert.<\/p>\n<p style=\"color: rgb(34, 34, 34); font-family: Arial, Helvetica, sans-serif; font-size: small;\"><strong>Hauptmerkmale:<\/strong><\/p>\n<ul style=\"color: rgb(34, 34, 34); font-family: Arial, Helvetica, sans-serif; font-size: small;\">\n<li>Erzeugt hei\u00dfes Wasser mit dem elektrischen Element, das \u00fcber einen einstellbaren Sicherheitsbi-Thermostat verf\u00fcgt<\/li>\n<li>W\u00e4rmetauscher mit gro\u00dfer Oberfl\u00e4che f\u00fcr effektiven W\u00e4rmeaustausch<\/li>\n<li>Aus hochwertigen Materialien hergestellt<\/li>\n<li>\u00dcberdruck-\/R\u00fcckflussventil f\u00fcr sicheres Entleeren des Wassers bei Nichtbetrieb<\/li>\n<\/ul>\n<p style=\"color: rgb(34, 34, 34); font-family: Arial, Helvetica, sans-serif; font-size: small;\"><strong>Wassererhitzer: Typ B3<\/strong><\/p>\n<ul style=\"color: rgb(34, 34, 34); font-family: Arial, Helvetica, sans-serif; font-size: small;\">\n<li>Erzeugt hei\u00dfes Wasser durch das elektrische Element mit einstellbarem Sicherheitsbi-Thermostat<\/li>\n<li>W\u00e4rmetauscher mit gro\u00dfer Austauschfl\u00e4che<\/li>\n<li>Aus hochwertigen Materialien gefertigt<\/li>\n<li>\u00dcberdruck-\/R\u00fcckflussventil zur Entleerung des Wassererhitzers bei Nichtgebrauch<\/li>\n<\/ul>\n<p style=\"color: rgb(34, 34, 34); font-family: Arial, Helvetica, sans-serif; font-size: small;\"><strong>Wassererhitzer Quick B3 40lt:<\/strong><\/p>\n<ul style=\"color: rgb(34, 34, 34); font-family: Arial, Helvetica, sans-serif; font-size: small;\">\n<li>Durchmesser: 360 MM<\/li>\n<li>230 Volt elektrisches Element Leistung: 1200W<\/li>\n<li>L\u00e4nge: 620 MM<\/li>\n<li>Form: Rund<\/li>\n<li>Tankinhalt: 40 L<\/li>\n<li>Gewicht: 11,7 KG<\/li>\n<\/ul>\n<p style=\"color: rgb(34, 34, 34); font-family: Arial, Helvetica, sans-serif; font-size: small;\"><strong>Technische Daten:<\/strong><\/p>\n<ul style=\"color: rgb(34, 34, 34); font-family: Arial, Helvetica, sans-serif; font-size: small;\">\n<li>Tankmaterial: Edelstahl<\/li>\n<li>W\u00e4rmeisolierung: Polyurethan-Schaum<\/li>\n<li>\u00c4u\u00dferes Verkleidungsmaterial: Verbundmaterial<\/li>\n<li>Tankdruck (Betriebstest): 800 kPa<\/li>\n<li>Maximaler Betriebsdruck: 600 kPa<\/li>\n<li>Elektrisches Element Spannung: 220 Vac \u00b1 10%<\/li>\n<li>Elektrisches Element Leistung: 1200 W (Modell 12)<\/li>\n<li>Ausgangsdurchmesser: 1\/2&#8243;<\/li>\n<\/ul>\n<p style=\"color: rgb(34, 34, 34); font-family: Arial, Helvetica, sans-serif; font-size: small;\">Diese detaillierte \u00dcbersicht hebt die Qualit\u00e4t und Funktionen unserer Nautic Boiler Wassererhitzer hervor und sorgt daf\u00fcr, dass Sie alle notwendigen Informationen haben, um eine informierte Entscheidung zu treffen.<\/p>\n","protected":false},"excerpt":{"rendered":"<p>Warmwasserboiler Quick B3 40lt &#8211; Die Nautic Boiler Wassererhitzer sind fachm\u00e4nnisch f\u00fcr den maritimen Einsatz entwickelt. Sie sind mit einem<\/p>\n","protected":false},"featured_media":5938709,"comment_status":"open","ping_status":"closed","template":"","meta":[],"product_brand":[3280],"product_cat":[1364],"product_tag":[],"class_list":{"0":"post-735297","1":"product","2":"type-product","3":"status-publish","4":"has-post-thumbnail","6":"product_brand-quick-de","7":"product_cat-wasserboiler","9":"first","10":"outofstock","11":"shipping-taxable","12":"purchasable","13":"product-type-simple"},"_links":{"self":[{"href":"https:\/\/stoic-curie.212-227-153-4.plesk.page\/de\/wp-json\/wp\/v2\/product\/735297","targetHints":{"allow":["GET"]}}],"collection":[{"href":"https:\/\/stoic-curie.212-227-153-4.plesk.page\/de\/wp-json\/wp\/v2\/product"}],"about":[{"href":"https:\/\/stoic-curie.212-227-153-4.plesk.page\/de\/wp-json\/wp\/v2\/types\/product"}],"replies":[{"embeddable":true,"href":"https:\/\/stoic-curie.212-227-153-4.plesk.page\/de\/wp-json\/wp\/v2\/comments?post=735297"}],"version-history":[{"count":0,"href":"https:\/\/stoic-curie.212-227-153-4.plesk.page\/de\/wp-json\/wp\/v2\/product\/735297\/revisions"}],"wp:featuredmedia":[{"embeddable":true,"href":"https:\/\/stoic-curie.212-227-153-4.plesk.page\/de\/wp-json\/wp\/v2\/media\/5938709"}],"wp:attachment":[{"href":"https:\/\/stoic-curie.212-227-153-4.plesk.page\/de\/wp-json\/wp\/v2\/media?parent=735297"}],"wp:term":[{"taxonomy":"product_brand","embeddable":true,"href":"https:\/\/stoic-curie.212-227-153-4.plesk.page\/de\/wp-json\/wp\/v2\/product_brand?post=735297"},{"taxonomy":"product_cat","embeddable":true,"href":"https:\/\/stoic-curie.212-227-153-4.plesk.page\/de\/wp-json\/wp\/v2\/product_cat?post=735297"},{"taxonomy":"product_tag","embeddable":true,"href":"https:\/\/stoic-curie.212-227-153-4.plesk.page\/de\/wp-json\/wp\/v2\/product_tag?post=735297"}],"curies":[{"name":"wp","href":"https:\/\/api.w.org\/{rel}","templated":true}]}}