{"id":735298,"date":"2025-03-03T16:26:52","date_gmt":"2025-03-03T15:26:52","guid":{"rendered":"https:\/\/stoic-curie.212-227-153-4.plesk.page\/producto\/warmwasserboiler-quick-bxr20-20lt\/"},"modified":"2026-02-24T23:35:00","modified_gmt":"2026-02-24T23:35:00","slug":"warmwasserboiler-quick-bxr20-20lt","status":"publish","type":"product","link":"https:\/\/stoic-curie.212-227-153-4.plesk.page\/de\/product\/warmwasserboiler-quick-bxr20-20lt\/","title":{"rendered":"Warmwasserboiler Quick BX 20"},"content":{"rendered":"<p>Warmwasserboiler Quick BX 20 &#8211; <\/p>\n<p>Der Nautic Boiler Wasserheizer wurde speziell f\u00fcr den maritimen Einsatz konzipiert. Er kann sowohl an Land als auch mit einem Generator betrieben werden und nutzt einen 1200W-220V elektrischen Widerstand oder gewinnt W\u00e4rme aus dem K\u00fchlkreislauf des Motors durch einen einzigartigen umschlie\u00dfenden W\u00e4rmetauscher. Dieses Ger\u00e4t sorgt daf\u00fcr, dass das Wasser trinkbar bleibt, und ist mit einer Anode ausgestattet, die den Auswirkungen der Elektrolyse entgegenwirkt. Der Beh\u00e4lter besteht aus 316 Edelstahl und ist mit einer isolierten H\u00fclle versehen. Er wird mit einer dreij\u00e4hrigen Garantie geliefert und ben\u00f6tigt ein Mischventil-Kit f\u00fcr die vollst\u00e4ndige Installation.<\/p>\n<p>BX-Serie<\/p>\n<p>Zylindrischer Wasserheizer Merkmale:<\/p>\n<ul>\n<li>\u00c4u\u00dfere Zylinder aus AISI 304 Edelstahl.<\/li>\n<li>Wassertank und Heizelement aus AISI 316L Edelstahl gefertigt.<\/li>\n<li>Wird mit einer Montagehalterung geliefert.<\/li>\n<li>Kann vertikal oder horizontal montiert werden.<\/li>\n<\/ul>\n<p>Schnell Nautic Boiler BX 20<br \/>Kapazit\u00e4t: 20 Liter<br \/>Heizelement: 1200 W &#8211; 220 V<br \/>Abmessungen (Durchmesser x L\u00e4nge): 300 x 500 mm<br \/>Gewicht: 10,9 kg<\/p>\n","protected":false},"excerpt":{"rendered":"<p>Warmwasserboiler Quick BX 20 &#8211; Der Nautic Boiler Wasserheizer wurde speziell f\u00fcr den maritimen Einsatz konzipiert. Er kann sowohl an<\/p>\n","protected":false},"featured_media":5938710,"comment_status":"open","ping_status":"closed","template":"","meta":[],"product_brand":[3280],"product_cat":[1364],"product_tag":[],"class_list":{"0":"post-735298","1":"product","2":"type-product","3":"status-publish","4":"has-post-thumbnail","6":"product_brand-quick-de","7":"product_cat-wasserboiler","9":"first","10":"instock","11":"shipping-taxable","12":"purchasable","13":"product-type-simple"},"_links":{"self":[{"href":"https:\/\/stoic-curie.212-227-153-4.plesk.page\/de\/wp-json\/wp\/v2\/product\/735298","targetHints":{"allow":["GET"]}}],"collection":[{"href":"https:\/\/stoic-curie.212-227-153-4.plesk.page\/de\/wp-json\/wp\/v2\/product"}],"about":[{"href":"https:\/\/stoic-curie.212-227-153-4.plesk.page\/de\/wp-json\/wp\/v2\/types\/product"}],"replies":[{"embeddable":true,"href":"https:\/\/stoic-curie.212-227-153-4.plesk.page\/de\/wp-json\/wp\/v2\/comments?post=735298"}],"version-history":[{"count":0,"href":"https:\/\/stoic-curie.212-227-153-4.plesk.page\/de\/wp-json\/wp\/v2\/product\/735298\/revisions"}],"wp:featuredmedia":[{"embeddable":true,"href":"https:\/\/stoic-curie.212-227-153-4.plesk.page\/de\/wp-json\/wp\/v2\/media\/5938710"}],"wp:attachment":[{"href":"https:\/\/stoic-curie.212-227-153-4.plesk.page\/de\/wp-json\/wp\/v2\/media?parent=735298"}],"wp:term":[{"taxonomy":"product_brand","embeddable":true,"href":"https:\/\/stoic-curie.212-227-153-4.plesk.page\/de\/wp-json\/wp\/v2\/product_brand?post=735298"},{"taxonomy":"product_cat","embeddable":true,"href":"https:\/\/stoic-curie.212-227-153-4.plesk.page\/de\/wp-json\/wp\/v2\/product_cat?post=735298"},{"taxonomy":"product_tag","embeddable":true,"href":"https:\/\/stoic-curie.212-227-153-4.plesk.page\/de\/wp-json\/wp\/v2\/product_tag?post=735298"}],"curies":[{"name":"wp","href":"https:\/\/api.w.org\/{rel}","templated":true}]}}