{"id":735300,"date":"2025-03-03T16:26:52","date_gmt":"2025-03-03T15:26:52","guid":{"rendered":"https:\/\/stoic-curie.212-227-153-4.plesk.page\/producto\/warmwasserboiler-quick-bxr50-50lt\/"},"modified":"2026-02-24T23:35:00","modified_gmt":"2026-02-24T23:35:00","slug":"warmwasserboiler-quick-bxr50-50lt","status":"publish","type":"product","link":"https:\/\/stoic-curie.212-227-153-4.plesk.page\/de\/product\/warmwasserboiler-quick-bxr50-50lt\/","title":{"rendered":"Warmwasserboiler Quick BX 50 50lt"},"content":{"rendered":"<p>Warmwasserboiler Quick BX 50 50lt &#8211; <\/p>\n<p style=\"color: rgb(34, 34, 34); font-family: Arial, Helvetica, sans-serif; font-size: small;\">Wir stellen die BX-Serie zylindrischen Wasserheizer vor, den Nautic Boiler, der speziell f\u00fcr maritime Anwendungen entwickelt wurde.<\/p>\n<p style=\"color: rgb(34, 34, 34); font-family: Arial, Helvetica, sans-serif; font-size: small;\">Dieser vielseitige Heizungsger\u00e4t kann mit Landstrom oder einem Generator betrieben werden und verf\u00fcgt \u00fcber einen elektrischen Widerstand von 1200W-220V. Zus\u00e4tzlich nutzt er einen einzigartigen W\u00e4rmetauscher, der mit dem K\u00fchlkreislauf des Motors verbunden ist, um sicherzustellen, dass das Wasser trinkbar bleibt. Eine Anode ist enthalten, um vor den Auswirkungen der Elektrolyse zu sch\u00fctzen.<\/p>\n<p style=\"color: rgb(34, 34, 34); font-family: Arial, Helvetica, sans-serif; font-size: small;\">Der Tank besteht aus langlebigem 316-Edelstahl und ist zur Effizienz isoliert. Wir bieten eine dreij\u00e4hrige Garantie f\u00fcr Ihre Sicherheit. Bitte beachten Sie, dass dieses Ger\u00e4t mit einem Mischventil-Kit f\u00fcr optimale Leistung kombiniert werden sollte.<\/p>\n<p style=\"color: rgb(34, 34, 34); font-family: Arial, Helvetica, sans-serif; font-size: small;\">Die wichtigsten Spezifikationen sind:<\/p>\n<ul style=\"color: rgb(34, 34, 34); font-family: Arial, Helvetica, sans-serif; font-size: small;\">\n<li>\u00c4u\u00dfere Zylinder: AISI 304 Edelstahl<\/li>\n<li>Wassertank und Heizelement: AISI 316L Edelstahl<\/li>\n<li>Mit einer Montagehalterung und einem thermostatischen Mischventil geliefert<\/li>\n<li>Kann entweder vertikal oder horizontal montiert werden<\/li>\n<\/ul>\n<p style=\"color: rgb(34, 34, 34); font-family: Arial, Helvetica, sans-serif; font-size: small;\">F\u00fcr den Quick Nautic Boiler BX 50:<\/p>\n<ul style=\"color: rgb(34, 34, 34); font-family: Arial, Helvetica, sans-serif; font-size: small;\">\n<li>Kapazit\u00e4t: 50 Liter<\/li>\n<li>Heizelement: 1200W &#8211; 220V<\/li>\n<li>Abmessungen (Durchmesser x L\u00e4nge): 400 x 610 mm<\/li>\n<li>Gewicht: 17,0 kg<\/li>\n<\/ul>\n<p style=\"color: rgb(34, 34, 34); font-family: Arial, Helvetica, sans-serif; font-size: small;\">Dieser Wasserheizer ist eine ausgezeichnete Wahl f\u00fcr Bootsliebhaber, die Zuverl\u00e4ssigkeit und Qualit\u00e4t suchen.<\/p>\n","protected":false},"excerpt":{"rendered":"<p>Warmwasserboiler Quick BX 50 50lt &#8211; Wir stellen die BX-Serie zylindrischen Wasserheizer vor, den Nautic Boiler, der speziell f\u00fcr maritime<\/p>\n","protected":false},"featured_media":5938710,"comment_status":"open","ping_status":"closed","template":"","meta":[],"product_brand":[3280],"product_cat":[1364],"product_tag":[],"class_list":{"0":"post-735300","1":"product","2":"type-product","3":"status-publish","4":"has-post-thumbnail","6":"product_brand-quick-de","7":"product_cat-wasserboiler","9":"first","10":"instock","11":"shipping-taxable","12":"purchasable","13":"product-type-simple"},"_links":{"self":[{"href":"https:\/\/stoic-curie.212-227-153-4.plesk.page\/de\/wp-json\/wp\/v2\/product\/735300","targetHints":{"allow":["GET"]}}],"collection":[{"href":"https:\/\/stoic-curie.212-227-153-4.plesk.page\/de\/wp-json\/wp\/v2\/product"}],"about":[{"href":"https:\/\/stoic-curie.212-227-153-4.plesk.page\/de\/wp-json\/wp\/v2\/types\/product"}],"replies":[{"embeddable":true,"href":"https:\/\/stoic-curie.212-227-153-4.plesk.page\/de\/wp-json\/wp\/v2\/comments?post=735300"}],"version-history":[{"count":0,"href":"https:\/\/stoic-curie.212-227-153-4.plesk.page\/de\/wp-json\/wp\/v2\/product\/735300\/revisions"}],"wp:featuredmedia":[{"embeddable":true,"href":"https:\/\/stoic-curie.212-227-153-4.plesk.page\/de\/wp-json\/wp\/v2\/media\/5938710"}],"wp:attachment":[{"href":"https:\/\/stoic-curie.212-227-153-4.plesk.page\/de\/wp-json\/wp\/v2\/media?parent=735300"}],"wp:term":[{"taxonomy":"product_brand","embeddable":true,"href":"https:\/\/stoic-curie.212-227-153-4.plesk.page\/de\/wp-json\/wp\/v2\/product_brand?post=735300"},{"taxonomy":"product_cat","embeddable":true,"href":"https:\/\/stoic-curie.212-227-153-4.plesk.page\/de\/wp-json\/wp\/v2\/product_cat?post=735300"},{"taxonomy":"product_tag","embeddable":true,"href":"https:\/\/stoic-curie.212-227-153-4.plesk.page\/de\/wp-json\/wp\/v2\/product_tag?post=735300"}],"curies":[{"name":"wp","href":"https:\/\/api.w.org\/{rel}","templated":true}]}}