{"id":735301,"date":"2025-03-03T16:26:53","date_gmt":"2025-03-03T15:26:53","guid":{"rendered":"https:\/\/stoic-curie.212-227-153-4.plesk.page\/producto\/mischventil-fuer-warmwasserbereiter-johnson\/"},"modified":"2026-02-24T23:35:00","modified_gmt":"2026-02-24T23:35:00","slug":"mischventil-fuer-warmwasserbereiter-johnson","status":"publish","type":"product","link":"https:\/\/stoic-curie.212-227-153-4.plesk.page\/de\/product\/mischventil-fuer-warmwasserbereiter-johnson\/","title":{"rendered":"Mischventil f\u00fcr Warmwasserbereiter Johnson"},"content":{"rendered":"<p>Mischventil f\u00fcr Warmwasserbereiter Johnson &#8211; <\/p>\n<p>Der Johnson Marine Boiler Wasserheizer aus 316 Edelstahl ist f\u00fcr den maritimen Einsatz konzipiert. Er funktioniert sowohl am Ufer als auch mit einem Generator bei 500 W-220 V elektrischer Widerstand oder, dank eines speziellen Systems, mit der W\u00e4rme aus dem K\u00fchlkreislauf des Motors. Die verstellbaren Befestigungsf\u00fc\u00dfe bieten eine 360\u00b0-Einstellung f\u00fcr eine einfache Installation.<\/p>\n","protected":false},"excerpt":{"rendered":"<p>Mischventil f\u00fcr Warmwasserbereiter Johnson &#8211; Der Johnson Marine Boiler Wasserheizer aus 316 Edelstahl ist f\u00fcr den maritimen Einsatz konzipiert. Er<\/p>\n","protected":false},"featured_media":5943342,"comment_status":"open","ping_status":"closed","template":"","meta":[],"product_brand":[3045],"product_cat":[1364],"product_tag":[],"class_list":{"0":"post-735301","1":"product","2":"type-product","3":"status-publish","4":"has-post-thumbnail","6":"product_brand-johnson-marine-de","7":"product_cat-wasserboiler","9":"first","10":"instock","11":"shipping-taxable","12":"purchasable","13":"product-type-simple"},"_links":{"self":[{"href":"https:\/\/stoic-curie.212-227-153-4.plesk.page\/de\/wp-json\/wp\/v2\/product\/735301","targetHints":{"allow":["GET"]}}],"collection":[{"href":"https:\/\/stoic-curie.212-227-153-4.plesk.page\/de\/wp-json\/wp\/v2\/product"}],"about":[{"href":"https:\/\/stoic-curie.212-227-153-4.plesk.page\/de\/wp-json\/wp\/v2\/types\/product"}],"replies":[{"embeddable":true,"href":"https:\/\/stoic-curie.212-227-153-4.plesk.page\/de\/wp-json\/wp\/v2\/comments?post=735301"}],"version-history":[{"count":0,"href":"https:\/\/stoic-curie.212-227-153-4.plesk.page\/de\/wp-json\/wp\/v2\/product\/735301\/revisions"}],"wp:featuredmedia":[{"embeddable":true,"href":"https:\/\/stoic-curie.212-227-153-4.plesk.page\/de\/wp-json\/wp\/v2\/media\/5943342"}],"wp:attachment":[{"href":"https:\/\/stoic-curie.212-227-153-4.plesk.page\/de\/wp-json\/wp\/v2\/media?parent=735301"}],"wp:term":[{"taxonomy":"product_brand","embeddable":true,"href":"https:\/\/stoic-curie.212-227-153-4.plesk.page\/de\/wp-json\/wp\/v2\/product_brand?post=735301"},{"taxonomy":"product_cat","embeddable":true,"href":"https:\/\/stoic-curie.212-227-153-4.plesk.page\/de\/wp-json\/wp\/v2\/product_cat?post=735301"},{"taxonomy":"product_tag","embeddable":true,"href":"https:\/\/stoic-curie.212-227-153-4.plesk.page\/de\/wp-json\/wp\/v2\/product_tag?post=735301"}],"curies":[{"name":"wp","href":"https:\/\/api.w.org\/{rel}","templated":true}]}}