{"id":735310,"date":"2025-03-03T16:26:54","date_gmt":"2025-03-03T15:26:54","guid":{"rendered":"https:\/\/stoic-curie.212-227-153-4.plesk.page\/producto\/kuehlschrank-vitrifrigo-c130lax-en-130lt\/"},"modified":"2026-02-24T23:35:00","modified_gmt":"2026-02-24T23:35:00","slug":"kuehlschrank-vitrifrigo-c130lax-en-130lt","status":"publish","type":"product","link":"https:\/\/stoic-curie.212-227-153-4.plesk.page\/de\/product\/kuehlschrank-vitrifrigo-c130lax-en-130lt\/","title":{"rendered":"K\u00fchlschrank Vitrifrigo C130LX"},"content":{"rendered":"<p>K\u00fchlschrank Vitrifrigo C130LX &#8211; <\/p>\n<p style=\"color: rgb(34, 34, 34); font-family: Arial, Helvetica, sans-serif; font-size: small;\">Der Vitrifrigo C130LX OCX2 K\u00fchlschrank-Gefrierkombination aus Edelstahl ist eine hervorragende Wahl f\u00fcr Bootsbesitzer, die eine zuverl\u00e4ssige K\u00fchlungsl\u00f6sung suchen. Dieses Modell verf\u00fcgt \u00fcber eine externe Danfoss-K\u00fchleinheit, die auf 12\/24V arbeitet und eine Fernverbindung von bis zu 2 Metern bietet. Das Design umfasst eine umkehrbare T\u00fcr, die an Ihren Raum angepasst werden kann, sowie eine L\u00fcftungsposition f\u00fcr Zeiten, in denen das Ger\u00e4t nicht verwendet wird.<\/p>\n<p style=\"color: rgb(34, 34, 34); font-family: Arial, Helvetica, sans-serif; font-size: small;\">Ausgestattet mit einem LED-Licht und einem mechanischen Thermostat ist der C130LX OCX2 sowohl f\u00fcr die Standardinstallation als auch f\u00fcr den eingebauten Einsatz mit einer b\u00fcndigen T\u00fcr ausgelegt. Mit einem Gesamtvolumen von 130 Litern bietet dieser K\u00fchlschrank-Gefrierkombination ausreichend Stauraum f\u00fcr Ihre Lebensmittel und Getr\u00e4nke.<\/p>\n<p style=\"color: rgb(34, 34, 34); font-family: Arial, Helvetica, sans-serif; font-size: small;\">Zu den Hauptmerkmalen geh\u00f6ren ein Schnappverschluss an der T\u00fcr, um unbeabsichtigtes \u00d6ffnen zu verhindern, sowie das innovative &#8220;L\u00fcftungsposition&#8221;-System, das in den Griff integriert ist. Dies erm\u00f6glicht eine teilweise T\u00fcr\u00f6ffnung w\u00e4hrend der Nichtbenutzung, was hilft, Schimmelbildung und unerw\u00fcnschte Ger\u00fcche zu vermeiden, sodass Ihre Lebensmittel l\u00e4nger frisch bleiben.<\/p>\n<p style=\"color: rgb(34, 34, 34); font-family: Arial, Helvetica, sans-serif; font-size: small;\">Spezifikationen:<\/p>\n<ul style=\"color: rgb(34, 34, 34); font-family: Arial, Helvetica, sans-serif; font-size: small;\">\n<li>T\u00fcrfinish: Edelstahl<\/li>\n<li>Kapazit\u00e4t: 130 Liter<\/li>\n<li>H\u00f6he: 780 mm<\/li>\n<li>L\u00e4nge: 588 mm<\/li>\n<li>Tiefe: 558 mm<\/li>\n<li>Serie: OCX2<\/li>\n<li>Umkehrbare T\u00fcr: Ja<\/li>\n<li>Thermostat: Mechanisch<\/li>\n<li>K\u00e4ltetechnologie: Kompressor<\/li>\n<li>K\u00fchlelement: Extern<\/li>\n<li>T\u00fcr\u00f6ffnung: Eine Frontt\u00fcr<\/li>\n<li>Spannung: 12\/24 VDC<\/li>\n<\/ul>\n<p style=\"color: rgb(34, 34, 34); font-family: Arial, Helvetica, sans-serif; font-size: small;\">Dieser K\u00fchlschrank-Gefrierkombination ist eine vielseitige und praktische Erg\u00e4nzung f\u00fcr Ihr Boot und bietet zuverl\u00e4ssige K\u00fchlleistung, w\u00e4hrend er ein schlankes und modernes Erscheinungsbild bewahrt.<\/p>\n","protected":false},"excerpt":{"rendered":"<p>K\u00fchlschrank Vitrifrigo C130LX &#8211; Der Vitrifrigo C130LX OCX2 K\u00fchlschrank-Gefrierkombination aus Edelstahl ist eine hervorragende Wahl f\u00fcr Bootsbesitzer, die eine zuverl\u00e4ssige<\/p>\n","protected":false},"featured_media":5943360,"comment_status":"open","ping_status":"closed","template":"","meta":[],"product_brand":[3525],"product_cat":[1464],"product_tag":[],"class_list":{"0":"post-735310","1":"product","2":"type-product","3":"status-publish","4":"has-post-thumbnail","6":"product_brand-vitrifrigo-de","7":"product_cat-kuehlschraenke-und-gefriertruhen","9":"first","10":"instock","11":"shipping-taxable","12":"purchasable","13":"product-type-simple"},"_links":{"self":[{"href":"https:\/\/stoic-curie.212-227-153-4.plesk.page\/de\/wp-json\/wp\/v2\/product\/735310","targetHints":{"allow":["GET"]}}],"collection":[{"href":"https:\/\/stoic-curie.212-227-153-4.plesk.page\/de\/wp-json\/wp\/v2\/product"}],"about":[{"href":"https:\/\/stoic-curie.212-227-153-4.plesk.page\/de\/wp-json\/wp\/v2\/types\/product"}],"replies":[{"embeddable":true,"href":"https:\/\/stoic-curie.212-227-153-4.plesk.page\/de\/wp-json\/wp\/v2\/comments?post=735310"}],"version-history":[{"count":0,"href":"https:\/\/stoic-curie.212-227-153-4.plesk.page\/de\/wp-json\/wp\/v2\/product\/735310\/revisions"}],"wp:featuredmedia":[{"embeddable":true,"href":"https:\/\/stoic-curie.212-227-153-4.plesk.page\/de\/wp-json\/wp\/v2\/media\/5943360"}],"wp:attachment":[{"href":"https:\/\/stoic-curie.212-227-153-4.plesk.page\/de\/wp-json\/wp\/v2\/media?parent=735310"}],"wp:term":[{"taxonomy":"product_brand","embeddable":true,"href":"https:\/\/stoic-curie.212-227-153-4.plesk.page\/de\/wp-json\/wp\/v2\/product_brand?post=735310"},{"taxonomy":"product_cat","embeddable":true,"href":"https:\/\/stoic-curie.212-227-153-4.plesk.page\/de\/wp-json\/wp\/v2\/product_cat?post=735310"},{"taxonomy":"product_tag","embeddable":true,"href":"https:\/\/stoic-curie.212-227-153-4.plesk.page\/de\/wp-json\/wp\/v2\/product_tag?post=735310"}],"curies":[{"name":"wp","href":"https:\/\/api.w.org\/{rel}","templated":true}]}}