{"id":735311,"date":"2025-03-03T16:26:55","date_gmt":"2025-03-03T15:26:55","guid":{"rendered":"https:\/\/stoic-curie.212-227-153-4.plesk.page\/producto\/flache-vitifrigo-verdampfer-pt2-350-x-h250mm-bis-zu-60lt\/"},"modified":"2026-02-24T23:35:00","modified_gmt":"2026-02-24T23:35:00","slug":"flache-vitifrigo-verdampfer-pt2-350-x-h250mm-bis-zu-60lt","status":"publish","type":"product","link":"https:\/\/stoic-curie.212-227-153-4.plesk.page\/de\/product\/flache-vitifrigo-verdampfer-pt2-350-x-h250mm-bis-zu-60lt\/","title":{"rendered":"Flache Vitifrigo-Verdampfer PT2 350 x H250mm bis zu 60lt"},"content":{"rendered":"<p>Flache Vitifrigo-Verdampfer PT2 350 x H250mm bis zu 60lt &#8211; <\/p>\n<p>Flachverdampfer mit 2 Meter Vitri-Typ Schnellk\u00fchleranschl\u00fcssen. Sie k\u00f6nnen gefaltet und an die Form des K\u00fchlraum angepasst werden.<\/p>\n","protected":false},"excerpt":{"rendered":"<p>Flache Vitifrigo-Verdampfer PT2 350 x H250mm bis zu 60lt &#8211; Flachverdampfer mit 2 Meter Vitri-Typ Schnellk\u00fchleranschl\u00fcssen. Sie k\u00f6nnen gefaltet und<\/p>\n","protected":false},"featured_media":5938828,"comment_status":"open","ping_status":"closed","template":"","meta":[],"product_brand":[3525],"product_cat":[1464],"product_tag":[],"class_list":{"0":"post-735311","1":"product","2":"type-product","3":"status-publish","4":"has-post-thumbnail","6":"product_brand-vitrifrigo-de","7":"product_cat-kuehlschraenke-und-gefriertruhen","9":"first","10":"instock","11":"shipping-taxable","12":"purchasable","13":"product-type-simple"},"_links":{"self":[{"href":"https:\/\/stoic-curie.212-227-153-4.plesk.page\/de\/wp-json\/wp\/v2\/product\/735311","targetHints":{"allow":["GET"]}}],"collection":[{"href":"https:\/\/stoic-curie.212-227-153-4.plesk.page\/de\/wp-json\/wp\/v2\/product"}],"about":[{"href":"https:\/\/stoic-curie.212-227-153-4.plesk.page\/de\/wp-json\/wp\/v2\/types\/product"}],"replies":[{"embeddable":true,"href":"https:\/\/stoic-curie.212-227-153-4.plesk.page\/de\/wp-json\/wp\/v2\/comments?post=735311"}],"version-history":[{"count":0,"href":"https:\/\/stoic-curie.212-227-153-4.plesk.page\/de\/wp-json\/wp\/v2\/product\/735311\/revisions"}],"wp:featuredmedia":[{"embeddable":true,"href":"https:\/\/stoic-curie.212-227-153-4.plesk.page\/de\/wp-json\/wp\/v2\/media\/5938828"}],"wp:attachment":[{"href":"https:\/\/stoic-curie.212-227-153-4.plesk.page\/de\/wp-json\/wp\/v2\/media?parent=735311"}],"wp:term":[{"taxonomy":"product_brand","embeddable":true,"href":"https:\/\/stoic-curie.212-227-153-4.plesk.page\/de\/wp-json\/wp\/v2\/product_brand?post=735311"},{"taxonomy":"product_cat","embeddable":true,"href":"https:\/\/stoic-curie.212-227-153-4.plesk.page\/de\/wp-json\/wp\/v2\/product_cat?post=735311"},{"taxonomy":"product_tag","embeddable":true,"href":"https:\/\/stoic-curie.212-227-153-4.plesk.page\/de\/wp-json\/wp\/v2\/product_tag?post=735311"}],"curies":[{"name":"wp","href":"https:\/\/api.w.org\/{rel}","templated":true}]}}