{"id":735314,"date":"2025-03-03T16:26:55","date_gmt":"2025-03-03T15:26:55","guid":{"rendered":"https:\/\/stoic-curie.212-227-153-4.plesk.page\/producto\/uflex-elektrische-federlifte-mod-av-24v-l677\/"},"modified":"2026-02-24T23:35:00","modified_gmt":"2026-02-24T23:35:00","slug":"uflex-elektrische-federlifte-mod-av-24v-l677","status":"publish","type":"product","link":"https:\/\/stoic-curie.212-227-153-4.plesk.page\/de\/product\/uflex-elektrische-federlifte-mod-av-24v-l677\/","title":{"rendered":"Uflex AV 3024 Elektrische Federlifte 24V L677"},"content":{"rendered":"<p>Uflex AV 3024 Elektrische Federlifte 24V L677 &#8211; <\/p>\n<p style=\"color: rgb(34, 34, 34); font-family: Arial, Helvetica, sans-serif; font-size: small;\">Die AV-Hubbeschl\u00e4ge sind elektromechanische Systeme, die f\u00fcr den maritimen Einsatz auf Freizeitbooten konzipiert sind. Sie erleichtern das \u00d6ffnen und Schlie\u00dfen gro\u00dfer Motorluken, Spitzenbeh\u00e4ltern, Lukentr\u00e4gern und \u00e4hnlichen Bauteilen. Mit nur einem Tastendruck k\u00f6nnen Sie die Luke von vollst\u00e4ndig geschlossen bis vollst\u00e4ndig ge\u00f6ffnet bewegen. Eine interne Selbstverriegelungsfunktion h\u00e4lt die Luke sicher an ihrem Platz und verhindert unbeabsichtigte Schlie\u00dfungen. Diese leichten linearen elektrischen Hubfedern f\u00fcr Luken k\u00f6nnen als Standalone-Einheiten eingerichtet werden.<\/p>\n<p style=\"color: rgb(34, 34, 34); font-family: Arial, Helvetica, sans-serif; font-size: small;\">Sie eignen sich hervorragend f\u00fcr den Zugang zu Decksluken und T\u00fcren im Maschinenraum und erm\u00f6glichen auch teilweise \u00d6ffnungen. Mit einer IP65-Wasserdichtigkeit und einer Welle aus rostfreiem Stahl k\u00f6nnen diese Hebevorrichtungen eine maximale Last von 120 kg unterst\u00fctzen. Sie ben\u00f6tigen ein Relais und einen Schalter zum \u00d6ffnen und Schlie\u00dfen.<\/p>\n<p style=\"color: rgb(34, 34, 34); font-family: Arial, Helvetica, sans-serif; font-size: small;\">Bei einem Stromausfall erm\u00f6glicht eine Notfallfunktion die manuelle Bedienung.<\/p>\n<p style=\"color: rgb(34, 34, 34); font-family: Arial, Helvetica, sans-serif; font-size: small;\"><strong>Technische Spezifikationen<\/strong><\/p>\n<p style=\"color: rgb(34, 34, 34); font-family: Arial, Helvetica, sans-serif; font-size: small;\">Die AV-Hub-Lifter k\u00f6nnen einzeln oder in einer Zwillingszylinderanordnung f\u00fcr schwerere Lasten eingerichtet werden.<\/p>\n<ul style=\"color: rgb(34, 34, 34); font-family: Arial, Helvetica, sans-serif; font-size: small;\">\n<li>Maximale Last f\u00fcr Einzelinstallationen: 1200N (120 kg \/ 265 lbs)<\/li>\n<li>Maximale Last f\u00fcr Dualinstallationen: 2400N (240 kg \/ 529 lbs)<\/li>\n<li>Maximale Lastgrenzen nicht \u00fcberschreiten.<\/li>\n<li>Kommt mit allen notwendigen Montagematerialien.<\/li>\n<li>Verf\u00fcgt \u00fcber einen teleskopischen Rahmen aus rostfreiem Stahl f\u00fcr manuelle Verwendung in Notf\u00e4llen.<\/li>\n<li>Hat eine Sicherung, um \u00dcberlastung zu verhindern, und ein elektronisches Stopp an beiden Enden.<\/li>\n<li>Bewertet IP65 f\u00fcr Staub- und Feuchtigkeitsschutz.<\/li>\n<li>Geschwindigkeit: 25 mm\/Sekunde ohne Last; 17 mm\/Sekunde bei maximaler Last.<\/li>\n<li>Stromverbrauch f\u00fcr Einzelinstallationen: 10A bei 12V, 5A bei 24V.<\/li>\n<li>Stromverbrauch f\u00fcr Dualinstallationen: 20A bei 12V, 10A bei 24V.<\/li>\n<li>Au\u00dfendurchmesser: 48 mm (1,9&#8243;).<\/li>\n<\/ul>\n<p style=\"color: rgb(34, 34, 34); font-family: Arial, Helvetica, sans-serif; font-size: small;\"><strong>Verf\u00fcgbare Modelle<\/strong><\/p>\n<table style=\"color: rgb(34, 34, 34); font-family: Arial, Helvetica, sans-serif; font-size: small;\">\n<thead>\n<tr>\n<th>Modell<\/th>\n<th>SKU<\/th>\n<th>Spannung<\/th>\n<th>Hubh\u00f6he<\/th>\n<th>L\u00e4nge A (vollst\u00e4ndig geschlossener Aktuator)<\/th>\n<th>Au\u00dfendurchmesser<\/th>\n<\/tr>\n<\/thead>\n<tbody>\n<tr>\n<td style=\"margin: 0px;\">AV 3012<\/td>\n<td style=\"margin: 0px;\">40671C<\/td>\n<td style=\"margin: 0px;\">12V DC<\/td>\n<td style=\"margin: 0px;\">300 mm (12\u201c)<\/td>\n<td style=\"margin: 0px;\">677 mm (26,6\u201c)<\/td>\n<td style=\"margin: 0px;\">48 mm (1,9\u201c)<\/td>\n<\/tr>\n<tr>\n<td style=\"margin: 0px;\">AV 3024<\/td>\n<td style=\"margin: 0px;\">40672E<\/td>\n<td style=\"margin: 0px;\">24V DC<\/td>\n<td style=\"margin: 0px;\">300 mm (12\u201c)<\/td>\n<td style=\"margin: 0px;\">677 mm (26,6\u201c)<\/td>\n<td style=\"margin: 0px;\">48 mm (1,9\u201c)<\/td>\n<\/tr>\n<tr>\n<td style=\"margin: 0px;\">AV 4512<\/td>\n<td style=\"margin: 0px;\">40582D<\/td>\n<td style=\"margin: 0px;\">12V DC<\/td>\n<td style=\"margin: 0px;\">450 mm (18\u201c)<\/td>\n<td style=\"margin: 0px;\">827 mm (32,5\u201c)<\/td>\n<td style=\"margin: 0px;\">48 mm (1,9\u201c)<\/td>\n<\/tr>\n<tr>\n<td style=\"margin: 0px;\">AV 4524<\/td>\n<td style=\"margin: 0px;\">40583F<\/td>\n<td style=\"margin: 0px;\">24V DC<\/td>\n<td style=\"margin: 0px;\">450 mm (18\u201c)<\/td>\n<td style=\"margin: 0px;\">827 mm (32,5\u201c)<\/td>\n<td style=\"margin: 0px;\">48 mm (1,9\u201c)<\/td>\n<\/tr>\n<tr>\n<td style=\"margin: 0px;\">AV 6012<\/td>\n<td style=\"margin: 0px;\">40584H<\/td>\n<td style=\"margin: 0px;\">12V DC<\/td>\n<td style=\"margin: 0px;\">600 mm (24\u201c)<\/td>\n<td style=\"margin: 0px;\">977 mm (38,4\u201c)<\/td>\n<td style=\"margin: 0px;\">48 mm (1,9\u201c)<\/td>\n<\/tr>\n<tr>\n<td style=\"margin: 0px;\">AV 6024<\/td>\n<td style=\"margin: 0px;\">40585K<\/td>\n<td style=\"margin: 0px;\">24V DC<\/td>\n<td style=\"margin: 0px;\">600 mm (24\u201c)<\/td>\n<td style=\"margin: 0px;\">977 mm (38,4\u201c)<\/td>\n<td style=\"margin: 0px;\">48 mm (1,9\u201c)<\/td>\n<\/tr>\n<\/tbody>\n<\/table>\n","protected":false},"excerpt":{"rendered":"<p>Uflex AV 3024 Elektrische Federlifte 24V L677 &#8211; Die AV-Hubbeschl\u00e4ge sind elektromechanische Systeme, die f\u00fcr den maritimen Einsatz auf Freizeitbooten<\/p>\n","protected":false},"featured_media":5938848,"comment_status":"open","ping_status":"closed","template":"","meta":[],"product_brand":[3500],"product_cat":[1401],"product_tag":[],"class_list":{"0":"post-735314","1":"product","2":"type-product","3":"status-publish","4":"has-post-thumbnail","6":"product_brand-ultraflex-uflex-de","7":"product_cat-gasdruckfedern-fuer-luken","9":"first","10":"instock","11":"shipping-taxable","12":"purchasable","13":"product-type-simple"},"_links":{"self":[{"href":"https:\/\/stoic-curie.212-227-153-4.plesk.page\/de\/wp-json\/wp\/v2\/product\/735314","targetHints":{"allow":["GET"]}}],"collection":[{"href":"https:\/\/stoic-curie.212-227-153-4.plesk.page\/de\/wp-json\/wp\/v2\/product"}],"about":[{"href":"https:\/\/stoic-curie.212-227-153-4.plesk.page\/de\/wp-json\/wp\/v2\/types\/product"}],"replies":[{"embeddable":true,"href":"https:\/\/stoic-curie.212-227-153-4.plesk.page\/de\/wp-json\/wp\/v2\/comments?post=735314"}],"version-history":[{"count":0,"href":"https:\/\/stoic-curie.212-227-153-4.plesk.page\/de\/wp-json\/wp\/v2\/product\/735314\/revisions"}],"wp:featuredmedia":[{"embeddable":true,"href":"https:\/\/stoic-curie.212-227-153-4.plesk.page\/de\/wp-json\/wp\/v2\/media\/5938848"}],"wp:attachment":[{"href":"https:\/\/stoic-curie.212-227-153-4.plesk.page\/de\/wp-json\/wp\/v2\/media?parent=735314"}],"wp:term":[{"taxonomy":"product_brand","embeddable":true,"href":"https:\/\/stoic-curie.212-227-153-4.plesk.page\/de\/wp-json\/wp\/v2\/product_brand?post=735314"},{"taxonomy":"product_cat","embeddable":true,"href":"https:\/\/stoic-curie.212-227-153-4.plesk.page\/de\/wp-json\/wp\/v2\/product_cat?post=735314"},{"taxonomy":"product_tag","embeddable":true,"href":"https:\/\/stoic-curie.212-227-153-4.plesk.page\/de\/wp-json\/wp\/v2\/product_tag?post=735314"}],"curies":[{"name":"wp","href":"https:\/\/api.w.org\/{rel}","templated":true}]}}