{"id":735319,"date":"2025-03-03T16:26:56","date_gmt":"2025-03-03T15:26:56","guid":{"rendered":"https:\/\/stoic-curie.212-227-153-4.plesk.page\/producto\/bilgenpumpe-rule-l-1500gph-24v\/"},"modified":"2026-02-24T23:35:00","modified_gmt":"2026-02-24T23:35:00","slug":"bilgenpumpe-rule-l-1500gph-24v","status":"publish","type":"product","link":"https:\/\/stoic-curie.212-227-153-4.plesk.page\/de\/product\/bilgenpumpe-rule-l-1500gph-24v\/","title":{"rendered":"Bilgenpumpe Rule L 1500gph 24V"},"content":{"rendered":"<p>Bilgenpumpe Rule L 1500gph 24V &#8211; <\/p>\n<p>Die Rule L Tauchdruckpumpe mit gro\u00dfer Kapazit\u00e4t und Widerstandsf\u00e4higkeit.<\/p>\n","protected":false},"excerpt":{"rendered":"<p>Bilgenpumpe Rule L 1500gph 24V &#8211; Die Rule L Tauchdruckpumpe mit gro\u00dfer Kapazit\u00e4t und Widerstandsf\u00e4higkeit.<\/p>\n","protected":false},"featured_media":5943366,"comment_status":"open","ping_status":"closed","template":"","meta":[],"product_brand":[3325],"product_cat":[1372],"product_tag":[],"class_list":{"0":"post-735319","1":"product","2":"type-product","3":"status-publish","4":"has-post-thumbnail","6":"product_brand-rule-de","7":"product_cat-elektrische-bilgepumpen","9":"first","10":"instock","11":"shipping-taxable","12":"purchasable","13":"product-type-simple"},"_links":{"self":[{"href":"https:\/\/stoic-curie.212-227-153-4.plesk.page\/de\/wp-json\/wp\/v2\/product\/735319","targetHints":{"allow":["GET"]}}],"collection":[{"href":"https:\/\/stoic-curie.212-227-153-4.plesk.page\/de\/wp-json\/wp\/v2\/product"}],"about":[{"href":"https:\/\/stoic-curie.212-227-153-4.plesk.page\/de\/wp-json\/wp\/v2\/types\/product"}],"replies":[{"embeddable":true,"href":"https:\/\/stoic-curie.212-227-153-4.plesk.page\/de\/wp-json\/wp\/v2\/comments?post=735319"}],"version-history":[{"count":0,"href":"https:\/\/stoic-curie.212-227-153-4.plesk.page\/de\/wp-json\/wp\/v2\/product\/735319\/revisions"}],"wp:featuredmedia":[{"embeddable":true,"href":"https:\/\/stoic-curie.212-227-153-4.plesk.page\/de\/wp-json\/wp\/v2\/media\/5943366"}],"wp:attachment":[{"href":"https:\/\/stoic-curie.212-227-153-4.plesk.page\/de\/wp-json\/wp\/v2\/media?parent=735319"}],"wp:term":[{"taxonomy":"product_brand","embeddable":true,"href":"https:\/\/stoic-curie.212-227-153-4.plesk.page\/de\/wp-json\/wp\/v2\/product_brand?post=735319"},{"taxonomy":"product_cat","embeddable":true,"href":"https:\/\/stoic-curie.212-227-153-4.plesk.page\/de\/wp-json\/wp\/v2\/product_cat?post=735319"},{"taxonomy":"product_tag","embeddable":true,"href":"https:\/\/stoic-curie.212-227-153-4.plesk.page\/de\/wp-json\/wp\/v2\/product_tag?post=735319"}],"curies":[{"name":"wp","href":"https:\/\/api.w.org\/{rel}","templated":true}]}}