{"id":735328,"date":"2025-03-03T16:27:40","date_gmt":"2025-03-03T15:27:40","guid":{"rendered":"https:\/\/stoic-curie.212-227-153-4.plesk.page\/producto\/selbstansaugende-pumpe-ocean-24v-45-l-minute\/"},"modified":"2026-02-24T23:35:00","modified_gmt":"2026-02-24T23:35:00","slug":"selbstansaugende-pumpe-ocean-24v-45-l-minute","status":"publish","type":"product","link":"https:\/\/stoic-curie.212-227-153-4.plesk.page\/de\/product\/selbstansaugende-pumpe-ocean-24v-45-l-minute\/","title":{"rendered":"Selbstansaugende Pumpe Ocean 24V 45 l\/Minute"},"content":{"rendered":"<p>Selbstansaugende Pumpe Ocean 24V 45 l\/Minute &#8211; <\/p>\n<p>Selbstansaughende Pumpe mit Ocean Nitril-Laufrad und Messingpumpenkopf. Ideal f\u00fcr S\u00fc\u00dfwasser, Salzwasser und Bilgenpumpen.<\/p>\n","protected":false},"excerpt":{"rendered":"<p>Selbstansaugende Pumpe Ocean 24V 45 l\/Minute &#8211; Selbstansaughende Pumpe mit Ocean Nitril-Laufrad und Messingpumpenkopf. Ideal f\u00fcr S\u00fc\u00dfwasser, Salzwasser und Bilgenpumpen.<\/p>\n","protected":false},"featured_media":5939006,"comment_status":"open","ping_status":"closed","template":"","meta":[],"product_brand":[3140],"product_cat":[1384],"product_tag":[],"class_list":{"0":"post-735328","1":"product","2":"type-product","3":"status-publish","4":"has-post-thumbnail","6":"product_brand-matromarine-de","7":"product_cat-wasserkreislaufpumpen","9":"first","10":"instock","11":"shipping-taxable","12":"purchasable","13":"product-type-simple"},"_links":{"self":[{"href":"https:\/\/stoic-curie.212-227-153-4.plesk.page\/de\/wp-json\/wp\/v2\/product\/735328","targetHints":{"allow":["GET"]}}],"collection":[{"href":"https:\/\/stoic-curie.212-227-153-4.plesk.page\/de\/wp-json\/wp\/v2\/product"}],"about":[{"href":"https:\/\/stoic-curie.212-227-153-4.plesk.page\/de\/wp-json\/wp\/v2\/types\/product"}],"replies":[{"embeddable":true,"href":"https:\/\/stoic-curie.212-227-153-4.plesk.page\/de\/wp-json\/wp\/v2\/comments?post=735328"}],"version-history":[{"count":0,"href":"https:\/\/stoic-curie.212-227-153-4.plesk.page\/de\/wp-json\/wp\/v2\/product\/735328\/revisions"}],"wp:featuredmedia":[{"embeddable":true,"href":"https:\/\/stoic-curie.212-227-153-4.plesk.page\/de\/wp-json\/wp\/v2\/media\/5939006"}],"wp:attachment":[{"href":"https:\/\/stoic-curie.212-227-153-4.plesk.page\/de\/wp-json\/wp\/v2\/media?parent=735328"}],"wp:term":[{"taxonomy":"product_brand","embeddable":true,"href":"https:\/\/stoic-curie.212-227-153-4.plesk.page\/de\/wp-json\/wp\/v2\/product_brand?post=735328"},{"taxonomy":"product_cat","embeddable":true,"href":"https:\/\/stoic-curie.212-227-153-4.plesk.page\/de\/wp-json\/wp\/v2\/product_cat?post=735328"},{"taxonomy":"product_tag","embeddable":true,"href":"https:\/\/stoic-curie.212-227-153-4.plesk.page\/de\/wp-json\/wp\/v2\/product_tag?post=735328"}],"curies":[{"name":"wp","href":"https:\/\/api.w.org\/{rel}","templated":true}]}}