{"id":735329,"date":"2025-03-03T16:27:41","date_gmt":"2025-03-03T15:27:41","guid":{"rendered":"https:\/\/stoic-curie.212-227-153-4.plesk.page\/producto\/kit-deluxe-johnson-aquajet-5-2-24v\/"},"modified":"2026-02-24T23:35:00","modified_gmt":"2026-02-24T23:35:00","slug":"kit-deluxe-johnson-aquajet-5-2-24v","status":"publish","type":"product","link":"https:\/\/stoic-curie.212-227-153-4.plesk.page\/de\/product\/kit-deluxe-johnson-aquajet-5-2-24v\/","title":{"rendered":"Kit Deluxe Johnson AquaJet 5.2 24V"},"content":{"rendered":"<p>Kit Deluxe Johnson AquaJet 5.2 24V &#8211; <\/p>\n<p>Das Aqua Jet 5.2 Pumpen-Kit ist komplett mit Pistolend\u00fcse, Schl\u00e4uchen, Bedienteil und Zubeh\u00f6r ausgestattet. Ideal zum Reinigen von Decks, Booten, Maschinenr\u00e4umen, Autos usw.<\/p>\n","protected":false},"excerpt":{"rendered":"<p>Kit Deluxe Johnson AquaJet 5.2 24V &#8211; Das Aqua Jet 5.2 Pumpen-Kit ist komplett mit Pistolend\u00fcse, Schl\u00e4uchen, Bedienteil und Zubeh\u00f6r<\/p>\n","protected":false},"featured_media":5939026,"comment_status":"open","ping_status":"closed","template":"","meta":[],"product_brand":[3045],"product_cat":[1361],"product_tag":[],"class_list":{"0":"post-735329","1":"product","2":"type-product","3":"status-publish","4":"has-post-thumbnail","6":"product_brand-johnson-marine-de","7":"product_cat-bootsreinigungspumpen","9":"first","10":"instock","11":"shipping-taxable","12":"purchasable","13":"product-type-simple"},"_links":{"self":[{"href":"https:\/\/stoic-curie.212-227-153-4.plesk.page\/de\/wp-json\/wp\/v2\/product\/735329","targetHints":{"allow":["GET"]}}],"collection":[{"href":"https:\/\/stoic-curie.212-227-153-4.plesk.page\/de\/wp-json\/wp\/v2\/product"}],"about":[{"href":"https:\/\/stoic-curie.212-227-153-4.plesk.page\/de\/wp-json\/wp\/v2\/types\/product"}],"replies":[{"embeddable":true,"href":"https:\/\/stoic-curie.212-227-153-4.plesk.page\/de\/wp-json\/wp\/v2\/comments?post=735329"}],"version-history":[{"count":0,"href":"https:\/\/stoic-curie.212-227-153-4.plesk.page\/de\/wp-json\/wp\/v2\/product\/735329\/revisions"}],"wp:featuredmedia":[{"embeddable":true,"href":"https:\/\/stoic-curie.212-227-153-4.plesk.page\/de\/wp-json\/wp\/v2\/media\/5939026"}],"wp:attachment":[{"href":"https:\/\/stoic-curie.212-227-153-4.plesk.page\/de\/wp-json\/wp\/v2\/media?parent=735329"}],"wp:term":[{"taxonomy":"product_brand","embeddable":true,"href":"https:\/\/stoic-curie.212-227-153-4.plesk.page\/de\/wp-json\/wp\/v2\/product_brand?post=735329"},{"taxonomy":"product_cat","embeddable":true,"href":"https:\/\/stoic-curie.212-227-153-4.plesk.page\/de\/wp-json\/wp\/v2\/product_cat?post=735329"},{"taxonomy":"product_tag","embeddable":true,"href":"https:\/\/stoic-curie.212-227-153-4.plesk.page\/de\/wp-json\/wp\/v2\/product_tag?post=735329"}],"curies":[{"name":"wp","href":"https:\/\/api.w.org\/{rel}","templated":true}]}}