{"id":735330,"date":"2025-03-03T16:27:41","date_gmt":"2025-03-03T15:27:41","guid":{"rendered":"https:\/\/stoic-curie.212-227-153-4.plesk.page\/producto\/wasserversorgungssystem-cem-zentrifugalpumpe-35-l-min-12v\/"},"modified":"2026-02-24T23:35:00","modified_gmt":"2026-02-24T23:35:00","slug":"wasserversorgungssystem-cem-zentrifugalpumpe-35-l-min-12v","status":"publish","type":"product","link":"https:\/\/stoic-curie.212-227-153-4.plesk.page\/de\/product\/wasserversorgungssystem-cem-zentrifugalpumpe-35-l-min-12v\/","title":{"rendered":"Zentrifugalpumpe CEM CMG PB 35 12V"},"content":{"rendered":"<p>Zentrifugalpumpe CEM CMG PB 35 12V &#8211; <\/p>\n<p>Die Zentrifugalpumpe CEM CMG PB 35 12V ist mit einem robusten Bronze-Rad ausgestattet, das sorgf\u00e4ltig entworfen wurde, um hohen Druck f\u00fcr eine Vielzahl von Anwendungen zu erzeugen. Diese vielseitige Pumpe eignet sich besonders gut f\u00fcr Reinigungsaufgaben, weshalb sie eine hervorragende Wahl f\u00fcr die Wartung von Decks, Ketten und Bilgen darstellt. Egal, ob sie in S\u00fc\u00df- oder Salzwasserumgebungen eingesetzt wird, arbeitet diese Pumpe effizient und gew\u00e4hrleistet zuverl\u00e4ssige Leistung in unterschiedlichen Einstellungen. Es ist wichtig zu beachten, dass ein R\u00fcckschlagventil erforderlich ist, um optimale Leistung und Sicherheit w\u00e4hrend des Betriebs dieser Pumpe zu gew\u00e4hrleisten.<\/p>\n","protected":false},"excerpt":{"rendered":"<p>Zentrifugalpumpe CEM CMG PB 35 12V &#8211; Die Zentrifugalpumpe CEM CMG PB 35 12V ist mit einem robusten Bronze-Rad ausgestattet,<\/p>\n","protected":false},"featured_media":5939036,"comment_status":"open","ping_status":"closed","template":"","meta":[],"product_brand":[2975],"product_cat":[1373],"product_tag":[],"class_list":{"0":"post-735330","1":"product","2":"type-product","3":"status-publish","4":"has-post-thumbnail","6":"product_brand-gianneschi-de","7":"product_cat-wasserdruckpumpen","9":"first","10":"instock","11":"shipping-taxable","12":"purchasable","13":"product-type-simple"},"_links":{"self":[{"href":"https:\/\/stoic-curie.212-227-153-4.plesk.page\/de\/wp-json\/wp\/v2\/product\/735330","targetHints":{"allow":["GET"]}}],"collection":[{"href":"https:\/\/stoic-curie.212-227-153-4.plesk.page\/de\/wp-json\/wp\/v2\/product"}],"about":[{"href":"https:\/\/stoic-curie.212-227-153-4.plesk.page\/de\/wp-json\/wp\/v2\/types\/product"}],"replies":[{"embeddable":true,"href":"https:\/\/stoic-curie.212-227-153-4.plesk.page\/de\/wp-json\/wp\/v2\/comments?post=735330"}],"version-history":[{"count":0,"href":"https:\/\/stoic-curie.212-227-153-4.plesk.page\/de\/wp-json\/wp\/v2\/product\/735330\/revisions"}],"wp:featuredmedia":[{"embeddable":true,"href":"https:\/\/stoic-curie.212-227-153-4.plesk.page\/de\/wp-json\/wp\/v2\/media\/5939036"}],"wp:attachment":[{"href":"https:\/\/stoic-curie.212-227-153-4.plesk.page\/de\/wp-json\/wp\/v2\/media?parent=735330"}],"wp:term":[{"taxonomy":"product_brand","embeddable":true,"href":"https:\/\/stoic-curie.212-227-153-4.plesk.page\/de\/wp-json\/wp\/v2\/product_brand?post=735330"},{"taxonomy":"product_cat","embeddable":true,"href":"https:\/\/stoic-curie.212-227-153-4.plesk.page\/de\/wp-json\/wp\/v2\/product_cat?post=735330"},{"taxonomy":"product_tag","embeddable":true,"href":"https:\/\/stoic-curie.212-227-153-4.plesk.page\/de\/wp-json\/wp\/v2\/product_tag?post=735330"}],"curies":[{"name":"wp","href":"https:\/\/api.w.org\/{rel}","templated":true}]}}