{"id":735332,"date":"2025-03-03T16:27:41","date_gmt":"2025-03-03T15:27:41","guid":{"rendered":"https:\/\/stoic-curie.212-227-153-4.plesk.page\/producto\/frischwasser-drucksystem-cem-24v-35lt-m-mit-epc\/"},"modified":"2026-02-24T23:35:00","modified_gmt":"2026-02-24T23:35:00","slug":"frischwasser-drucksystem-cem-24v-35lt-m-mit-epc","status":"publish","type":"product","link":"https:\/\/stoic-curie.212-227-153-4.plesk.page\/de\/product\/frischwasser-drucksystem-cem-24v-35lt-m-mit-epc\/","title":{"rendered":"Frischwasser-Drucksystem CEM PB 24v &#8211; 35 l\/min mit EPC"},"content":{"rendered":"<p>Frischwasser-Drucksystem CEM PB 24v &#8211; 35 l\/min mit EPC &#8211; <\/p>\n<p style=\"color: rgb(34, 34, 34); font-family: Arial, Helvetica, sans-serif; font-size: small;\"><strong>\u00dcbersicht der EPC-Wasser Drucksysteme<\/strong><\/p>\n<p style=\"color: rgb(34, 34, 34); font-family: Arial, Helvetica, sans-serif; font-size: small;\">Das EPC (Elektronische Druckregelung) Frischwasserdrucksystem verf\u00fcgt \u00fcber automatische Start- und Stoppsteuerungen. Die Pumpe stellt den Betrieb ein, wenn kein Wasser vorhanden ist, und setzt ihn fort, sobald wieder Wasser erkannt wird. Dieses System ist f\u00fcr Boote von 13 bis 25 Metern geeignet und umfasst eine Bronze-Pumpe und einen Impeller.<\/p>\n<p style=\"color: rgb(34, 34, 34); font-family: Arial, Helvetica, sans-serif; font-size: small;\">Die EPC-Wasserdrucksysteme sind sowohl f\u00fcr S\u00fc\u00df- als auch f\u00fcr Salzwasser ausgelegt und finden breite Anwendung in der Schifffahrtsindustrie. Sie sorgen f\u00fcr einen gleichm\u00e4\u00dfigen Wasserdruck f\u00fcr verschiedene Bordger\u00e4te, darunter Duschen, Waschbecken und Toiletten.<\/p>\n<p style=\"color: rgb(34, 34, 34); font-family: Arial, Helvetica, sans-serif; font-size: small;\"><strong>Einf\u00fchrung der EPC-Wasserdrucksysteme<\/strong><\/p>\n<p style=\"color: rgb(34, 34, 34); font-family: Arial, Helvetica, sans-serif; font-size: small;\">Die EPC-Einheit arbeitet leiser als traditionelle mechanische Schalter, da sie einen schwimmenden Mechanismus integriert, der die Schlagwirkung des Impellers d\u00e4mpft. Die Druckeinstellungen zum Starten und Stoppen der Pumpe sind werkseitig voreingestellt, sodass keine Anpassungen nach der Installation vorgenommen werden k\u00f6nnen. Es bietet jedoch einen Trockenlaufschutz.<\/p>\n<p style=\"color: rgb(34, 34, 34); font-family: Arial, Helvetica, sans-serif; font-size: small;\">Dieses Design erm\u00f6glicht einen kleineren Akkumulator, was es zu einer ausgezeichneten Wahl f\u00fcr Schiffe mit begrenztem Platz macht. Bitte beachten Sie, dass das EPC-System nicht mit Drehstrommotoren kompatibel ist, was eine Einschr\u00e4nkung f\u00fcr einige Boote darstellen kann. Ein Akkumulator wird ebenfalls empfohlen, da er Druck im System speichern und verhindern kann, dass der Motor h\u00e4ufig bei niedrigen Druckverh\u00e4ltnissen geschaltet wird.<\/p>\n<p style=\"color: rgb(34, 34, 34); font-family: Arial, Helvetica, sans-serif; font-size: small;\"><strong>Details zum Betrieb der EPC-Wasserdrucksysteme<\/strong><\/p>\n<p style=\"color: rgb(34, 34, 34); font-family: Arial, Helvetica, sans-serif; font-size: small;\">C.E.M. stellt Wasserdrucksysteme her, die das EPC-Elektroniksteuersystem verwenden, das f\u00fcr die automatische Pumpensteuerung konzipiert ist. Das EPC verwaltet automatisch die Start- und Stopffunktionen der Pumpe, wenn der Druck abf\u00e4llt oder wenn die Wasserzufuhr unterbrochen wird. Dieses System bietet mehrere Vorteile:<\/p>\n<ul style=\"color: rgb(34, 34, 34); font-family: Arial, Helvetica, sans-serif; font-size: small;\">\n<li>Die Pumpe stoppt automatisch, wenn die Wasserversorgung aufh\u00f6rt, und verhindert sch\u00e4dliches Trockenlaufen.<\/li>\n<li>Kontinuierliche \u00dcberwachung des Betriebs durch Warnleuchten:\n<ul>\n<li>Gr\u00fcnes Licht \u201cBetrieb\u201d zeigt an, dass die Pumpe l\u00e4uft.<\/li>\n<li>Rotes Licht \u201cFehler\u201d signalisiert, dass die Pumpe aufgrund eines Problems (z.B. Wassermangel) abgeschaltet ist.<\/li>\n<\/ul>\n<\/li>\n<li>H\u00e4lt den Druck w\u00e4hrend der Wasserversorgung konstant.<\/li>\n<li>Kleinere Gesamtma\u00dfe im Vergleich zu herk\u00f6mmlichen Wasserdrucksystemen mit Tanks.<\/li>\n<\/ul>\n<p style=\"color: rgb(34, 34, 34); font-family: Arial, Helvetica, sans-serif; font-size: small;\">Wenn die Pumpe aufgrund eines Wassermangels stoppt, wird das EPC-Ger\u00e4t in regelm\u00e4\u00dfigen Abst\u00e4nden kurze Starts versuchen, um die Wasserverf\u00fcgbarkeit zu pr\u00fcfen. Wenn die Pumpe w\u00e4hrend eines dieser Versuche (bis zu vier Mal) Wasser ansaugen kann, wird sie den normalen Betrieb wieder aufnehmen. Nach vier erfolglosen Versuchen stoppt das EPC die Pumpe vollst\u00e4ndig, die nur durch Dr\u00fccken der \u201cReset\u201d-Taste wieder gestartet werden kann.<\/p>\n<p style=\"color: rgb(34, 34, 34); font-family: Arial, Helvetica, sans-serif; font-size: small;\"><strong>\u00dcber C.E.M. Pumpen und Gebl\u00e4se<\/strong><\/p>\n<p style=\"color: rgb(34, 34, 34); font-family: Arial, Helvetica, sans-serif; font-size: small;\">C.E.M. Elettromeccanica S.r.l. wurde 1970 gegr\u00fcndet und hat sich als f\u00fchrender Hersteller von elektrischen Pumpen und Gleichstrommotoren, haupts\u00e4chlich f\u00fcr den maritimen Sektor, etabliert. In den letzten 48 Jahren hat unser Engagement f\u00fcr Qualit\u00e4t und Innovation zu einem signifikanten Wachstum sowohl auf nationalen als auch auf internationalen M\u00e4rkten gef\u00fchrt, wodurch unser umfangreiches Produktsortiment erweitert wurde.<\/p>\n","protected":false},"excerpt":{"rendered":"<p>Frischwasser-Drucksystem CEM PB 24v &#8211; 35 l\/min mit EPC &#8211; \u00dcbersicht der EPC-Wasser Drucksysteme Das EPC (Elektronische Druckregelung) Frischwasserdrucksystem verf\u00fcgt<\/p>\n","protected":false},"featured_media":5939074,"comment_status":"open","ping_status":"closed","template":"","meta":[],"product_brand":[2975],"product_cat":[1373],"product_tag":[],"class_list":{"0":"post-735332","1":"product","2":"type-product","3":"status-publish","4":"has-post-thumbnail","6":"product_brand-gianneschi-de","7":"product_cat-wasserdruckpumpen","9":"first","10":"instock","11":"shipping-taxable","12":"purchasable","13":"product-type-simple"},"_links":{"self":[{"href":"https:\/\/stoic-curie.212-227-153-4.plesk.page\/de\/wp-json\/wp\/v2\/product\/735332","targetHints":{"allow":["GET"]}}],"collection":[{"href":"https:\/\/stoic-curie.212-227-153-4.plesk.page\/de\/wp-json\/wp\/v2\/product"}],"about":[{"href":"https:\/\/stoic-curie.212-227-153-4.plesk.page\/de\/wp-json\/wp\/v2\/types\/product"}],"replies":[{"embeddable":true,"href":"https:\/\/stoic-curie.212-227-153-4.plesk.page\/de\/wp-json\/wp\/v2\/comments?post=735332"}],"version-history":[{"count":0,"href":"https:\/\/stoic-curie.212-227-153-4.plesk.page\/de\/wp-json\/wp\/v2\/product\/735332\/revisions"}],"wp:featuredmedia":[{"embeddable":true,"href":"https:\/\/stoic-curie.212-227-153-4.plesk.page\/de\/wp-json\/wp\/v2\/media\/5939074"}],"wp:attachment":[{"href":"https:\/\/stoic-curie.212-227-153-4.plesk.page\/de\/wp-json\/wp\/v2\/media?parent=735332"}],"wp:term":[{"taxonomy":"product_brand","embeddable":true,"href":"https:\/\/stoic-curie.212-227-153-4.plesk.page\/de\/wp-json\/wp\/v2\/product_brand?post=735332"},{"taxonomy":"product_cat","embeddable":true,"href":"https:\/\/stoic-curie.212-227-153-4.plesk.page\/de\/wp-json\/wp\/v2\/product_cat?post=735332"},{"taxonomy":"product_tag","embeddable":true,"href":"https:\/\/stoic-curie.212-227-153-4.plesk.page\/de\/wp-json\/wp\/v2\/product_tag?post=735332"}],"curies":[{"name":"wp","href":"https:\/\/api.w.org\/{rel}","templated":true}]}}