{"id":735333,"date":"2025-03-03T16:27:41","date_gmt":"2025-03-03T15:27:41","guid":{"rendered":"https:\/\/stoic-curie.212-227-153-4.plesk.page\/producto\/frischwasser-drucksystem-jbr-epc-24v-55lt-min\/"},"modified":"2026-02-24T23:35:00","modified_gmt":"2026-02-24T23:35:00","slug":"frischwasser-drucksystem-jbr-epc-24v-55lt-min","status":"publish","type":"product","link":"https:\/\/stoic-curie.212-227-153-4.plesk.page\/de\/product\/frischwasser-drucksystem-jbr-epc-24v-55lt-min\/","title":{"rendered":"Frischwasser-Drucksystem CEM JBR\/EPC 24V 55lt\/min"},"content":{"rendered":"<p>Frischwasser-Drucksystem CEM JBR\/EPC 24V 55lt\/min &#8211; <\/p>\n<p style=\"color: rgb(34, 34, 34); font-family: Arial, Helvetica, sans-serif; font-size: small;\"><strong>Frischwasser-Drucksystem: EMC JBR\/EPC 24V 55L\/min<\/strong><\/p>\n<p style=\"color: rgb(34, 34, 34); font-family: Arial, Helvetica, sans-serif; font-size: small;\">Das EMC JBR\/EPC ist ein 24V Frischwasser-Drucksystem mit Elektronischer Druckkontrolle (EPC) f\u00fcr automatische Start- und Stoppfunktion. Diese innovative Pumpe stoppt den Betrieb, wenn kein Wasser verf\u00fcgbar ist, und startet wieder, wenn Wasser erkannt wird. Sie besteht aus einer Bronze-Pumpe und einem Laufrad und ist sowohl f\u00fcr S\u00fc\u00df- als auch f\u00fcr Salzwasseranwendungen geeignet.<\/p>\n<p style=\"color: rgb(34, 34, 34); font-family: Arial, Helvetica, sans-serif; font-size: small;\">Wasserdrucksysteme mit EPC werden in der Schifffahrtsbranche weit verbreitet eingesetzt, um einen konstanten und angemessenen Wasserdruck f\u00fcr verschiedene Bordger\u00e4te wie Duschen, Waschbecken und Toiletten aufrechtzuerhalten.<\/p>\n<p style=\"color: rgb(34, 34, 34); font-family: Arial, Helvetica, sans-serif; font-size: small;\">C.E.M. fertigt diese Wasserdrucksysteme und integriert EPC f\u00fcr die automatische Pumpensteuerung. Die EPC reguliert den Betrieb der Pumpe basierend auf Druck\u00e4nderungen oder Unterbrechungen der Wasserversorgung und bietet mehrere bedeutende Vorteile:<\/p>\n<ul style=\"color: rgb(34, 34, 34); font-family: Arial, Helvetica, sans-serif; font-size: small;\">\n<li>Automatische Abschaltung der Pumpe, wenn die Wasserversorgung ersch\u00f6pft ist, um sch\u00e4dliches Trockenlaufen zu verhindern.<\/li>\n<li>Kontinuierliche \u00dcberwachung des Betriebs durch Statusanzeigen: ein gr\u00fcnes Licht zeigt an, dass die Pumpe funktioniert, w\u00e4hrend ein rotes Licht auf einen Fehler, z.B. auf Wassermangel, hinweist.<\/li>\n<li>Aufrechterhaltung eines stabilen Drucks w\u00e4hrend der Wasserversorgung.<\/li>\n<li>Kompakte Bauweise im Vergleich zu herk\u00f6mmlichen Wasserdrucksystemen mit Tanks.<\/li>\n<\/ul>\n<p style=\"color: rgb(34, 34, 34); font-family: Arial, Helvetica, sans-serif; font-size: small;\">Bei einer Unterbrechung der Wasserversorgung erlaubt das EPC-Ger\u00e4t der Pumpe, bei regelm\u00e4\u00dfigen Abst\u00e4nden kurze Neustarts zu versuchen, um die Wasserverf\u00fcgbarkeit zu \u00fcberpr\u00fcfen. Wenn die Pumpe w\u00e4hrend eines dieser Versuche (maximal vier) erfolgreich Wasser ansaugt, kehrt das Druckerh\u00f6hungssystem in den Normalbetrieb zur\u00fcck. Nach vier erfolglosen Versuchen stoppt die EPC die Pumpe vollst\u00e4ndig, die nur durch Dr\u00fccken der &#8220;Reset&#8221;-Taste neu gestartet werden kann.<\/p>\n<p style=\"color: rgb(34, 34, 34); font-family: Arial, Helvetica, sans-serif; font-size: small;\"><strong>Das Wasserdrucksystem umfasst:<\/strong><\/p>\n<ul style=\"color: rgb(34, 34, 34); font-family: Arial, Helvetica, sans-serif; font-size: small;\">\n<li>Elektrische Pumpentypen: J-mini, J-INOX, MG-INOX, JBR oder PB (mit Spannungs- und Leistungsangaben in der beiliegenden Tabelle).<\/li>\n<li>Elektronische Druckkontrolle EPC.<\/li>\n<li>R\u00fcckschlagventil am Eingang.<\/li>\n<\/ul>\n<p style=\"color: rgb(34, 34, 34); font-family: Arial, Helvetica, sans-serif; font-size: small;\"><strong>Spezifikationen:<\/strong><\/p>\n<ul style=\"color: rgb(34, 34, 34); font-family: Arial, Helvetica, sans-serif; font-size: small;\">\n<li>Geeignet f\u00fcr Fl\u00fcssigkeiten ohne feste Verunreinigungen.<\/li>\n<li>Fl\u00fcssigkeitstemperaturbereich: +0 bis +50 \u00b0C (bis +70 \u00b0C f\u00fcr die Serien PB und JBR).<\/li>\n<li>Maximaler statischer Druck innerhalb des Pumpengeh\u00e4uses: 6 bar.<\/li>\n<\/ul>\n<p style=\"color: rgb(34, 34, 34); font-family: Arial, Helvetica, sans-serif; font-size: small;\"><strong>Optionales Zubeh\u00f6r:<\/strong><\/p>\n<ul style=\"color: rgb(34, 34, 34); font-family: Arial, Helvetica, sans-serif; font-size: small;\">\n<li>Omega-Basis aus rostfreiem Stahl mit vibrationsd\u00e4mpfenden Aufh\u00e4ngungen.<\/li>\n<\/ul>\n<p style=\"color: rgb(34, 34, 34); font-family: Arial, Helvetica, sans-serif; font-size: small;\"><strong>Leistung:<\/strong><\/p>\n<ul style=\"color: rgb(34, 34, 34); font-family: Arial, Helvetica, sans-serif; font-size: small;\">\n<li>24V: Gleichstrom<\/li>\n<li>230V, 50Hz: Einphasenwechselstrom<\/li>\n<\/ul>\n<p style=\"color: rgb(34, 34, 34); font-family: Arial, Helvetica, sans-serif; font-size: small;\">Dieses Frischwasser-Drucksystem wurde entwickelt, um die Bed\u00fcrfnisse von Bootsbesitzern zu erf\u00fcllen, die nach zuverl\u00e4ssigen und effizienten Wasserverwaltungsl\u00f6sungen an Bord suchen.<\/p>\n","protected":false},"excerpt":{"rendered":"<p>Frischwasser-Drucksystem CEM JBR\/EPC 24V 55lt\/min &#8211; Frischwasser-Drucksystem: EMC JBR\/EPC 24V 55L\/min Das EMC JBR\/EPC ist ein 24V Frischwasser-Drucksystem mit Elektronischer<\/p>\n","protected":false},"featured_media":5943374,"comment_status":"open","ping_status":"closed","template":"","meta":[],"product_brand":[2975],"product_cat":[1373],"product_tag":[],"class_list":{"0":"post-735333","1":"product","2":"type-product","3":"status-publish","4":"has-post-thumbnail","6":"product_brand-gianneschi-de","7":"product_cat-wasserdruckpumpen","9":"first","10":"instock","11":"shipping-taxable","12":"purchasable","13":"product-type-simple"},"_links":{"self":[{"href":"https:\/\/stoic-curie.212-227-153-4.plesk.page\/de\/wp-json\/wp\/v2\/product\/735333","targetHints":{"allow":["GET"]}}],"collection":[{"href":"https:\/\/stoic-curie.212-227-153-4.plesk.page\/de\/wp-json\/wp\/v2\/product"}],"about":[{"href":"https:\/\/stoic-curie.212-227-153-4.plesk.page\/de\/wp-json\/wp\/v2\/types\/product"}],"replies":[{"embeddable":true,"href":"https:\/\/stoic-curie.212-227-153-4.plesk.page\/de\/wp-json\/wp\/v2\/comments?post=735333"}],"version-history":[{"count":0,"href":"https:\/\/stoic-curie.212-227-153-4.plesk.page\/de\/wp-json\/wp\/v2\/product\/735333\/revisions"}],"wp:featuredmedia":[{"embeddable":true,"href":"https:\/\/stoic-curie.212-227-153-4.plesk.page\/de\/wp-json\/wp\/v2\/media\/5943374"}],"wp:attachment":[{"href":"https:\/\/stoic-curie.212-227-153-4.plesk.page\/de\/wp-json\/wp\/v2\/media?parent=735333"}],"wp:term":[{"taxonomy":"product_brand","embeddable":true,"href":"https:\/\/stoic-curie.212-227-153-4.plesk.page\/de\/wp-json\/wp\/v2\/product_brand?post=735333"},{"taxonomy":"product_cat","embeddable":true,"href":"https:\/\/stoic-curie.212-227-153-4.plesk.page\/de\/wp-json\/wp\/v2\/product_cat?post=735333"},{"taxonomy":"product_tag","embeddable":true,"href":"https:\/\/stoic-curie.212-227-153-4.plesk.page\/de\/wp-json\/wp\/v2\/product_tag?post=735333"}],"curies":[{"name":"wp","href":"https:\/\/api.w.org\/{rel}","templated":true}]}}