{"id":735335,"date":"2025-03-03T16:27:42","date_gmt":"2025-03-03T15:27:42","guid":{"rendered":"https:\/\/stoic-curie.212-227-153-4.plesk.page\/producto\/manuelle-kupplungspumpe-ancor-100-l-minute\/"},"modified":"2026-02-24T23:35:00","modified_gmt":"2026-02-24T23:35:00","slug":"manuelle-kupplungspumpe-ancor-100-l-minute","status":"publish","type":"product","link":"https:\/\/stoic-curie.212-227-153-4.plesk.page\/de\/product\/manuelle-kupplungspumpe-ancor-100-l-minute\/","title":{"rendered":"Manuelle Kupplungspumpe Ancor 100 l\/min"},"content":{"rendered":"<p>Manuelle Kupplungspumpe Ancor 100 l\/min &#8211; <\/p>\n<p>Die Ancor Handkupplungspumpe ist fachm\u00e4nnisch entwickelt, um eine beeindruckende F\u00f6rdermenge von 100 Litern pro Minute zu liefern, wodurch sie eine hervorragende Wahl f\u00fcr verschiedene Bootsanwendungen darstellt. Sie ist sowohl f\u00fcr den Einsatz in S\u00fc\u00df- als auch in Salzwasserumgebungen geeignet und gew\u00e4hrleistet Vielseitigkeit f\u00fcr all Ihre maritimen Bed\u00fcrfnisse. Diese hochwertige Pumpe verf\u00fcgt \u00fcber ein langlebiges Nitril-Rad, ein robustes Bronzekleid und eine zuverl\u00e4ssige Welle aus Edelstahl, die alle zur Langlebigkeit und Leistung der Pumpe beitragen. Mit einer H\u00f6chstgeschwindigkeit von 2000 U\/min ist diese Pumpe f\u00fcr einen effizienten und effektiven Betrieb bei Ihren Bootsausfl\u00fcgen konzipiert.<\/p>\n","protected":false},"excerpt":{"rendered":"<p>Manuelle Kupplungspumpe Ancor 100 l\/min &#8211; Die Ancor Handkupplungspumpe ist fachm\u00e4nnisch entwickelt, um eine beeindruckende F\u00f6rdermenge von 100 Litern pro<\/p>\n","protected":false},"featured_media":5939079,"comment_status":"open","ping_status":"closed","template":"","meta":[],"product_brand":[2780],"product_cat":[1522],"product_tag":[],"class_list":{"0":"post-735335","1":"product","2":"type-product","3":"status-publish","4":"has-post-thumbnail","6":"product_brand-ancor-marine-de","7":"product_cat-motorkuehlpumpen","9":"first","10":"instock","11":"shipping-taxable","12":"purchasable","13":"product-type-simple"},"_links":{"self":[{"href":"https:\/\/stoic-curie.212-227-153-4.plesk.page\/de\/wp-json\/wp\/v2\/product\/735335","targetHints":{"allow":["GET"]}}],"collection":[{"href":"https:\/\/stoic-curie.212-227-153-4.plesk.page\/de\/wp-json\/wp\/v2\/product"}],"about":[{"href":"https:\/\/stoic-curie.212-227-153-4.plesk.page\/de\/wp-json\/wp\/v2\/types\/product"}],"replies":[{"embeddable":true,"href":"https:\/\/stoic-curie.212-227-153-4.plesk.page\/de\/wp-json\/wp\/v2\/comments?post=735335"}],"version-history":[{"count":0,"href":"https:\/\/stoic-curie.212-227-153-4.plesk.page\/de\/wp-json\/wp\/v2\/product\/735335\/revisions"}],"wp:featuredmedia":[{"embeddable":true,"href":"https:\/\/stoic-curie.212-227-153-4.plesk.page\/de\/wp-json\/wp\/v2\/media\/5939079"}],"wp:attachment":[{"href":"https:\/\/stoic-curie.212-227-153-4.plesk.page\/de\/wp-json\/wp\/v2\/media?parent=735335"}],"wp:term":[{"taxonomy":"product_brand","embeddable":true,"href":"https:\/\/stoic-curie.212-227-153-4.plesk.page\/de\/wp-json\/wp\/v2\/product_brand?post=735335"},{"taxonomy":"product_cat","embeddable":true,"href":"https:\/\/stoic-curie.212-227-153-4.plesk.page\/de\/wp-json\/wp\/v2\/product_cat?post=735335"},{"taxonomy":"product_tag","embeddable":true,"href":"https:\/\/stoic-curie.212-227-153-4.plesk.page\/de\/wp-json\/wp\/v2\/product_tag?post=735335"}],"curies":[{"name":"wp","href":"https:\/\/api.w.org\/{rel}","templated":true}]}}