{"id":735343,"date":"2025-03-03T16:27:44","date_gmt":"2025-03-03T15:27:44","guid":{"rendered":"https:\/\/stoic-curie.212-227-153-4.plesk.page\/producto\/wasserpumpe-mit-doppelfunktion-16-liter-pro-minute\/"},"modified":"2026-02-24T23:35:00","modified_gmt":"2026-02-24T23:35:00","slug":"wasserpumpe-mit-doppelfunktion-16-liter-pro-minute","status":"publish","type":"product","link":"https:\/\/stoic-curie.212-227-153-4.plesk.page\/de\/product\/wasserpumpe-mit-doppelfunktion-16-liter-pro-minute\/","title":{"rendered":"Wasserpumpe mit Doppelfunktion 16 Liter pro Minute"},"content":{"rendered":"<p>Wasserpumpe mit Doppelfunktion 16 Liter pro Minute &#8211; <\/p>\n<p>Doppelwirkende Fu\u00dfpumpe f\u00fcr Sp\u00fclen.<\/p>\n","protected":false},"excerpt":{"rendered":"<p>Wasserpumpe mit Doppelfunktion 16 Liter pro Minute &#8211; Doppelwirkende Fu\u00dfpumpe f\u00fcr Sp\u00fclen.<\/p>\n","protected":false},"featured_media":2996778,"comment_status":"open","ping_status":"closed","template":"","meta":[],"product_brand":[2166,3235],"product_cat":[1389,1365],"product_tag":[],"class_list":{"0":"post-735343","1":"product","2":"type-product","3":"status-publish","4":"has-post-thumbnail","6":"product_brand-osculati","7":"product_brand-osculati-de","8":"product_cat-bootsarmaturen","9":"product_cat-bootsduschen","11":"first","12":"instock","13":"shipping-taxable","14":"purchasable","15":"product-type-simple"},"_links":{"self":[{"href":"https:\/\/stoic-curie.212-227-153-4.plesk.page\/de\/wp-json\/wp\/v2\/product\/735343","targetHints":{"allow":["GET"]}}],"collection":[{"href":"https:\/\/stoic-curie.212-227-153-4.plesk.page\/de\/wp-json\/wp\/v2\/product"}],"about":[{"href":"https:\/\/stoic-curie.212-227-153-4.plesk.page\/de\/wp-json\/wp\/v2\/types\/product"}],"replies":[{"embeddable":true,"href":"https:\/\/stoic-curie.212-227-153-4.plesk.page\/de\/wp-json\/wp\/v2\/comments?post=735343"}],"version-history":[{"count":0,"href":"https:\/\/stoic-curie.212-227-153-4.plesk.page\/de\/wp-json\/wp\/v2\/product\/735343\/revisions"}],"wp:featuredmedia":[{"embeddable":true,"href":"https:\/\/stoic-curie.212-227-153-4.plesk.page\/de\/wp-json\/"}],"wp:attachment":[{"href":"https:\/\/stoic-curie.212-227-153-4.plesk.page\/de\/wp-json\/wp\/v2\/media?parent=735343"}],"wp:term":[{"taxonomy":"product_brand","embeddable":true,"href":"https:\/\/stoic-curie.212-227-153-4.plesk.page\/de\/wp-json\/wp\/v2\/product_brand?post=735343"},{"taxonomy":"product_cat","embeddable":true,"href":"https:\/\/stoic-curie.212-227-153-4.plesk.page\/de\/wp-json\/wp\/v2\/product_cat?post=735343"},{"taxonomy":"product_tag","embeddable":true,"href":"https:\/\/stoic-curie.212-227-153-4.plesk.page\/de\/wp-json\/wp\/v2\/product_tag?post=735343"}],"curies":[{"name":"wp","href":"https:\/\/api.w.org\/{rel}","templated":true}]}}