{"id":735347,"date":"2025-03-03T16:27:45","date_gmt":"2025-03-03T15:27:45","guid":{"rendered":"https:\/\/stoic-curie.212-227-153-4.plesk.page\/producto\/halbflexibles-solarmodul-100-w-12-24v-515-x-1225-mm\/"},"modified":"2026-02-24T23:35:00","modified_gmt":"2026-02-24T23:35:00","slug":"halbflexibles-solarmodul-100-w-12-24v-515-x-1225-mm","status":"publish","type":"product","link":"https:\/\/stoic-curie.212-227-153-4.plesk.page\/de\/product\/halbflexibles-solarmodul-100-w-12-24v-515-x-1225-mm\/","title":{"rendered":"Halbflexibles Solarmodul 100 W 12-24V 515 x 1225 mm"},"content":{"rendered":"<p>Halbflexibles Solarmodul 100 W 12-24V 515 x 1225 mm &#8211; <\/p>\n<p>Leichte und widerstandsf\u00e4hige, semifleksible Solarpanels mit hocheffizienten monokristallinen Siliziumzellen. ETFE-Polymerabdeckung und TPT-Laminatverbundbasis mit einer Gesamtst\u00e4rke von 2,5 mm bieten \u00fcberlegene Flexibilit\u00e4t und Stabilit\u00e4t. Komplett mit Edelstahl-\u00d6sen zur Befestigung, zwei 90 cm Kabeln und MC4-Anschl\u00fcssen. Diode und Anschlussdose in IP68 Silikonpaste eingetaucht. Zu vervollst\u00e4ndigen mit einem Laderegler, basierend auf der Anzahl der ben\u00f6tigten Ausg\u00e4nge und der Summe der Str\u00f6me (Imp) jedes einzelnen Panels. Wp = Nennleistung (W) Imp = Maximale Stromst\u00e4rke (A) Voc = Offene Umspannung (V)<\/p>\n","protected":false},"excerpt":{"rendered":"<p>Halbflexibles Solarmodul 100 W 12-24V 515 x 1225 mm &#8211; Leichte und widerstandsf\u00e4hige, semifleksible Solarpanels mit hocheffizienten monokristallinen Siliziumzellen. ETFE-Polymerabdeckung<\/p>\n","protected":false},"featured_media":5943387,"comment_status":"open","ping_status":"closed","template":"","meta":[],"product_brand":[2830],"product_cat":[1462],"product_tag":[],"class_list":{"0":"post-735347","1":"product","2":"type-product","3":"status-publish","4":"has-post-thumbnail","6":"product_brand-blue-sea-systems-de","7":"product_cat-solarpaneele","9":"first","10":"instock","11":"shipping-taxable","12":"purchasable","13":"product-type-simple"},"_links":{"self":[{"href":"https:\/\/stoic-curie.212-227-153-4.plesk.page\/de\/wp-json\/wp\/v2\/product\/735347","targetHints":{"allow":["GET"]}}],"collection":[{"href":"https:\/\/stoic-curie.212-227-153-4.plesk.page\/de\/wp-json\/wp\/v2\/product"}],"about":[{"href":"https:\/\/stoic-curie.212-227-153-4.plesk.page\/de\/wp-json\/wp\/v2\/types\/product"}],"replies":[{"embeddable":true,"href":"https:\/\/stoic-curie.212-227-153-4.plesk.page\/de\/wp-json\/wp\/v2\/comments?post=735347"}],"version-history":[{"count":0,"href":"https:\/\/stoic-curie.212-227-153-4.plesk.page\/de\/wp-json\/wp\/v2\/product\/735347\/revisions"}],"wp:featuredmedia":[{"embeddable":true,"href":"https:\/\/stoic-curie.212-227-153-4.plesk.page\/de\/wp-json\/wp\/v2\/media\/5943387"}],"wp:attachment":[{"href":"https:\/\/stoic-curie.212-227-153-4.plesk.page\/de\/wp-json\/wp\/v2\/media?parent=735347"}],"wp:term":[{"taxonomy":"product_brand","embeddable":true,"href":"https:\/\/stoic-curie.212-227-153-4.plesk.page\/de\/wp-json\/wp\/v2\/product_brand?post=735347"},{"taxonomy":"product_cat","embeddable":true,"href":"https:\/\/stoic-curie.212-227-153-4.plesk.page\/de\/wp-json\/wp\/v2\/product_cat?post=735347"},{"taxonomy":"product_tag","embeddable":true,"href":"https:\/\/stoic-curie.212-227-153-4.plesk.page\/de\/wp-json\/wp\/v2\/product_tag?post=735347"}],"curies":[{"name":"wp","href":"https:\/\/api.w.org\/{rel}","templated":true}]}}