{"id":735351,"date":"2025-03-03T16:27:45","date_gmt":"2025-03-03T15:27:45","guid":{"rendered":"https:\/\/stoic-curie.212-227-153-4.plesk.page\/producto\/ersatzpanel-fuer-matromarine-xenon-suchscheinwerfer-12v\/"},"modified":"2026-02-24T23:35:01","modified_gmt":"2026-02-24T23:35:01","slug":"ersatzpanel-fuer-matromarine-xenon-suchscheinwerfer-12v","status":"publish","type":"product","link":"https:\/\/stoic-curie.212-227-153-4.plesk.page\/de\/product\/ersatzpanel-fuer-matromarine-xenon-suchscheinwerfer-12v\/","title":{"rendered":"Ersatzpanel f\u00fcr Matromarine Xenon-Suchscheinwerfer 12V"},"content":{"rendered":"<p>Ersatzpanel f\u00fcr Matromarine Xenon-Suchscheinwerfer 12V &#8211; <\/p>\n<p>Verstellbarer Spot mit wasserdichtem Steuerpanel, das eine 360\u00b0 x 70\u00b0 Auf\/Ab-Drehung erm\u00f6glicht. Der XENON-geschlossene Scheinwerfer ist 7-mal heller als ein Standard-Suchscheinwerfer. Abmessungen: 350 mm L\u00e4nge &#8211; 260 mm Breite &#8211; 320 mm H\u00f6he. Optionaler kabelloser Steuerung mit Plug-and-Play-Empf\u00e4nger und -Sender bis zu 35 m. Wenn installiert, ersetzt er das verkabelte Steuerpanel. Um beide zu nutzen, sollte das Dual-Station-Panel erworben werden.<\/p>\n","protected":false},"excerpt":{"rendered":"<p>Ersatzpanel f\u00fcr Matromarine Xenon-Suchscheinwerfer 12V &#8211; Verstellbarer Spot mit wasserdichtem Steuerpanel, das eine 360\u00b0 x 70\u00b0 Auf\/Ab-Drehung erm\u00f6glicht. Der XENON-geschlossene<\/p>\n","protected":false},"featured_media":5939393,"comment_status":"open","ping_status":"closed","template":"","meta":[],"product_brand":[3140],"product_cat":[1447],"product_tag":[],"class_list":{"0":"post-735351","1":"product","2":"type-product","3":"status-publish","4":"has-post-thumbnail","6":"product_brand-matromarine-de","7":"product_cat-suchscheinwerfer-und-spotlights","9":"first","10":"instock","11":"shipping-taxable","12":"purchasable","13":"product-type-simple"},"_links":{"self":[{"href":"https:\/\/stoic-curie.212-227-153-4.plesk.page\/de\/wp-json\/wp\/v2\/product\/735351","targetHints":{"allow":["GET"]}}],"collection":[{"href":"https:\/\/stoic-curie.212-227-153-4.plesk.page\/de\/wp-json\/wp\/v2\/product"}],"about":[{"href":"https:\/\/stoic-curie.212-227-153-4.plesk.page\/de\/wp-json\/wp\/v2\/types\/product"}],"replies":[{"embeddable":true,"href":"https:\/\/stoic-curie.212-227-153-4.plesk.page\/de\/wp-json\/wp\/v2\/comments?post=735351"}],"version-history":[{"count":0,"href":"https:\/\/stoic-curie.212-227-153-4.plesk.page\/de\/wp-json\/wp\/v2\/product\/735351\/revisions"}],"wp:featuredmedia":[{"embeddable":true,"href":"https:\/\/stoic-curie.212-227-153-4.plesk.page\/de\/wp-json\/wp\/v2\/media\/5939393"}],"wp:attachment":[{"href":"https:\/\/stoic-curie.212-227-153-4.plesk.page\/de\/wp-json\/wp\/v2\/media?parent=735351"}],"wp:term":[{"taxonomy":"product_brand","embeddable":true,"href":"https:\/\/stoic-curie.212-227-153-4.plesk.page\/de\/wp-json\/wp\/v2\/product_brand?post=735351"},{"taxonomy":"product_cat","embeddable":true,"href":"https:\/\/stoic-curie.212-227-153-4.plesk.page\/de\/wp-json\/wp\/v2\/product_cat?post=735351"},{"taxonomy":"product_tag","embeddable":true,"href":"https:\/\/stoic-curie.212-227-153-4.plesk.page\/de\/wp-json\/wp\/v2\/product_tag?post=735351"}],"curies":[{"name":"wp","href":"https:\/\/api.w.org\/{rel}","templated":true}]}}