{"id":735370,"date":"2025-03-03T16:27:49","date_gmt":"2025-03-03T15:27:49","guid":{"rendered":"https:\/\/stoic-curie.212-227-153-4.plesk.page\/producto\/schwarzer-uflex-tachometer-und-betriebsstundenzaehler-4000-u-min-85mm\/"},"modified":"2026-02-24T23:35:01","modified_gmt":"2026-02-24T23:35:01","slug":"schwarzer-uflex-tachometer-und-betriebsstundenzaehler-4000-u-min-85mm","status":"publish","type":"product","link":"https:\/\/stoic-curie.212-227-153-4.plesk.page\/de\/product\/schwarzer-uflex-tachometer-und-betriebsstundenzaehler-4000-u-min-85mm\/","title":{"rendered":"Schwarzer Uflex Tachometer und Betriebsstundenz\u00e4hler 4000 U\/min 85mm"},"content":{"rendered":"<p>Schwarzer Uflex Tachometer und Betriebsstundenz\u00e4hler 4000 U\/min 85mm &#8211; <\/p>\n<p>Uflex IP67 wasserdichte Instrumente mit doppelschichtigem, verst\u00e4rktem Anti-Kondens-Objektiv. Schwarzer Kunststoffrahmen und schwarze Ziffernblatt. Universelle Spannung 12\/24V mit anpassbarem roten oder gelben Hintergrundbeleuchtung. Plug-and-Play-Installation komplett mit verdrahtetem Molex-Anschluss. Alle Druck-, Temperatur-, Niveau- und Winkeleinheiten m\u00fcssen mit Sensoren vervollst\u00e4ndigt werden. Der GPS-Geschwindigkeitsanzeiger ist mit Empf\u00e4nger und Antenne komplett.<\/p>\n","protected":false},"excerpt":{"rendered":"<p>Schwarzer Uflex Tachometer und Betriebsstundenz\u00e4hler 4000 U\/min 85mm &#8211; Uflex IP67 wasserdichte Instrumente mit doppelschichtigem, verst\u00e4rktem Anti-Kondens-Objektiv. Schwarzer Kunststoffrahmen und<\/p>\n","protected":false},"featured_media":5943400,"comment_status":"open","ping_status":"closed","template":"","meta":[],"product_brand":[3500],"product_cat":[1501,1520],"product_tag":[],"class_list":{"0":"post-735370","1":"product","2":"type-product","3":"status-publish","4":"has-post-thumbnail","6":"product_brand-ultraflex-uflex-de","7":"product_cat-bootstachometer","8":"product_cat-uflex-messgeraete","10":"first","11":"instock","12":"shipping-taxable","13":"purchasable","14":"product-type-simple"},"_links":{"self":[{"href":"https:\/\/stoic-curie.212-227-153-4.plesk.page\/de\/wp-json\/wp\/v2\/product\/735370","targetHints":{"allow":["GET"]}}],"collection":[{"href":"https:\/\/stoic-curie.212-227-153-4.plesk.page\/de\/wp-json\/wp\/v2\/product"}],"about":[{"href":"https:\/\/stoic-curie.212-227-153-4.plesk.page\/de\/wp-json\/wp\/v2\/types\/product"}],"replies":[{"embeddable":true,"href":"https:\/\/stoic-curie.212-227-153-4.plesk.page\/de\/wp-json\/wp\/v2\/comments?post=735370"}],"version-history":[{"count":0,"href":"https:\/\/stoic-curie.212-227-153-4.plesk.page\/de\/wp-json\/wp\/v2\/product\/735370\/revisions"}],"wp:featuredmedia":[{"embeddable":true,"href":"https:\/\/stoic-curie.212-227-153-4.plesk.page\/de\/wp-json\/wp\/v2\/media\/5943400"}],"wp:attachment":[{"href":"https:\/\/stoic-curie.212-227-153-4.plesk.page\/de\/wp-json\/wp\/v2\/media?parent=735370"}],"wp:term":[{"taxonomy":"product_brand","embeddable":true,"href":"https:\/\/stoic-curie.212-227-153-4.plesk.page\/de\/wp-json\/wp\/v2\/product_brand?post=735370"},{"taxonomy":"product_cat","embeddable":true,"href":"https:\/\/stoic-curie.212-227-153-4.plesk.page\/de\/wp-json\/wp\/v2\/product_cat?post=735370"},{"taxonomy":"product_tag","embeddable":true,"href":"https:\/\/stoic-curie.212-227-153-4.plesk.page\/de\/wp-json\/wp\/v2\/product_tag?post=735370"}],"curies":[{"name":"wp","href":"https:\/\/api.w.org\/{rel}","templated":true}]}}