{"id":735373,"date":"2025-03-03T16:27:49","date_gmt":"2025-03-03T15:27:49","guid":{"rendered":"https:\/\/stoic-curie.212-227-153-4.plesk.page\/producto\/kit-instrumente-fuer-die-navigation\/"},"modified":"2026-02-24T23:35:01","modified_gmt":"2026-02-24T23:35:01","slug":"kit-instrumente-fuer-die-navigation","status":"publish","type":"product","link":"https:\/\/stoic-curie.212-227-153-4.plesk.page\/de\/product\/kit-instrumente-fuer-die-navigation\/","title":{"rendered":"Kit Instrumente f\u00fcr die Navigation"},"content":{"rendered":"<p>Kit Instrumente f\u00fcr die Navigation &#8211; <\/p>\n<p>Komplettes Navigationsset f\u00fcr den Bootsf\u00fchrerschein. Es enth\u00e4lt: <br \/>2 Dreieckige Winkelmesser 2430025 <br \/>1 Handteiler <br \/>1 Bleistift und Radiergummi.<\/p>\n","protected":false},"excerpt":{"rendered":"<p>Kit Instrumente f\u00fcr die Navigation &#8211; Komplettes Navigationsset f\u00fcr den Bootsf\u00fchrerschein. Es enth\u00e4lt: 2 Dreieckige Winkelmesser 2430025 1 Handteiler 1<\/p>\n","protected":false},"featured_media":5943403,"comment_status":"open","ping_status":"closed","template":"","meta":[],"product_brand":[2875],"product_cat":[1487],"product_tag":[],"class_list":{"0":"post-735373","1":"product","2":"type-product","3":"status-publish","4":"has-post-thumbnail","6":"product_brand-davis-de","7":"product_cat-navigationstafeln-und-instrumente","9":"first","10":"instock","11":"shipping-taxable","12":"purchasable","13":"product-type-simple"},"_links":{"self":[{"href":"https:\/\/stoic-curie.212-227-153-4.plesk.page\/de\/wp-json\/wp\/v2\/product\/735373","targetHints":{"allow":["GET"]}}],"collection":[{"href":"https:\/\/stoic-curie.212-227-153-4.plesk.page\/de\/wp-json\/wp\/v2\/product"}],"about":[{"href":"https:\/\/stoic-curie.212-227-153-4.plesk.page\/de\/wp-json\/wp\/v2\/types\/product"}],"replies":[{"embeddable":true,"href":"https:\/\/stoic-curie.212-227-153-4.plesk.page\/de\/wp-json\/wp\/v2\/comments?post=735373"}],"version-history":[{"count":0,"href":"https:\/\/stoic-curie.212-227-153-4.plesk.page\/de\/wp-json\/wp\/v2\/product\/735373\/revisions"}],"wp:featuredmedia":[{"embeddable":true,"href":"https:\/\/stoic-curie.212-227-153-4.plesk.page\/de\/wp-json\/wp\/v2\/media\/5943403"}],"wp:attachment":[{"href":"https:\/\/stoic-curie.212-227-153-4.plesk.page\/de\/wp-json\/wp\/v2\/media?parent=735373"}],"wp:term":[{"taxonomy":"product_brand","embeddable":true,"href":"https:\/\/stoic-curie.212-227-153-4.plesk.page\/de\/wp-json\/wp\/v2\/product_brand?post=735373"},{"taxonomy":"product_cat","embeddable":true,"href":"https:\/\/stoic-curie.212-227-153-4.plesk.page\/de\/wp-json\/wp\/v2\/product_cat?post=735373"},{"taxonomy":"product_tag","embeddable":true,"href":"https:\/\/stoic-curie.212-227-153-4.plesk.page\/de\/wp-json\/wp\/v2\/product_tag?post=735373"}],"curies":[{"name":"wp","href":"https:\/\/api.w.org\/{rel}","templated":true}]}}