{"id":735389,"date":"2025-03-03T16:27:53","date_gmt":"2025-03-03T15:27:53","guid":{"rendered":"https:\/\/stoic-curie.212-227-153-4.plesk.page\/producto\/anhaenger-fuer-surfboards-kanus-und-dinghies\/"},"modified":"2026-02-24T23:35:01","modified_gmt":"2026-02-24T23:35:01","slug":"anhaenger-fuer-surfboards-kanus-und-dinghies","status":"publish","type":"product","link":"https:\/\/stoic-curie.212-227-153-4.plesk.page\/de\/product\/anhaenger-fuer-surfboards-kanus-und-dinghies\/","title":{"rendered":"Anh\u00e4nger f\u00fcr Surfboards, Kanus und Dinghies"},"content":{"rendered":"<p>Anh\u00e4nger f\u00fcr Surfboards, Kanus und Dinghies &#8211; <\/p>\n<p>Trailer f\u00fcr Surfboards, Kanus und Beiboote. Mit sanften, weichen F\u00fchrungen und Befestigungsriemen. Vollst\u00e4ndig zerlegbar.<\/p>\n","protected":false},"excerpt":{"rendered":"<p>Anh\u00e4nger f\u00fcr Surfboards, Kanus und Dinghies &#8211; Trailer f\u00fcr Surfboards, Kanus und Beiboote. Mit sanften, weichen F\u00fchrungen und Befestigungsriemen. Vollst\u00e4ndig<\/p>\n","protected":false},"featured_media":5943415,"comment_status":"open","ping_status":"closed","template":"","meta":[],"product_brand":[3235],"product_cat":[1558,1552],"product_tag":[],"class_list":{"0":"post-735389","1":"product","2":"type-product","3":"status-publish","4":"has-post-thumbnail","6":"product_brand-osculati-de","7":"product_cat-stand-up-paddle","8":"product_cat-zubehoer-fuer-schlauchboote","10":"first","11":"instock","12":"shipping-taxable","13":"purchasable","14":"product-type-simple"},"_links":{"self":[{"href":"https:\/\/stoic-curie.212-227-153-4.plesk.page\/de\/wp-json\/wp\/v2\/product\/735389","targetHints":{"allow":["GET"]}}],"collection":[{"href":"https:\/\/stoic-curie.212-227-153-4.plesk.page\/de\/wp-json\/wp\/v2\/product"}],"about":[{"href":"https:\/\/stoic-curie.212-227-153-4.plesk.page\/de\/wp-json\/wp\/v2\/types\/product"}],"replies":[{"embeddable":true,"href":"https:\/\/stoic-curie.212-227-153-4.plesk.page\/de\/wp-json\/wp\/v2\/comments?post=735389"}],"version-history":[{"count":0,"href":"https:\/\/stoic-curie.212-227-153-4.plesk.page\/de\/wp-json\/wp\/v2\/product\/735389\/revisions"}],"wp:featuredmedia":[{"embeddable":true,"href":"https:\/\/stoic-curie.212-227-153-4.plesk.page\/de\/wp-json\/wp\/v2\/media\/5943415"}],"wp:attachment":[{"href":"https:\/\/stoic-curie.212-227-153-4.plesk.page\/de\/wp-json\/wp\/v2\/media?parent=735389"}],"wp:term":[{"taxonomy":"product_brand","embeddable":true,"href":"https:\/\/stoic-curie.212-227-153-4.plesk.page\/de\/wp-json\/wp\/v2\/product_brand?post=735389"},{"taxonomy":"product_cat","embeddable":true,"href":"https:\/\/stoic-curie.212-227-153-4.plesk.page\/de\/wp-json\/wp\/v2\/product_cat?post=735389"},{"taxonomy":"product_tag","embeddable":true,"href":"https:\/\/stoic-curie.212-227-153-4.plesk.page\/de\/wp-json\/wp\/v2\/product_tag?post=735389"}],"curies":[{"name":"wp","href":"https:\/\/api.w.org\/{rel}","templated":true}]}}