{"id":735392,"date":"2025-03-03T16:27:54","date_gmt":"2025-03-03T15:27:54","guid":{"rendered":"https:\/\/stoic-curie.212-227-153-4.plesk.page\/producto\/marine-seil-schwarz-classic-28mm-x-100m\/"},"modified":"2026-02-24T23:35:01","modified_gmt":"2026-02-24T23:35:01","slug":"marine-seil-schwarz-classic-28mm-x-100m","status":"publish","type":"product","link":"https:\/\/stoic-curie.212-227-153-4.plesk.page\/de\/product\/marine-seil-schwarz-classic-28mm-x-100m\/","title":{"rendered":"Marine Seil Schwarz 28mm x 100mt"},"content":{"rendered":"<p>Marine Seil Schwarz 28mm x 100mt &#8211; <\/p>\n<p>Dieses polyestergeschneiderte, mittelstarke Dreistrangseil ist eine ausgezeichnete Wahl f\u00fcr all Ihre Anlege- und Ankerbed\u00fcrfnisse. Es besteht aus recycelten PET-Plastikflaschen, was ziemlich cool ist, da es umweltfreundlich ist! Sie werden feststellen, dass dieses rPET-Seil genauso gut funktioniert wie das herk\u00f6mmliche Polyesterseil.<\/p>\n<p>In der Bootsbranche ist Polyesterseil \u00e4u\u00dferst vielseitig. Sie k\u00f6nnen es f\u00fcr Ankerkabel, Festmacherleinen, Fenderleinen, Lebensleinen und sogar zum Winden oder Heben verwenden.<\/p>\n<p>Werfen Sie einen Blick auf einige coole Eigenschaften dieses Seils:<\/p>\n<ul>\n<li>Gedrehtes Dreistrangdesign<\/li>\n<li>Aus synthetischen Materialien gefertigt<\/li>\n<li>Bleibt auch im nassen Zustand stark<\/li>\n<li>Widerstandsf\u00e4hig gegen Wasser, UV-Strahlen, F\u00e4ulnis und Abnutzung<\/li>\n<li>Floatet nicht und wird im nassen Zustand etwas weicher<\/li>\n<li>In Europa hergestellt<\/li>\n<\/ul>\n","protected":false},"excerpt":{"rendered":"<p>Marine Seil Schwarz 28mm x 100mt &#8211; Dieses polyestergeschneiderte, mittelstarke Dreistrangseil ist eine ausgezeichnete Wahl f\u00fcr all Ihre Anlege- und<\/p>\n","protected":false},"featured_media":5939641,"comment_status":"open","ping_status":"closed","template":"","meta":[],"product_brand":[3100],"product_cat":[1575,1335],"product_tag":[],"class_list":{"0":"post-735392","1":"product","2":"type-product","3":"status-publish","4":"has-post-thumbnail","6":"product_brand-marco-benvenuti-de","7":"product_cat-ankerseile","8":"product_cat-anlege-und-festmacherleinen","10":"first","11":"instock","12":"shipping-taxable","13":"purchasable","14":"product-type-simple"},"_links":{"self":[{"href":"https:\/\/stoic-curie.212-227-153-4.plesk.page\/de\/wp-json\/wp\/v2\/product\/735392","targetHints":{"allow":["GET"]}}],"collection":[{"href":"https:\/\/stoic-curie.212-227-153-4.plesk.page\/de\/wp-json\/wp\/v2\/product"}],"about":[{"href":"https:\/\/stoic-curie.212-227-153-4.plesk.page\/de\/wp-json\/wp\/v2\/types\/product"}],"replies":[{"embeddable":true,"href":"https:\/\/stoic-curie.212-227-153-4.plesk.page\/de\/wp-json\/wp\/v2\/comments?post=735392"}],"version-history":[{"count":0,"href":"https:\/\/stoic-curie.212-227-153-4.plesk.page\/de\/wp-json\/wp\/v2\/product\/735392\/revisions"}],"wp:featuredmedia":[{"embeddable":true,"href":"https:\/\/stoic-curie.212-227-153-4.plesk.page\/de\/wp-json\/wp\/v2\/media\/5939641"}],"wp:attachment":[{"href":"https:\/\/stoic-curie.212-227-153-4.plesk.page\/de\/wp-json\/wp\/v2\/media?parent=735392"}],"wp:term":[{"taxonomy":"product_brand","embeddable":true,"href":"https:\/\/stoic-curie.212-227-153-4.plesk.page\/de\/wp-json\/wp\/v2\/product_brand?post=735392"},{"taxonomy":"product_cat","embeddable":true,"href":"https:\/\/stoic-curie.212-227-153-4.plesk.page\/de\/wp-json\/wp\/v2\/product_cat?post=735392"},{"taxonomy":"product_tag","embeddable":true,"href":"https:\/\/stoic-curie.212-227-153-4.plesk.page\/de\/wp-json\/wp\/v2\/product_tag?post=735392"}],"curies":[{"name":"wp","href":"https:\/\/api.w.org\/{rel}","templated":true}]}}