{"id":735402,"date":"2025-03-03T16:27:56","date_gmt":"2025-03-03T15:27:56","guid":{"rendered":"https:\/\/stoic-curie.212-227-153-4.plesk.page\/producto\/antal-einzelblock-mit-wantenspanner-70-mm-fuer-12-mm-leinen\/"},"modified":"2026-02-24T23:35:01","modified_gmt":"2026-02-24T23:35:01","slug":"antal-einzelblock-mit-wantenspanner-70-mm-fuer-12-mm-leinen","status":"publish","type":"product","link":"https:\/\/stoic-curie.212-227-153-4.plesk.page\/de\/product\/antal-einzelblock-mit-wantenspanner-70-mm-fuer-12-mm-leinen\/","title":{"rendered":"Antal Einzelblock mit Wantenspanner 70 mm f\u00fcr 12 mm Leinen"},"content":{"rendered":"<p>Antal Einzelblock mit Wantenspanner 70 mm f\u00fcr 12 mm Leinen &#8211; <\/p>\n<p>Ein St\u00fcck Teflon-beschichteter schwarzer eloxierter Aluminiumrahmen, sehr robuste Block ohne Schrauben und Stifte. Verbundfaserrollen und doppelt selbstsperrendes Kugellager, das keine Schmierung ben\u00f6tigt. Komplett mit hochbest\u00e4ndigem Edelstahl-Drehgelenk und -bock. Die hochwertigen Materialien garantieren hohe Arbeitslasten und zus\u00e4tzliches geringes Gewicht.<\/p>\n","protected":false},"excerpt":{"rendered":"<p>Antal Einzelblock mit Wantenspanner 70 mm f\u00fcr 12 mm Leinen &#8211; Ein St\u00fcck Teflon-beschichteter schwarzer eloxierter Aluminiumrahmen, sehr robuste Block<\/p>\n","protected":false},"featured_media":5936716,"comment_status":"open","ping_status":"closed","template":"","meta":[],"product_brand":[2785],"product_cat":[1475],"product_tag":[],"class_list":{"0":"post-735402","1":"product","2":"type-product","3":"status-publish","4":"has-post-thumbnail","6":"product_brand-antal-de","7":"product_cat-antal-bloecke","9":"first","10":"instock","11":"shipping-taxable","12":"purchasable","13":"product-type-simple"},"_links":{"self":[{"href":"https:\/\/stoic-curie.212-227-153-4.plesk.page\/de\/wp-json\/wp\/v2\/product\/735402","targetHints":{"allow":["GET"]}}],"collection":[{"href":"https:\/\/stoic-curie.212-227-153-4.plesk.page\/de\/wp-json\/wp\/v2\/product"}],"about":[{"href":"https:\/\/stoic-curie.212-227-153-4.plesk.page\/de\/wp-json\/wp\/v2\/types\/product"}],"replies":[{"embeddable":true,"href":"https:\/\/stoic-curie.212-227-153-4.plesk.page\/de\/wp-json\/wp\/v2\/comments?post=735402"}],"version-history":[{"count":0,"href":"https:\/\/stoic-curie.212-227-153-4.plesk.page\/de\/wp-json\/wp\/v2\/product\/735402\/revisions"}],"wp:featuredmedia":[{"embeddable":true,"href":"https:\/\/stoic-curie.212-227-153-4.plesk.page\/de\/wp-json\/wp\/v2\/media\/5936716"}],"wp:attachment":[{"href":"https:\/\/stoic-curie.212-227-153-4.plesk.page\/de\/wp-json\/wp\/v2\/media?parent=735402"}],"wp:term":[{"taxonomy":"product_brand","embeddable":true,"href":"https:\/\/stoic-curie.212-227-153-4.plesk.page\/de\/wp-json\/wp\/v2\/product_brand?post=735402"},{"taxonomy":"product_cat","embeddable":true,"href":"https:\/\/stoic-curie.212-227-153-4.plesk.page\/de\/wp-json\/wp\/v2\/product_cat?post=735402"},{"taxonomy":"product_tag","embeddable":true,"href":"https:\/\/stoic-curie.212-227-153-4.plesk.page\/de\/wp-json\/wp\/v2\/product_tag?post=735402"}],"curies":[{"name":"wp","href":"https:\/\/api.w.org\/{rel}","templated":true}]}}