{"id":735411,"date":"2025-03-03T16:27:57","date_gmt":"2025-03-03T15:27:57","guid":{"rendered":"https:\/\/stoic-curie.212-227-153-4.plesk.page\/producto\/antal-einzelblock-klemme-70-mm-fuer-12-mm-leinen\/"},"modified":"2026-02-24T23:35:01","modified_gmt":"2026-02-24T23:35:01","slug":"antal-einzelblock-klemme-70-mm-fuer-12-mm-leinen","status":"publish","type":"product","link":"https:\/\/stoic-curie.212-227-153-4.plesk.page\/de\/product\/antal-einzelblock-klemme-70-mm-fuer-12-mm-leinen\/","title":{"rendered":"Antal Einzelblock + Klemme 70 mm f\u00fcr 12 mm Leinen"},"content":{"rendered":"<p>Antal Einzelblock + Klemme 70 mm f\u00fcr 12 mm Leinen &#8211; <\/p>\n<p>Einteiliges teflonbeschichtetes schwarzes oxidiertes Aluminiumrahmen, sehr robuste Block ohne Schrauben und Stifte. Kompositfaserrollen und doppelt selbstzentrierendes Kugellager, das keine Schmierung ben\u00f6tigt. Komplett mit hochbelastbarem Edelstahl-Schwenktopf und Sch\u00e4keln. Die hochwertigen Materialien garantieren hohe Belastungen und zus\u00e4tzliche Leichtigkeit.<\/p>\n","protected":false},"excerpt":{"rendered":"<p>Antal Einzelblock + Klemme 70 mm f\u00fcr 12 mm Leinen &#8211; Einteiliges teflonbeschichtetes schwarzes oxidiertes Aluminiumrahmen, sehr robuste Block ohne<\/p>\n","protected":false},"featured_media":5936714,"comment_status":"open","ping_status":"closed","template":"","meta":[],"product_brand":[2785],"product_cat":[1475],"product_tag":[],"class_list":{"0":"post-735411","1":"product","2":"type-product","3":"status-publish","4":"has-post-thumbnail","6":"product_brand-antal-de","7":"product_cat-antal-bloecke","9":"first","10":"outofstock","11":"shipping-taxable","12":"purchasable","13":"product-type-simple"},"_links":{"self":[{"href":"https:\/\/stoic-curie.212-227-153-4.plesk.page\/de\/wp-json\/wp\/v2\/product\/735411","targetHints":{"allow":["GET"]}}],"collection":[{"href":"https:\/\/stoic-curie.212-227-153-4.plesk.page\/de\/wp-json\/wp\/v2\/product"}],"about":[{"href":"https:\/\/stoic-curie.212-227-153-4.plesk.page\/de\/wp-json\/wp\/v2\/types\/product"}],"replies":[{"embeddable":true,"href":"https:\/\/stoic-curie.212-227-153-4.plesk.page\/de\/wp-json\/wp\/v2\/comments?post=735411"}],"version-history":[{"count":0,"href":"https:\/\/stoic-curie.212-227-153-4.plesk.page\/de\/wp-json\/wp\/v2\/product\/735411\/revisions"}],"wp:featuredmedia":[{"embeddable":true,"href":"https:\/\/stoic-curie.212-227-153-4.plesk.page\/de\/wp-json\/wp\/v2\/media\/5936714"}],"wp:attachment":[{"href":"https:\/\/stoic-curie.212-227-153-4.plesk.page\/de\/wp-json\/wp\/v2\/media?parent=735411"}],"wp:term":[{"taxonomy":"product_brand","embeddable":true,"href":"https:\/\/stoic-curie.212-227-153-4.plesk.page\/de\/wp-json\/wp\/v2\/product_brand?post=735411"},{"taxonomy":"product_cat","embeddable":true,"href":"https:\/\/stoic-curie.212-227-153-4.plesk.page\/de\/wp-json\/wp\/v2\/product_cat?post=735411"},{"taxonomy":"product_tag","embeddable":true,"href":"https:\/\/stoic-curie.212-227-153-4.plesk.page\/de\/wp-json\/wp\/v2\/product_tag?post=735411"}],"curies":[{"name":"wp","href":"https:\/\/api.w.org\/{rel}","templated":true}]}}