{"id":735423,"date":"2025-03-03T16:28:00","date_gmt":"2025-03-03T15:28:00","guid":{"rendered":"https:\/\/stoic-curie.212-227-153-4.plesk.page\/producto\/sprenger-riemenscheibe-single-swivel-mit-cam-cleat-und-becket-36mm-bis-10mm-linien\/"},"modified":"2026-02-24T23:35:01","modified_gmt":"2026-02-24T23:35:01","slug":"sprenger-riemenscheibe-single-swivel-mit-cam-cleat-und-becket-36mm-bis-10mm-linien","status":"publish","type":"product","link":"https:\/\/stoic-curie.212-227-153-4.plesk.page\/de\/product\/sprenger-riemenscheibe-single-swivel-mit-cam-cleat-und-becket-36mm-bis-10mm-linien\/","title":{"rendered":"Sprenger Riemenscheibe Single Swivel mit Cam Cleat und Becket 36mm bis 10mm Linien"},"content":{"rendered":"<p>Sprenger Riemenscheibe Single Swivel mit Cam Cleat und Becket 36mm bis 10mm Linien &#8211; <\/p>\n<p>Gleitlager HS Bl\u00f6cke f\u00fcr Seile bis zu 10 mm. Gleitlager: UV-best\u00e4ndiger Hi-Q-Kunststoff. Scheibendurchmesser 36 mm: UV-best\u00e4ndiger Hi-Q-Kunststoff. Backen: UV-best\u00e4ndiger Hi-Q-Kunststoff und Edelstahlriemen. Bruchlast: 850 Kg.<\/p>\n","protected":false},"excerpt":{"rendered":"<p>Sprenger Riemenscheibe Single Swivel mit Cam Cleat und Becket 36mm bis 10mm Linien &#8211; Gleitlager HS Bl\u00f6cke f\u00fcr Seile bis<\/p>\n","protected":false},"featured_media":5936187,"comment_status":"open","ping_status":"closed","template":"","meta":[],"product_brand":[3430],"product_cat":[1482],"product_tag":[],"class_list":{"0":"post-735423","1":"product","2":"type-product","3":"status-publish","4":"has-post-thumbnail","6":"product_brand-sprenger-hs-de","7":"product_cat-sprenger-bloecke","9":"first","10":"instock","11":"shipping-taxable","12":"purchasable","13":"product-type-simple"},"_links":{"self":[{"href":"https:\/\/stoic-curie.212-227-153-4.plesk.page\/de\/wp-json\/wp\/v2\/product\/735423","targetHints":{"allow":["GET"]}}],"collection":[{"href":"https:\/\/stoic-curie.212-227-153-4.plesk.page\/de\/wp-json\/wp\/v2\/product"}],"about":[{"href":"https:\/\/stoic-curie.212-227-153-4.plesk.page\/de\/wp-json\/wp\/v2\/types\/product"}],"replies":[{"embeddable":true,"href":"https:\/\/stoic-curie.212-227-153-4.plesk.page\/de\/wp-json\/wp\/v2\/comments?post=735423"}],"version-history":[{"count":0,"href":"https:\/\/stoic-curie.212-227-153-4.plesk.page\/de\/wp-json\/wp\/v2\/product\/735423\/revisions"}],"wp:featuredmedia":[{"embeddable":true,"href":"https:\/\/stoic-curie.212-227-153-4.plesk.page\/de\/wp-json\/wp\/v2\/media\/5936187"}],"wp:attachment":[{"href":"https:\/\/stoic-curie.212-227-153-4.plesk.page\/de\/wp-json\/wp\/v2\/media?parent=735423"}],"wp:term":[{"taxonomy":"product_brand","embeddable":true,"href":"https:\/\/stoic-curie.212-227-153-4.plesk.page\/de\/wp-json\/wp\/v2\/product_brand?post=735423"},{"taxonomy":"product_cat","embeddable":true,"href":"https:\/\/stoic-curie.212-227-153-4.plesk.page\/de\/wp-json\/wp\/v2\/product_cat?post=735423"},{"taxonomy":"product_tag","embeddable":true,"href":"https:\/\/stoic-curie.212-227-153-4.plesk.page\/de\/wp-json\/wp\/v2\/product_tag?post=735423"}],"curies":[{"name":"wp","href":"https:\/\/api.w.org\/{rel}","templated":true}]}}