{"id":735430,"date":"2025-03-03T16:28:01","date_gmt":"2025-03-03T15:28:01","guid":{"rendered":"https:\/\/stoic-curie.212-227-153-4.plesk.page\/producto\/t-spur-schiene-antal-40mm-x-2m\/"},"modified":"2026-02-24T23:35:01","modified_gmt":"2026-02-24T23:35:01","slug":"t-spur-schiene-antal-40mm-x-2m","status":"publish","type":"product","link":"https:\/\/stoic-curie.212-227-153-4.plesk.page\/de\/product\/t-spur-schiene-antal-40mm-x-2m\/","title":{"rendered":"T-Spur-Schiene Antal 40mm x 2m"},"content":{"rendered":"<p>T-Spur-Schiene Antal 40mm x 2m &#8211; <\/p>\n<p>Schwarz polierter Aluminiumwagen mit reibungsarmen Nylon-Gleitlagern. Drehbare (\u00c2\u00b150\u00c2\u00b0) Basis aus 316 Edelstahl. Aluminiumrolle mit 2 seitlichen Kugellagern. 316 Edelstahlstift mit Feststellposition. Becket f\u00fcr Fernsteuerlinie. SWL 3800 kg. T-Schiene mit 100 mm Abstand zwischen den L\u00f6chern. Hochbest\u00e4ndiges eloxiertes Aluminium. Montage mit 8 mm Schrauben.<\/p>\n","protected":false},"excerpt":{"rendered":"<p>T-Spur-Schiene Antal 40mm x 2m &#8211; Schwarz polierter Aluminiumwagen mit reibungsarmen Nylon-Gleitlagern. Drehbare (\u00c2\u00b150\u00c2\u00b0) Basis aus 316 Edelstahl. Aluminiumrolle mit<\/p>\n","protected":false},"featured_media":5943433,"comment_status":"open","ping_status":"closed","template":"","meta":[],"product_brand":[2785],"product_cat":[1472],"product_tag":[],"class_list":{"0":"post-735430","1":"product","2":"type-product","3":"status-publish","4":"has-post-thumbnail","6":"product_brand-antal-de","7":"product_cat-segelbootsysteme-fuer-genua-schlitten","9":"first","10":"outofstock","11":"shipping-taxable","12":"purchasable","13":"product-type-simple"},"_links":{"self":[{"href":"https:\/\/stoic-curie.212-227-153-4.plesk.page\/de\/wp-json\/wp\/v2\/product\/735430","targetHints":{"allow":["GET"]}}],"collection":[{"href":"https:\/\/stoic-curie.212-227-153-4.plesk.page\/de\/wp-json\/wp\/v2\/product"}],"about":[{"href":"https:\/\/stoic-curie.212-227-153-4.plesk.page\/de\/wp-json\/wp\/v2\/types\/product"}],"replies":[{"embeddable":true,"href":"https:\/\/stoic-curie.212-227-153-4.plesk.page\/de\/wp-json\/wp\/v2\/comments?post=735430"}],"version-history":[{"count":0,"href":"https:\/\/stoic-curie.212-227-153-4.plesk.page\/de\/wp-json\/wp\/v2\/product\/735430\/revisions"}],"wp:featuredmedia":[{"embeddable":true,"href":"https:\/\/stoic-curie.212-227-153-4.plesk.page\/de\/wp-json\/wp\/v2\/media\/5943433"}],"wp:attachment":[{"href":"https:\/\/stoic-curie.212-227-153-4.plesk.page\/de\/wp-json\/wp\/v2\/media?parent=735430"}],"wp:term":[{"taxonomy":"product_brand","embeddable":true,"href":"https:\/\/stoic-curie.212-227-153-4.plesk.page\/de\/wp-json\/wp\/v2\/product_brand?post=735430"},{"taxonomy":"product_cat","embeddable":true,"href":"https:\/\/stoic-curie.212-227-153-4.plesk.page\/de\/wp-json\/wp\/v2\/product_cat?post=735430"},{"taxonomy":"product_tag","embeddable":true,"href":"https:\/\/stoic-curie.212-227-153-4.plesk.page\/de\/wp-json\/wp\/v2\/product_tag?post=735430"}],"curies":[{"name":"wp","href":"https:\/\/api.w.org\/{rel}","templated":true}]}}