{"id":735436,"date":"2025-03-03T16:28:03","date_gmt":"2025-03-03T15:28:03","guid":{"rendered":"https:\/\/stoic-curie.212-227-153-4.plesk.page\/producto\/segelboot-deckorganisator-antal-v-cam-814-3-rollen-14mm-leine\/"},"modified":"2026-02-24T23:35:01","modified_gmt":"2026-02-24T23:35:01","slug":"segelboot-deckorganisator-antal-v-cam-814-3-rollen-14mm-leine","status":"publish","type":"product","link":"https:\/\/stoic-curie.212-227-153-4.plesk.page\/de\/product\/segelboot-deckorganisator-antal-v-cam-814-3-rollen-14mm-leine\/","title":{"rendered":"Segelboot-Deckorganisator Antal V-Cam 814 3 Rollen &#8211; 14mm Leine"},"content":{"rendered":"<p>Segelboot-Deckorganisator Antal V-Cam 814 3 Rollen &#8211; 14mm Leine &#8211; <\/p>\n<p>Organizer, der es erm\u00f6glicht, die Linie zum Winsch umzuleiten. Schwarze gebr\u00e4nnte Aluminiumgeh\u00e4use und Scheiben mit Kugellagern. Maximale Traglast 400 kg.<\/p>\n","protected":false},"excerpt":{"rendered":"<p>Segelboot-Deckorganisator Antal V-Cam 814 3 Rollen &#8211; 14mm Leine &#8211; Organizer, der es erm\u00f6glicht, die Linie zum Winsch umzuleiten. Schwarze<\/p>\n","protected":false},"featured_media":5940020,"comment_status":"open","ping_status":"closed","template":"","meta":[],"product_brand":[2785],"product_cat":[1473],"product_tag":[],"class_list":{"0":"post-735436","1":"product","2":"type-product","3":"status-publish","4":"has-post-thumbnail","6":"product_brand-antal-de","7":"product_cat-deck-organizer","9":"first","10":"instock","11":"shipping-taxable","12":"purchasable","13":"product-type-simple"},"_links":{"self":[{"href":"https:\/\/stoic-curie.212-227-153-4.plesk.page\/de\/wp-json\/wp\/v2\/product\/735436","targetHints":{"allow":["GET"]}}],"collection":[{"href":"https:\/\/stoic-curie.212-227-153-4.plesk.page\/de\/wp-json\/wp\/v2\/product"}],"about":[{"href":"https:\/\/stoic-curie.212-227-153-4.plesk.page\/de\/wp-json\/wp\/v2\/types\/product"}],"replies":[{"embeddable":true,"href":"https:\/\/stoic-curie.212-227-153-4.plesk.page\/de\/wp-json\/wp\/v2\/comments?post=735436"}],"version-history":[{"count":0,"href":"https:\/\/stoic-curie.212-227-153-4.plesk.page\/de\/wp-json\/wp\/v2\/product\/735436\/revisions"}],"wp:featuredmedia":[{"embeddable":true,"href":"https:\/\/stoic-curie.212-227-153-4.plesk.page\/de\/wp-json\/wp\/v2\/media\/5940020"}],"wp:attachment":[{"href":"https:\/\/stoic-curie.212-227-153-4.plesk.page\/de\/wp-json\/wp\/v2\/media?parent=735436"}],"wp:term":[{"taxonomy":"product_brand","embeddable":true,"href":"https:\/\/stoic-curie.212-227-153-4.plesk.page\/de\/wp-json\/wp\/v2\/product_brand?post=735436"},{"taxonomy":"product_cat","embeddable":true,"href":"https:\/\/stoic-curie.212-227-153-4.plesk.page\/de\/wp-json\/wp\/v2\/product_cat?post=735436"},{"taxonomy":"product_tag","embeddable":true,"href":"https:\/\/stoic-curie.212-227-153-4.plesk.page\/de\/wp-json\/wp\/v2\/product_tag?post=735436"}],"curies":[{"name":"wp","href":"https:\/\/api.w.org\/{rel}","templated":true}]}}