{"id":735437,"date":"2025-03-03T16:28:03","date_gmt":"2025-03-03T15:28:03","guid":{"rendered":"https:\/\/stoic-curie.212-227-153-4.plesk.page\/producto\/antal-4261-11-1m\/"},"modified":"2026-02-24T23:35:01","modified_gmt":"2026-02-24T23:35:01","slug":"antal-4261-11-1m","status":"publish","type":"product","link":"https:\/\/stoic-curie.212-227-153-4.plesk.page\/de\/product\/antal-4261-11-1m\/","title":{"rendered":"Antal 4261 1:1 &#8211; 1m"},"content":{"rendered":"<p>Antal 4261 1:1 &#8211; 1m &#8211; <\/p>\n<p>Wir pr\u00e4sentieren das innovative Antal 4261 Hauptsegel-Schlittensystem f\u00fcr Segelboote, eine hochmoderne L\u00f6sung, die darauf ausgelegt ist, Ihr Segelerlebnis zu verbessern. Dieses fortschrittliche System wurde mit h\u00f6chster Pr\u00e4zision entwickelt und verf\u00fcgt \u00fcber 1\/4-Zoll-Kugeln, darunter insgesamt 50 Torlon-Kugeln, die strategisch in den unteren Lauffl\u00e4chen platziert sind, und weitere 50 Delrin-Kugeln in den oberen Lauffl\u00e4chen. Diese hochwertigen Materialien gew\u00e4hrleisten einen reibungslosen Betrieb und Langlebigkeit, was dieses System zur zuverl\u00e4ssigen Wahl f\u00fcr Segler macht, die nur das Beste verlangen.<\/p>\n<p>Die seitlichen Seilrollen, die speziell f\u00fcr die Wagensteuerung konzipiert wurden, haben einen Durchmesser von 35 mm, was nahtlose Anpassungen beim Segeln erm\u00f6glicht. Das komplette Paket ist durchdacht zusammengestellt und kommt mit einer Schiene und einem Blocksystem sowie einem Antal-Wagen, der perfekt f\u00fcr eine volle Gr\u00f6\u00dfe von 100 zugeschnitten ist. Dar\u00fcber hinaus sind ein 1,5 Meter langer Zaunbecket, eine Referenz und ein Taper-Tack enthalten, die alles bieten, was Sie f\u00fcr ein umfassendes Segelsystem ben\u00f6tigen.<\/p>\n<p>Dieses umfassende System integriert die Schiene, den Wagen und zwei Anschl\u00e4ge, um m\u00fchelose Funktionalit\u00e4t und Benutzerfreundlichkeit zu gew\u00e4hrleisten. Der Wagen selbst wurde mit Pr\u00e4zision konstruiert und misst 98 mm in der L\u00e4nge und 62 mm in der Breite, w\u00e4hrend er mit 230 Gramm angenehm leicht ist. Trotz seines leichten Designs kann er eine beeindruckende Last von bis zu 820 kg bew\u00e4ltigen, was ihn f\u00fcr verschiedene Segelbedingungen und Anforderungen geeignet macht.<\/p>\n<p>Der Wagen verf\u00fcgt \u00fcber die gleichen 1\/4-Zoll-Kugeln, mit 50 Torlon-Kugeln in den unteren Bahnen und 50 Delrin-Kugeln in den oberen Bahnen, die eine gleichbleibende Leistung und Zuverl\u00e4ssigkeit gew\u00e4hrleisten. Die Steuerseilrollen am Wagen, mit einem Durchmesser von 35 mm, erm\u00f6glichen einen reibungslosen und effizienten Betrieb, sodass Segler schnelle Anpassungen vornehmen k\u00f6nnen, wenn dies erforderlich ist.<\/p>\n<p>Zudem enth\u00e4lt das gesamte System eine robuste 1,5 Meter lange Schiene und ist mit einer &#8220;STAND UP&#8221;-Befestigung f\u00fcr den Wagen ausgestattet. Diese Befestigung ist mit einem Gummistop ausgestattet, der die Stabilit\u00e4t erh\u00f6ht und sicherstellt, dass das System w\u00e4hrend des Gebrauchs sicher an Ort und Stelle bleibt. Sie ist auch kompatibel mit Bl\u00f6cken mit einem Durchmesser von 55 mm, was sie zu einer vielseitigen Erg\u00e4nzung Ihrer Segelausr\u00fcstung macht. Mit dem Antal 4261 Hauptsegel-Schlittensystem f\u00fcr Segelboote k\u00f6nnen Sie mit Vertrauen segeln, da Sie wissen, dass Sie ein erstklassiges Produkt zur Verf\u00fcgung haben.<\/p>\n","protected":false},"excerpt":{"rendered":"<p>Antal 4261 1:1 &#8211; 1m &#8211; Wir pr\u00e4sentieren das innovative Antal 4261 Hauptsegel-Schlittensystem f\u00fcr Segelboote, eine hochmoderne L\u00f6sung, die darauf<\/p>\n","protected":false},"featured_media":5943434,"comment_status":"open","ping_status":"closed","template":"","meta":[],"product_brand":[2785],"product_cat":[1472],"product_tag":[],"class_list":{"0":"post-735437","1":"product","2":"type-product","3":"status-publish","4":"has-post-thumbnail","6":"product_brand-antal-de","7":"product_cat-segelbootsysteme-fuer-genua-schlitten","9":"first","10":"instock","11":"shipping-taxable","12":"purchasable","13":"product-type-simple"},"_links":{"self":[{"href":"https:\/\/stoic-curie.212-227-153-4.plesk.page\/de\/wp-json\/wp\/v2\/product\/735437","targetHints":{"allow":["GET"]}}],"collection":[{"href":"https:\/\/stoic-curie.212-227-153-4.plesk.page\/de\/wp-json\/wp\/v2\/product"}],"about":[{"href":"https:\/\/stoic-curie.212-227-153-4.plesk.page\/de\/wp-json\/wp\/v2\/types\/product"}],"replies":[{"embeddable":true,"href":"https:\/\/stoic-curie.212-227-153-4.plesk.page\/de\/wp-json\/wp\/v2\/comments?post=735437"}],"version-history":[{"count":0,"href":"https:\/\/stoic-curie.212-227-153-4.plesk.page\/de\/wp-json\/wp\/v2\/product\/735437\/revisions"}],"wp:featuredmedia":[{"embeddable":true,"href":"https:\/\/stoic-curie.212-227-153-4.plesk.page\/de\/wp-json\/wp\/v2\/media\/5943434"}],"wp:attachment":[{"href":"https:\/\/stoic-curie.212-227-153-4.plesk.page\/de\/wp-json\/wp\/v2\/media?parent=735437"}],"wp:term":[{"taxonomy":"product_brand","embeddable":true,"href":"https:\/\/stoic-curie.212-227-153-4.plesk.page\/de\/wp-json\/wp\/v2\/product_brand?post=735437"},{"taxonomy":"product_cat","embeddable":true,"href":"https:\/\/stoic-curie.212-227-153-4.plesk.page\/de\/wp-json\/wp\/v2\/product_cat?post=735437"},{"taxonomy":"product_tag","embeddable":true,"href":"https:\/\/stoic-curie.212-227-153-4.plesk.page\/de\/wp-json\/wp\/v2\/product_tag?post=735437"}],"curies":[{"name":"wp","href":"https:\/\/api.w.org\/{rel}","templated":true}]}}