{"id":735440,"date":"2025-03-03T16:28:04","date_gmt":"2025-03-03T15:28:04","guid":{"rendered":"https:\/\/stoic-curie.212-227-153-4.plesk.page\/producto\/polyform-f13-1950-x-800-mm\/"},"modified":"2026-02-24T23:35:01","modified_gmt":"2026-02-24T23:35:01","slug":"polyform-f13-1950-x-800-mm","status":"publish","type":"product","link":"https:\/\/stoic-curie.212-227-153-4.plesk.page\/de\/product\/polyform-f13-1950-x-800-mm\/","title":{"rendered":"Polyform F13"},"content":{"rendered":"<p>Polyform F13 &#8211; <\/p>\n<p style=\"color: rgb(34, 34, 34); font-family: Arial, Helvetica, sans-serif; font-size: small;\">Die Polyform F13 (1950x800mm) ist eine hochwertige, robuste Boje, die aus einer einzigartigen Kombination von hochwertigen Materialien in einem nahtlosen St\u00fcck hergestellt wird. Diese Bojen sind f\u00fcr Langlebigkeit konzipiert und verf\u00fcgen \u00fcber eine verst\u00e4rkte Seilaufnahme mit Rippen. Sie sind rotomolded aus strapazierf\u00e4higem, flexiblem Vinyl und halten allen Wetterbedingungen stand. Die HL-Serie Bojen werden weltweit f\u00fcr verschiedene Zwecke eingesetzt, wie z. B. als Netzk\u00f6rper in der kommerziellen Fischerei, als Markierungen f\u00fcr lange Linien, f\u00fcr Hummer- und Krabbenfallen sowie als robuste Fender.<\/p>\n<p style=\"color: rgb(34, 34, 34); font-family: Arial, Helvetica, sans-serif; font-size: small;\">Technische Daten umfassen:<\/p>\n<ul style=\"color: rgb(34, 34, 34); font-family: Arial, Helvetica, sans-serif; font-size: small;\">\n<li>Artikelnummer: F13<\/li>\n<li>Maximaler Durchmesser: 750 mm<\/li>\n<li>Maximale H\u00f6he: 1880 mm<\/li>\n<li>Nettogewicht: 23,0 kg<\/li>\n<li>Augendurchmesser f\u00fcr Seilaufnahme: 40 mm<\/li>\n<li>Ventiltyp: V40<\/li>\n<li>Brutto Volumen: 700 L<\/li>\n<\/ul>\n<p style=\"color: rgb(34, 34, 34); font-family: Arial, Helvetica, sans-serif; font-size: small;\">Polyform ist ein f\u00fchrender Hersteller von Bojen, Fendern und Schwimmk\u00f6rpern, der f\u00fcr die Pionierarbeit bei der modernen aufblasbaren Kunststoffboje bekannt ist. Das Unternehmen hat seinen Sitz in \u00c5lesund, Norwegen, und gedeiht in einem der fortschrittlichsten maritimen Umgebungen der Welt. Polyform AS bietet eine breite Palette von Produkten an, darunter:<\/p>\n<ul style=\"color: rgb(34, 34, 34); font-family: Arial, Helvetica, sans-serif; font-size: small;\">\n<li>Aufblasbare Bojen und Fender aus weichem Vinylmaterial<\/li>\n<li>Ringnetz-Schwimmk\u00f6rper, Bojen und Marina-Fender aus BACELL-Schaumstoff mit geschlossener Zellstruktur<\/li>\n<li>Hartschalenbojen und Ponton-Schwimmk\u00f6rper aus PE, die mit Schaum gef\u00fcllt sind<\/li>\n<\/ul>\n","protected":false},"excerpt":{"rendered":"<p>Polyform F13 &#8211; Die Polyform F13 (1950x800mm) ist eine hochwertige, robuste Boje, die aus einer einzigartigen Kombination von hochwertigen Materialien<\/p>\n","protected":false},"featured_media":5940085,"comment_status":"open","ping_status":"closed","template":"","meta":[],"product_brand":[3270],"product_cat":[1561],"product_tag":[],"class_list":{"0":"post-735440","1":"product","2":"type-product","3":"status-publish","4":"has-post-thumbnail","6":"product_brand-polyform-de","7":"product_cat-fender","9":"first","10":"instock","11":"shipping-taxable","12":"purchasable","13":"product-type-simple"},"_links":{"self":[{"href":"https:\/\/stoic-curie.212-227-153-4.plesk.page\/de\/wp-json\/wp\/v2\/product\/735440","targetHints":{"allow":["GET"]}}],"collection":[{"href":"https:\/\/stoic-curie.212-227-153-4.plesk.page\/de\/wp-json\/wp\/v2\/product"}],"about":[{"href":"https:\/\/stoic-curie.212-227-153-4.plesk.page\/de\/wp-json\/wp\/v2\/types\/product"}],"replies":[{"embeddable":true,"href":"https:\/\/stoic-curie.212-227-153-4.plesk.page\/de\/wp-json\/wp\/v2\/comments?post=735440"}],"version-history":[{"count":0,"href":"https:\/\/stoic-curie.212-227-153-4.plesk.page\/de\/wp-json\/wp\/v2\/product\/735440\/revisions"}],"wp:featuredmedia":[{"embeddable":true,"href":"https:\/\/stoic-curie.212-227-153-4.plesk.page\/de\/wp-json\/wp\/v2\/media\/5940085"}],"wp:attachment":[{"href":"https:\/\/stoic-curie.212-227-153-4.plesk.page\/de\/wp-json\/wp\/v2\/media?parent=735440"}],"wp:term":[{"taxonomy":"product_brand","embeddable":true,"href":"https:\/\/stoic-curie.212-227-153-4.plesk.page\/de\/wp-json\/wp\/v2\/product_brand?post=735440"},{"taxonomy":"product_cat","embeddable":true,"href":"https:\/\/stoic-curie.212-227-153-4.plesk.page\/de\/wp-json\/wp\/v2\/product_cat?post=735440"},{"taxonomy":"product_tag","embeddable":true,"href":"https:\/\/stoic-curie.212-227-153-4.plesk.page\/de\/wp-json\/wp\/v2\/product_tag?post=735440"}],"curies":[{"name":"wp","href":"https:\/\/api.w.org\/{rel}","templated":true}]}}