{"id":735443,"date":"2025-03-03T16:28:04","date_gmt":"2025-03-03T15:28:04","guid":{"rendered":"https:\/\/stoic-curie.212-227-153-4.plesk.page\/producto\/fendress-fenderbezug-a5-schwarz\/"},"modified":"2026-02-24T23:35:01","modified_gmt":"2026-02-24T23:35:01","slug":"fendress-fenderbezug-a5-schwarz","status":"publish","type":"product","link":"https:\/\/stoic-curie.212-227-153-4.plesk.page\/de\/product\/fendress-fenderbezug-a5-schwarz\/","title":{"rendered":"Fendress Fenderbezug A5 Schwarz"},"content":{"rendered":"<p>Fendress Fenderbezug A5 Schwarz &#8211; <\/p>\n<p>Pl\u00fcsch-Fleece handgefertigte Fendress Fenderbez\u00fcge. Premium-Schutz f\u00fcr Ihre Fender, w\u00e4hrend unangenehme Quietschen und Kratzspuren beseitigt werden. Die weichen und robusten Fenderbez\u00fcge sch\u00fctzen effektiv Ihre Gelcoat-Lei- tung und verl\u00e4ngern die Lebensdauer Ihrer Fender.<\/p>\n<p>\u2022 \u201eFendress Covers\u201c sind 100% handgefertigt aus acryl, qualitativ hochwertig, widerstandsf\u00e4hig und nicht abrasiv. Die weichen, pl\u00fcschigen Fleece-Fenderbez\u00fcge bieten den ultimativen Schutz f\u00fcr Ihre Aufbauten.<br \/>\u2022 \u201eFendress Covers\u201c sind UV- und salzwasserbest\u00e4ndig und sch\u00fctzen Ihre Gelcoat-Oberfl\u00e4che effektiv vor Kratzern und Abrieb. Der strapazierf\u00e4hige Fleece-Stoff vereint alle besten Eigenschaften, darunter Rei\u00df- und Abriebsfestigkeit, schnelles Trocknen und leichte Reinigung.<br \/>\u2022 \u201eFendress Covers\u201c verl\u00e4ngern die Lebensdauer Ihrer Fender und beseitigen l\u00e4stiges Fenderquietschen. UV-best\u00e4ndige Farben hinterlassen keine Flecken auf Ihren Aufbauten. Maschinenwaschbar.<br \/>\u2022 \u201eFendress Covers\u201c mit hochbest\u00e4ndigem Oberteil und elastischer Unterkante bieten eine individuelle Passform f\u00fcr alle Fenderarten. Die Bez\u00fcge sind in 9 Farben erh\u00e4ltlich.<\/p>\n","protected":false},"excerpt":{"rendered":"<p>Fendress Fenderbezug A5 Schwarz &#8211; Pl\u00fcsch-Fleece handgefertigte Fendress Fenderbez\u00fcge. Premium-Schutz f\u00fcr Ihre Fender, w\u00e4hrend unangenehme Quietschen und Kratzspuren beseitigt werden.<\/p>\n","protected":false},"featured_media":2997517,"comment_status":"open","ping_status":"closed","template":"","meta":[],"product_brand":[2233,2935],"product_cat":[1564],"product_tag":[],"class_list":{"0":"post-735443","1":"product","2":"type-product","3":"status-publish","4":"has-post-thumbnail","6":"product_brand-fendress","7":"product_brand-fendress-de","8":"product_cat-fenderhuellen","10":"first","11":"instock","12":"shipping-taxable","13":"purchasable","14":"product-type-simple"},"_links":{"self":[{"href":"https:\/\/stoic-curie.212-227-153-4.plesk.page\/de\/wp-json\/wp\/v2\/product\/735443","targetHints":{"allow":["GET"]}}],"collection":[{"href":"https:\/\/stoic-curie.212-227-153-4.plesk.page\/de\/wp-json\/wp\/v2\/product"}],"about":[{"href":"https:\/\/stoic-curie.212-227-153-4.plesk.page\/de\/wp-json\/wp\/v2\/types\/product"}],"replies":[{"embeddable":true,"href":"https:\/\/stoic-curie.212-227-153-4.plesk.page\/de\/wp-json\/wp\/v2\/comments?post=735443"}],"version-history":[{"count":0,"href":"https:\/\/stoic-curie.212-227-153-4.plesk.page\/de\/wp-json\/wp\/v2\/product\/735443\/revisions"}],"wp:featuredmedia":[{"embeddable":true,"href":"https:\/\/stoic-curie.212-227-153-4.plesk.page\/de\/wp-json\/"}],"wp:attachment":[{"href":"https:\/\/stoic-curie.212-227-153-4.plesk.page\/de\/wp-json\/wp\/v2\/media?parent=735443"}],"wp:term":[{"taxonomy":"product_brand","embeddable":true,"href":"https:\/\/stoic-curie.212-227-153-4.plesk.page\/de\/wp-json\/wp\/v2\/product_brand?post=735443"},{"taxonomy":"product_cat","embeddable":true,"href":"https:\/\/stoic-curie.212-227-153-4.plesk.page\/de\/wp-json\/wp\/v2\/product_cat?post=735443"},{"taxonomy":"product_tag","embeddable":true,"href":"https:\/\/stoic-curie.212-227-153-4.plesk.page\/de\/wp-json\/wp\/v2\/product_tag?post=735443"}],"curies":[{"name":"wp","href":"https:\/\/api.w.org\/{rel}","templated":true}]}}