{"id":735446,"date":"2025-03-03T16:28:05","date_gmt":"2025-03-03T15:28:05","guid":{"rendered":"https:\/\/stoic-curie.212-227-153-4.plesk.page\/producto\/fendress-fenderbezugseinheit-a6-blau-navy\/"},"modified":"2026-02-24T23:35:01","modified_gmt":"2026-02-24T23:35:01","slug":"fendress-fenderbezugseinheit-a6-blau-navy","status":"publish","type":"product","link":"https:\/\/stoic-curie.212-227-153-4.plesk.page\/de\/product\/fendress-fenderbezugseinheit-a6-blau-navy\/","title":{"rendered":"Fendress Fenderbezugseinheit A6 Blau Navy"},"content":{"rendered":"<p>Fendress Fenderbezugseinheit A6 Blau Navy &#8211; <\/p>\n<p>Pl\u00fcschfleece handgefertigte Fendress Fenderbez\u00fcge. Premium-Schutz f\u00fcr Ihre Fender, w\u00e4hrend sie Fenderquietschen und -kratzer beseitigen. Weich und robust bieten diese Fenderbez\u00fcge effektiven Schutz f\u00fcr Ihre Gelcoat-Lackierung und verl\u00e4ngern die Lebensdauer Ihrer Fender.<\/p>\n<p>\u2022 \u201eFendress Covers\u201c sind 100% Acryl, handgefertigte Premium-Qualit\u00e4t, widerstandsf\u00e4hig und nicht abrasiv. Weiche, pl\u00fcschige Fleece-Fenderbez\u00fcge bieten den ultimativen Schutz f\u00fcr Ihre Oberfl\u00e4chen. \u2022 \u201eFendress Covers\u201c sind UV- und salzwasserbest\u00e4ndig und sch\u00fctzen effektiv Ihre Gelcoat-Lackierung vor Kratzern und Abrieb. Der strapazierf\u00e4hige und robuste Fleece-Stoff vereint alle besten Eigenschaften, einschlie\u00dflich Riss- und Abriebfestigkeit, schnelles Trocknen und einfache Abnahme zur Reinigung. \u2022 \u201eFendress Covers\u201c verl\u00e4ngern die Lebensdauer Ihrer Fender und beseitigen l\u00e4stiges Fenderquietschen. UV-best\u00e4ndige Farben hinterlassen keine Spuren auf Ihren Oberfl\u00e4chen. Maschinenwaschbar. \u2022 \u201eFendress Covers\u201c haben eine hochbest\u00e4ndige Oberseite und einen elastischen unteren Saum, der eine ma\u00dfgeschneiderte Passform f\u00fcr alle Arten von Fendern erm\u00f6glicht. Bez\u00fcge sind in 9 Farben erh\u00e4ltlich.<\/p>\n","protected":false},"excerpt":{"rendered":"<p>Fendress Fenderbezugseinheit A6 Blau Navy &#8211; Pl\u00fcschfleece handgefertigte Fendress Fenderbez\u00fcge. Premium-Schutz f\u00fcr Ihre Fender, w\u00e4hrend sie Fenderquietschen und -kratzer beseitigen.<\/p>\n","protected":false},"featured_media":5943435,"comment_status":"open","ping_status":"closed","template":"","meta":[],"product_brand":[2935],"product_cat":[1564],"product_tag":[],"class_list":{"0":"post-735446","1":"product","2":"type-product","3":"status-publish","4":"has-post-thumbnail","6":"product_brand-fendress-de","7":"product_cat-fenderhuellen","9":"first","10":"instock","11":"shipping-taxable","12":"purchasable","13":"product-type-simple"},"_links":{"self":[{"href":"https:\/\/stoic-curie.212-227-153-4.plesk.page\/de\/wp-json\/wp\/v2\/product\/735446","targetHints":{"allow":["GET"]}}],"collection":[{"href":"https:\/\/stoic-curie.212-227-153-4.plesk.page\/de\/wp-json\/wp\/v2\/product"}],"about":[{"href":"https:\/\/stoic-curie.212-227-153-4.plesk.page\/de\/wp-json\/wp\/v2\/types\/product"}],"replies":[{"embeddable":true,"href":"https:\/\/stoic-curie.212-227-153-4.plesk.page\/de\/wp-json\/wp\/v2\/comments?post=735446"}],"version-history":[{"count":0,"href":"https:\/\/stoic-curie.212-227-153-4.plesk.page\/de\/wp-json\/wp\/v2\/product\/735446\/revisions"}],"wp:featuredmedia":[{"embeddable":true,"href":"https:\/\/stoic-curie.212-227-153-4.plesk.page\/de\/wp-json\/wp\/v2\/media\/5943435"}],"wp:attachment":[{"href":"https:\/\/stoic-curie.212-227-153-4.plesk.page\/de\/wp-json\/wp\/v2\/media?parent=735446"}],"wp:term":[{"taxonomy":"product_brand","embeddable":true,"href":"https:\/\/stoic-curie.212-227-153-4.plesk.page\/de\/wp-json\/wp\/v2\/product_brand?post=735446"},{"taxonomy":"product_cat","embeddable":true,"href":"https:\/\/stoic-curie.212-227-153-4.plesk.page\/de\/wp-json\/wp\/v2\/product_cat?post=735446"},{"taxonomy":"product_tag","embeddable":true,"href":"https:\/\/stoic-curie.212-227-153-4.plesk.page\/de\/wp-json\/wp\/v2\/product_tag?post=735446"}],"curies":[{"name":"wp","href":"https:\/\/api.w.org\/{rel}","templated":true}]}}