{"id":735448,"date":"2025-03-03T16:28:05","date_gmt":"2025-03-03T15:28:05","guid":{"rendered":"https:\/\/stoic-curie.212-227-153-4.plesk.page\/producto\/fendress-fenderbezugseinheit-a6-beige\/"},"modified":"2026-02-24T23:35:01","modified_gmt":"2026-02-24T23:35:01","slug":"fendress-fenderbezugseinheit-a6-beige","status":"publish","type":"product","link":"https:\/\/stoic-curie.212-227-153-4.plesk.page\/de\/product\/fendress-fenderbezugseinheit-a6-beige\/","title":{"rendered":"Fendress Fenderbezugseinheit A6 Beige"},"content":{"rendered":"<p>Fendress Fenderbezugseinheit A6 Beige &#8211; <\/p>\n<p>Weiche, handgefertigte Fendress Fenderbez\u00fcge aus Fleece. Premiumschutz f\u00fcr Ihre Fender, der Fenderquietschen und Schrammen beseitigt. Diese robusten und weichen Fenderbez\u00fcge sch\u00fctzen effektiv Ihren Gelcoat und lassen Ihre Fender l\u00e4nger halten.<\/p>\n<p>\u2022 &#8220;Fendress Covers&#8221; sind zu 100 % aus Acryl, handgefertigt, in hochwertiger Qualit\u00e4t, widerstandsf\u00e4hig und nicht abrasiv gestrickt. Die weichen, pl\u00fcschigen Fleece-Fenderbez\u00fcge bieten den ultimativen Schutz f\u00fcr Ihre Oberseiten.<br \/>\u2022 &#8220;Fendress Covers&#8221; sind UV- und seawasserbest\u00e4ndig und sch\u00fctzen effektiv Ihre Gelcoat-Beschichtung vor Schrammen und Abrieb. Der strapazierf\u00e4hige Fleece-Stoff hat alle besten Eigenschaften, darunter Schnitt- und Abriebfestigkeit, schnelle Trocknung und einfache Entfernung zur Reinigung.<br \/>\u2022 &#8220;Fendress Covers&#8221; verl\u00e4ngern die Lebensdauer Ihrer Fender und beseitigen l\u00e4stiges Fenderquietschen. UV-best\u00e4ndige Farben hinterlassen keine Spuren auf Ihren Oberseiten. Waschmaschinengeeignet.<br \/>\u2022 &#8220;Fendress Covers&#8221; mit hochresistenter Oberseite und elastischem Saum erm\u00f6glichen eine ma\u00dfgeschneiderte Passform f\u00fcr alle Fenderarten. Die Bez\u00fcge sind in 9 Farben erh\u00e4ltlich.<\/p>\n","protected":false},"excerpt":{"rendered":"<p>Fendress Fenderbezugseinheit A6 Beige &#8211; Weiche, handgefertigte Fendress Fenderbez\u00fcge aus Fleece. Premiumschutz f\u00fcr Ihre Fender, der Fenderquietschen und Schrammen beseitigt.<\/p>\n","protected":false},"featured_media":5943435,"comment_status":"open","ping_status":"closed","template":"","meta":[],"product_brand":[2935],"product_cat":[1564],"product_tag":[],"class_list":{"0":"post-735448","1":"product","2":"type-product","3":"status-publish","4":"has-post-thumbnail","6":"product_brand-fendress-de","7":"product_cat-fenderhuellen","9":"first","10":"instock","11":"shipping-taxable","12":"purchasable","13":"product-type-simple"},"_links":{"self":[{"href":"https:\/\/stoic-curie.212-227-153-4.plesk.page\/de\/wp-json\/wp\/v2\/product\/735448","targetHints":{"allow":["GET"]}}],"collection":[{"href":"https:\/\/stoic-curie.212-227-153-4.plesk.page\/de\/wp-json\/wp\/v2\/product"}],"about":[{"href":"https:\/\/stoic-curie.212-227-153-4.plesk.page\/de\/wp-json\/wp\/v2\/types\/product"}],"replies":[{"embeddable":true,"href":"https:\/\/stoic-curie.212-227-153-4.plesk.page\/de\/wp-json\/wp\/v2\/comments?post=735448"}],"version-history":[{"count":0,"href":"https:\/\/stoic-curie.212-227-153-4.plesk.page\/de\/wp-json\/wp\/v2\/product\/735448\/revisions"}],"wp:featuredmedia":[{"embeddable":true,"href":"https:\/\/stoic-curie.212-227-153-4.plesk.page\/de\/wp-json\/wp\/v2\/media\/5943435"}],"wp:attachment":[{"href":"https:\/\/stoic-curie.212-227-153-4.plesk.page\/de\/wp-json\/wp\/v2\/media?parent=735448"}],"wp:term":[{"taxonomy":"product_brand","embeddable":true,"href":"https:\/\/stoic-curie.212-227-153-4.plesk.page\/de\/wp-json\/wp\/v2\/product_brand?post=735448"},{"taxonomy":"product_cat","embeddable":true,"href":"https:\/\/stoic-curie.212-227-153-4.plesk.page\/de\/wp-json\/wp\/v2\/product_cat?post=735448"},{"taxonomy":"product_tag","embeddable":true,"href":"https:\/\/stoic-curie.212-227-153-4.plesk.page\/de\/wp-json\/wp\/v2\/product_tag?post=735448"}],"curies":[{"name":"wp","href":"https:\/\/api.w.org\/{rel}","templated":true}]}}