{"id":735451,"date":"2025-03-03T16:28:06","date_gmt":"2025-03-03T15:28:06","guid":{"rendered":"https:\/\/stoic-curie.212-227-153-4.plesk.page\/producto\/fendress-fenderbezugseinheit-a7-blau-navy\/"},"modified":"2026-02-24T23:35:01","modified_gmt":"2026-02-24T23:35:01","slug":"fendress-fenderbezugseinheit-a7-blau-navy","status":"publish","type":"product","link":"https:\/\/stoic-curie.212-227-153-4.plesk.page\/de\/product\/fendress-fenderbezugseinheit-a7-blau-navy\/","title":{"rendered":"Fendress Fenderbezugseinheit A7 Blau Navy"},"content":{"rendered":"<p>Fendress Fenderbezugseinheit A7 Blau Navy &#8211; <\/p>\n<p>Handgefertigte Fendress Fenderabdeckungen aus weichem Fleece. Premium-Schutz f\u00fcr Ihre Fender, w\u00e4hrend sie Quietschen und Kratzer verhindern. Diese weichen und robusten Fenderabdeckungen sch\u00fctzen effektiv Ihre Gelcoat-Oberfl\u00e4che und lassen Ihre Fender l\u00e4nger halten.<\/p>\n<p>&#149; &#8220;Fendress Covers&#8221; sind 100 % akryl handgefertigt in Premium-Qualit\u00e4t, widerstandsf\u00e4hig und nicht abrasiv gestrickt. Weiche, pl\u00fcschige Fleece-Fenderabdeckungen bieten ultimativen Schutz f\u00fcr Ihre Oberfl\u00e4chen.<\/p>\n<p>&#149; &#8220;Fendress Covers&#8221; sind UV- und salzwasserbest\u00e4ndig und sch\u00fctzen Ihre Gelcoat-Oberfl\u00e4che effektiv vor Kratzern und Abrieb. Das zugfeste und robuste Fleece-Material enth\u00e4lt alle besten Eigenschaften, einschlie\u00dflich Rei\u00df- und Abriebfestigkeit, schnelle Trocknung und einfache Entfernung zur Reinigung.<\/p>\n<p>&#149; &#8220;Fendress Covers&#8221; verl\u00e4ngern die Lebensdauer Ihrer Fender und beseitigen l\u00e4stiges Quietschen. UV-best\u00e4ndige Farben hinterlassen keine Spuren auf Ihren Oberfl\u00e4chen. Maschinenwaschbar.<\/p>\n<p>&#149; &#8220;Fendress Covers&#8221; mit hochbest\u00e4ndigem oberen Saum und elastischem unteren Saum erm\u00f6glichen eine ma\u00dfgeschneiderte Passform f\u00fcr alle Fenderarten. Die Abdeckungen sind in 9 Farben erh\u00e4ltlich.<\/p>\n","protected":false},"excerpt":{"rendered":"<p>Fendress Fenderbezugseinheit A7 Blau Navy &#8211; Handgefertigte Fendress Fenderabdeckungen aus weichem Fleece. Premium-Schutz f\u00fcr Ihre Fender, w\u00e4hrend sie Quietschen und<\/p>\n","protected":false},"featured_media":5943435,"comment_status":"open","ping_status":"closed","template":"","meta":[],"product_brand":[2935],"product_cat":[1564],"product_tag":[],"class_list":{"0":"post-735451","1":"product","2":"type-product","3":"status-publish","4":"has-post-thumbnail","6":"product_brand-fendress-de","7":"product_cat-fenderhuellen","9":"first","10":"instock","11":"shipping-taxable","12":"purchasable","13":"product-type-simple"},"_links":{"self":[{"href":"https:\/\/stoic-curie.212-227-153-4.plesk.page\/de\/wp-json\/wp\/v2\/product\/735451","targetHints":{"allow":["GET"]}}],"collection":[{"href":"https:\/\/stoic-curie.212-227-153-4.plesk.page\/de\/wp-json\/wp\/v2\/product"}],"about":[{"href":"https:\/\/stoic-curie.212-227-153-4.plesk.page\/de\/wp-json\/wp\/v2\/types\/product"}],"replies":[{"embeddable":true,"href":"https:\/\/stoic-curie.212-227-153-4.plesk.page\/de\/wp-json\/wp\/v2\/comments?post=735451"}],"version-history":[{"count":0,"href":"https:\/\/stoic-curie.212-227-153-4.plesk.page\/de\/wp-json\/wp\/v2\/product\/735451\/revisions"}],"wp:featuredmedia":[{"embeddable":true,"href":"https:\/\/stoic-curie.212-227-153-4.plesk.page\/de\/wp-json\/wp\/v2\/media\/5943435"}],"wp:attachment":[{"href":"https:\/\/stoic-curie.212-227-153-4.plesk.page\/de\/wp-json\/wp\/v2\/media?parent=735451"}],"wp:term":[{"taxonomy":"product_brand","embeddable":true,"href":"https:\/\/stoic-curie.212-227-153-4.plesk.page\/de\/wp-json\/wp\/v2\/product_brand?post=735451"},{"taxonomy":"product_cat","embeddable":true,"href":"https:\/\/stoic-curie.212-227-153-4.plesk.page\/de\/wp-json\/wp\/v2\/product_cat?post=735451"},{"taxonomy":"product_tag","embeddable":true,"href":"https:\/\/stoic-curie.212-227-153-4.plesk.page\/de\/wp-json\/wp\/v2\/product_tag?post=735451"}],"curies":[{"name":"wp","href":"https:\/\/api.w.org\/{rel}","templated":true}]}}