{"id":735452,"date":"2025-03-03T16:28:06","date_gmt":"2025-03-03T15:28:06","guid":{"rendered":"https:\/\/stoic-curie.212-227-153-4.plesk.page\/producto\/fendress-fenderbezugseinheit-a7-schwarz\/"},"modified":"2026-02-24T23:35:01","modified_gmt":"2026-02-24T23:35:01","slug":"fendress-fenderbezugseinheit-a7-schwarz","status":"publish","type":"product","link":"https:\/\/stoic-curie.212-227-153-4.plesk.page\/de\/product\/fendress-fenderbezugseinheit-a7-schwarz\/","title":{"rendered":"Fendress Fenderbezugseinheit A7 Schwarz"},"content":{"rendered":"<p>Fendress Fenderbezugseinheit A7 Schwarz &#8211; <\/p>\n<p>Handgemachte Fendress Fenderbez\u00fcge aus weichem Fleece.<br \/> Premium-Schutz f\u00fcr Ihre Fender, der Quietschen und Abnutzungsspuren beseitigt. Diese weichen und robusten Fenderbez\u00fcge sch\u00fctzen effizient Ihren Gelcoat und erh\u00f6hen die Lebensdauer Ihrer Fender.<\/p>\n<p> \u2022 \u201eFendress Covers\u201c sind 100% Acryl, handgefertigt und aus hochwertigem, widerstandsf\u00e4higem, nicht abrasivem Loop-Strick. Die weichen, pl\u00fcschigen Fleece-Fenderbez\u00fcge bieten ultimativen Schutz f\u00fcr Ihre Decks.<br \/> \u2022 \u201eFendress Covers\u201c sind UV- und salzwasserbest\u00e4ndig und sch\u00fctzen effizient Ihre Gelcoat-Beschichtung vor Abnutzungsspuren und Abrieb. Der strapazierf\u00e4hige Fleece-Stoff verf\u00fcgt \u00fcber die besten Eigenschaften, einschlie\u00dflich Rei\u00df- und Abriebfestigkeit, schnelles Trocknen und einfache Entfernung zur Reinigung.<br \/> \u2022 \u201eFendress Covers\u201c verl\u00e4ngern die Lebensdauer Ihrer Fender und beseitigen st\u00f6rendes Fender-Quietschen. UV-best\u00e4ndige Farben hinterlassen keine Spuren auf Ihren Decks. Maschinenwaschbar.<br \/> \u2022 \u201eFendress Covers\u201c mit hoher Widerstandsf\u00e4higkeit an der Oberseite und elastischem Abschluss erm\u00f6glichen eine individuelle Passform f\u00fcr alle Fenderarten. Die Bez\u00fcge sind in 9 Farben erh\u00e4ltlich.<\/p>\n","protected":false},"excerpt":{"rendered":"<p>Fendress Fenderbezugseinheit A7 Schwarz &#8211; Handgemachte Fendress Fenderbez\u00fcge aus weichem Fleece. Premium-Schutz f\u00fcr Ihre Fender, der Quietschen und Abnutzungsspuren beseitigt.<\/p>\n","protected":false},"featured_media":5943435,"comment_status":"open","ping_status":"closed","template":"","meta":[],"product_brand":[2935],"product_cat":[1564],"product_tag":[],"class_list":{"0":"post-735452","1":"product","2":"type-product","3":"status-publish","4":"has-post-thumbnail","6":"product_brand-fendress-de","7":"product_cat-fenderhuellen","9":"first","10":"instock","11":"shipping-taxable","12":"purchasable","13":"product-type-simple"},"_links":{"self":[{"href":"https:\/\/stoic-curie.212-227-153-4.plesk.page\/de\/wp-json\/wp\/v2\/product\/735452","targetHints":{"allow":["GET"]}}],"collection":[{"href":"https:\/\/stoic-curie.212-227-153-4.plesk.page\/de\/wp-json\/wp\/v2\/product"}],"about":[{"href":"https:\/\/stoic-curie.212-227-153-4.plesk.page\/de\/wp-json\/wp\/v2\/types\/product"}],"replies":[{"embeddable":true,"href":"https:\/\/stoic-curie.212-227-153-4.plesk.page\/de\/wp-json\/wp\/v2\/comments?post=735452"}],"version-history":[{"count":0,"href":"https:\/\/stoic-curie.212-227-153-4.plesk.page\/de\/wp-json\/wp\/v2\/product\/735452\/revisions"}],"wp:featuredmedia":[{"embeddable":true,"href":"https:\/\/stoic-curie.212-227-153-4.plesk.page\/de\/wp-json\/wp\/v2\/media\/5943435"}],"wp:attachment":[{"href":"https:\/\/stoic-curie.212-227-153-4.plesk.page\/de\/wp-json\/wp\/v2\/media?parent=735452"}],"wp:term":[{"taxonomy":"product_brand","embeddable":true,"href":"https:\/\/stoic-curie.212-227-153-4.plesk.page\/de\/wp-json\/wp\/v2\/product_brand?post=735452"},{"taxonomy":"product_cat","embeddable":true,"href":"https:\/\/stoic-curie.212-227-153-4.plesk.page\/de\/wp-json\/wp\/v2\/product_cat?post=735452"},{"taxonomy":"product_tag","embeddable":true,"href":"https:\/\/stoic-curie.212-227-153-4.plesk.page\/de\/wp-json\/wp\/v2\/product_tag?post=735452"}],"curies":[{"name":"wp","href":"https:\/\/api.w.org\/{rel}","templated":true}]}}