{"id":735453,"date":"2025-03-03T16:28:06","date_gmt":"2025-03-03T15:28:06","guid":{"rendered":"https:\/\/stoic-curie.212-227-153-4.plesk.page\/producto\/fendress-fenderbezugseinheit-a7-beige\/"},"modified":"2026-02-24T23:35:01","modified_gmt":"2026-02-24T23:35:01","slug":"fendress-fenderbezugseinheit-a7-beige","status":"publish","type":"product","link":"https:\/\/stoic-curie.212-227-153-4.plesk.page\/de\/product\/fendress-fenderbezugseinheit-a7-beige\/","title":{"rendered":"Fendress Fenderbezugseinheit A7 Beige"},"content":{"rendered":"<p>Fendress Fenderbezugseinheit A7 Beige &#8211; <\/p>\n<p>Handgefertigte Fendress Fenderabdeckungen aus pl\u00fcschigem Fleece. Premium-Schutz f\u00fcr Ihre Fender, w\u00e4hrend fenderquietschen und Kratzmarkierungen beseitigt werden. Diese Abdeckungen sch\u00fctzen effizient Ihre Gelcoat-Lackierung und lassen Ihre Fender l\u00e4nger halten.<\/p>\n<p>\u2022 \u201cFendress Covers\u201d sind 100% aus Acryl, handgefertigte, hochwertige, widerstandsf\u00e4hige und nicht abrasive Loop-Strickwaren. Weiche, pl\u00fcschige Fleece-Fenderabdeckungen bieten den ultimativen Schutz f\u00fcr Ihre Oberfl\u00e4chen.<\/p>\n<p>\u2022 \u201cFendress Covers\u201d sind UV- und salzwasserbest\u00e4ndig und sch\u00fctzen Ihre Gelcoat-Lackierung effektiv vor Kratzern und Abrieb. Der strapazierf\u00e4hige und robuste Fleece-Stoff verf\u00fcgt \u00fcber alle besten Eigenschaften, darunter Riss- und Abriebfestigkeit, schnelle Trocknung und leichte Entfernung zur Reinigung.<\/p>\n<p>\u2022 \u201cFendress Covers\u201d verl\u00e4ngern die Lebensdauer Ihrer Fender und beseitigen l\u00e4stiges Fenderquietschen. UV-best\u00e4ndige Farben hinterlassen keine Flecken auf Ihren Oberfl\u00e4chen. Maschinenwaschbar.<\/p>\n<p>\u2022 \u201cFendress Covers\u201d mit hoher Widerstandskraft oben und elastischem Bund bieten eine ma\u00dfgeschneiderte Passform f\u00fcr alle Fenderarten. Abdeckungen sind in 9 Farben erh\u00e4ltlich.<\/p>\n","protected":false},"excerpt":{"rendered":"<p>Fendress Fenderbezugseinheit A7 Beige &#8211; Handgefertigte Fendress Fenderabdeckungen aus pl\u00fcschigem Fleece. Premium-Schutz f\u00fcr Ihre Fender, w\u00e4hrend fenderquietschen und Kratzmarkierungen beseitigt<\/p>\n","protected":false},"featured_media":5943435,"comment_status":"open","ping_status":"closed","template":"","meta":[],"product_brand":[2935],"product_cat":[1564],"product_tag":[],"class_list":{"0":"post-735453","1":"product","2":"type-product","3":"status-publish","4":"has-post-thumbnail","6":"product_brand-fendress-de","7":"product_cat-fenderhuellen","9":"first","10":"instock","11":"shipping-taxable","12":"purchasable","13":"product-type-simple"},"_links":{"self":[{"href":"https:\/\/stoic-curie.212-227-153-4.plesk.page\/de\/wp-json\/wp\/v2\/product\/735453","targetHints":{"allow":["GET"]}}],"collection":[{"href":"https:\/\/stoic-curie.212-227-153-4.plesk.page\/de\/wp-json\/wp\/v2\/product"}],"about":[{"href":"https:\/\/stoic-curie.212-227-153-4.plesk.page\/de\/wp-json\/wp\/v2\/types\/product"}],"replies":[{"embeddable":true,"href":"https:\/\/stoic-curie.212-227-153-4.plesk.page\/de\/wp-json\/wp\/v2\/comments?post=735453"}],"version-history":[{"count":0,"href":"https:\/\/stoic-curie.212-227-153-4.plesk.page\/de\/wp-json\/wp\/v2\/product\/735453\/revisions"}],"wp:featuredmedia":[{"embeddable":true,"href":"https:\/\/stoic-curie.212-227-153-4.plesk.page\/de\/wp-json\/wp\/v2\/media\/5943435"}],"wp:attachment":[{"href":"https:\/\/stoic-curie.212-227-153-4.plesk.page\/de\/wp-json\/wp\/v2\/media?parent=735453"}],"wp:term":[{"taxonomy":"product_brand","embeddable":true,"href":"https:\/\/stoic-curie.212-227-153-4.plesk.page\/de\/wp-json\/wp\/v2\/product_brand?post=735453"},{"taxonomy":"product_cat","embeddable":true,"href":"https:\/\/stoic-curie.212-227-153-4.plesk.page\/de\/wp-json\/wp\/v2\/product_cat?post=735453"},{"taxonomy":"product_tag","embeddable":true,"href":"https:\/\/stoic-curie.212-227-153-4.plesk.page\/de\/wp-json\/wp\/v2\/product_tag?post=735453"}],"curies":[{"name":"wp","href":"https:\/\/api.w.org\/{rel}","templated":true}]}}