{"id":735477,"date":"2025-03-03T16:28:11","date_gmt":"2025-03-03T15:28:11","guid":{"rendered":"https:\/\/stoic-curie.212-227-153-4.plesk.page\/producto\/lenkrad-ultraflex-d350-nisida-schwarz\/"},"modified":"2026-02-24T23:35:02","modified_gmt":"2026-02-24T23:35:02","slug":"lenkrad-ultraflex-d350-nisida-schwarz","status":"publish","type":"product","link":"https:\/\/stoic-curie.212-227-153-4.plesk.page\/de\/product\/lenkrad-ultraflex-d350-nisida-schwarz\/","title":{"rendered":"Lenkrad Ultraflex D350 Nisida Schwarz"},"content":{"rendered":"<p>Lenkrad Ultraflex D350 Nisida Schwarz &#8211; <\/p>\n<p>Lenkr\u00e4der mit anodisiertem Aluminiumrahmen und Polyurethan-Weichgriff. CE-ISO23411 zertifiziert und erf\u00fcllt die ABYC-Standards. Nabe und Kappe m\u00fcssen separat erworben werden.<\/p>\n","protected":false},"excerpt":{"rendered":"<p>Lenkrad Ultraflex D350 Nisida Schwarz &#8211; Lenkr\u00e4der mit anodisiertem Aluminiumrahmen und Polyurethan-Weichgriff. CE-ISO23411 zertifiziert und erf\u00fcllt die ABYC-Standards. Nabe und<\/p>\n","protected":false},"featured_media":5943446,"comment_status":"open","ping_status":"closed","template":"","meta":[],"product_brand":[3500],"product_cat":[1535],"product_tag":[],"class_list":{"0":"post-735477","1":"product","2":"type-product","3":"status-publish","4":"has-post-thumbnail","6":"product_brand-ultraflex-uflex-de","7":"product_cat-steuerraeder","9":"first","10":"instock","11":"shipping-taxable","12":"purchasable","13":"product-type-simple"},"_links":{"self":[{"href":"https:\/\/stoic-curie.212-227-153-4.plesk.page\/de\/wp-json\/wp\/v2\/product\/735477","targetHints":{"allow":["GET"]}}],"collection":[{"href":"https:\/\/stoic-curie.212-227-153-4.plesk.page\/de\/wp-json\/wp\/v2\/product"}],"about":[{"href":"https:\/\/stoic-curie.212-227-153-4.plesk.page\/de\/wp-json\/wp\/v2\/types\/product"}],"replies":[{"embeddable":true,"href":"https:\/\/stoic-curie.212-227-153-4.plesk.page\/de\/wp-json\/wp\/v2\/comments?post=735477"}],"version-history":[{"count":0,"href":"https:\/\/stoic-curie.212-227-153-4.plesk.page\/de\/wp-json\/wp\/v2\/product\/735477\/revisions"}],"wp:featuredmedia":[{"embeddable":true,"href":"https:\/\/stoic-curie.212-227-153-4.plesk.page\/de\/wp-json\/wp\/v2\/media\/5943446"}],"wp:attachment":[{"href":"https:\/\/stoic-curie.212-227-153-4.plesk.page\/de\/wp-json\/wp\/v2\/media?parent=735477"}],"wp:term":[{"taxonomy":"product_brand","embeddable":true,"href":"https:\/\/stoic-curie.212-227-153-4.plesk.page\/de\/wp-json\/wp\/v2\/product_brand?post=735477"},{"taxonomy":"product_cat","embeddable":true,"href":"https:\/\/stoic-curie.212-227-153-4.plesk.page\/de\/wp-json\/wp\/v2\/product_cat?post=735477"},{"taxonomy":"product_tag","embeddable":true,"href":"https:\/\/stoic-curie.212-227-153-4.plesk.page\/de\/wp-json\/wp\/v2\/product_tag?post=735477"}],"curies":[{"name":"wp","href":"https:\/\/api.w.org\/{rel}","templated":true}]}}