{"id":735484,"date":"2025-03-03T16:28:13","date_gmt":"2025-03-03T15:28:13","guid":{"rendered":"https:\/\/stoic-curie.212-227-153-4.plesk.page\/producto\/nauticus-sx-smart-automatische-klappen-sx10512-70-7-8-m\/"},"modified":"2026-02-24T23:35:02","modified_gmt":"2026-02-24T23:35:02","slug":"nauticus-sx-smart-automatische-klappen-sx10512-70-7-8-m","status":"publish","type":"product","link":"https:\/\/stoic-curie.212-227-153-4.plesk.page\/de\/product\/nauticus-sx-smart-automatische-klappen-sx10512-70-7-8-m\/","title":{"rendered":"Nauticus SX Smart Automatische Klappen Sx10512-70 (7-8 m)"},"content":{"rendered":"<p>Nauticus SX Smart Automatische Klappen Sx10512-70 (7-8 m) &#8211; <\/p>\n<p>Korrosionsbest\u00e4ndige, verst\u00e4rkte, thermo-geformte Polymer Smart Tabs SX automatische Klappen. Sie stellen automatisch die Niveaueinstellung ein und stabilisieren das Boot dank der progressiven Aktuatorenfeder. Ben\u00f6tigen keine Einstellung und keinen Steuerkasten oder Bedienereinstellung. Schnelle und einfache Installation ohne Durchgangsbohrungen. Sparen Sie Geld durch Kraftstoffersparnis. Erh\u00f6hen Sie den Schub und die H\u00f6chstgeschwindigkeit. Gleiten Sie in der H\u00e4lfte der Zeit. Reduzieren Sie den Bugliftwinkel. Minimieren Sie das Auf- und Abtauchen.<\/p>\n","protected":false},"excerpt":{"rendered":"<p>Nauticus SX Smart Automatische Klappen Sx10512-70 (7-8 m) &#8211; Korrosionsbest\u00e4ndige, verst\u00e4rkte, thermo-geformte Polymer Smart Tabs SX automatische Klappen. Sie stellen<\/p>\n","protected":false},"featured_media":5940383,"comment_status":"open","ping_status":"closed","template":"","meta":[],"product_brand":[3170],"product_cat":[1519],"product_tag":[],"class_list":{"0":"post-735484","1":"product","2":"type-product","3":"status-publish","4":"has-post-thumbnail","6":"product_brand-nauticus-de","7":"product_cat-trimklappen","9":"first","10":"instock","11":"shipping-taxable","12":"purchasable","13":"product-type-simple"},"_links":{"self":[{"href":"https:\/\/stoic-curie.212-227-153-4.plesk.page\/de\/wp-json\/wp\/v2\/product\/735484","targetHints":{"allow":["GET"]}}],"collection":[{"href":"https:\/\/stoic-curie.212-227-153-4.plesk.page\/de\/wp-json\/wp\/v2\/product"}],"about":[{"href":"https:\/\/stoic-curie.212-227-153-4.plesk.page\/de\/wp-json\/wp\/v2\/types\/product"}],"replies":[{"embeddable":true,"href":"https:\/\/stoic-curie.212-227-153-4.plesk.page\/de\/wp-json\/wp\/v2\/comments?post=735484"}],"version-history":[{"count":0,"href":"https:\/\/stoic-curie.212-227-153-4.plesk.page\/de\/wp-json\/wp\/v2\/product\/735484\/revisions"}],"wp:featuredmedia":[{"embeddable":true,"href":"https:\/\/stoic-curie.212-227-153-4.plesk.page\/de\/wp-json\/wp\/v2\/media\/5940383"}],"wp:attachment":[{"href":"https:\/\/stoic-curie.212-227-153-4.plesk.page\/de\/wp-json\/wp\/v2\/media?parent=735484"}],"wp:term":[{"taxonomy":"product_brand","embeddable":true,"href":"https:\/\/stoic-curie.212-227-153-4.plesk.page\/de\/wp-json\/wp\/v2\/product_brand?post=735484"},{"taxonomy":"product_cat","embeddable":true,"href":"https:\/\/stoic-curie.212-227-153-4.plesk.page\/de\/wp-json\/wp\/v2\/product_cat?post=735484"},{"taxonomy":"product_tag","embeddable":true,"href":"https:\/\/stoic-curie.212-227-153-4.plesk.page\/de\/wp-json\/wp\/v2\/product_tag?post=735484"}],"curies":[{"name":"wp","href":"https:\/\/api.w.org\/{rel}","templated":true}]}}