{"id":735488,"date":"2025-03-03T16:28:13","date_gmt":"2025-03-03T15:28:13","guid":{"rendered":"https:\/\/stoic-curie.212-227-153-4.plesk.page\/producto\/bugpropeller-quick-btq-140-30-12v\/"},"modified":"2026-02-24T23:35:02","modified_gmt":"2026-02-24T23:35:02","slug":"bugpropeller-quick-btq-140-30-12v","status":"publish","type":"product","link":"https:\/\/stoic-curie.212-227-153-4.plesk.page\/de\/product\/bugpropeller-quick-btq-140-30-12v\/","title":{"rendered":"Bugpropeller Quick BTQ 140-30 12V"},"content":{"rendered":"<p>Bugpropeller Quick BTQ 140-30 12V &#8211; <\/p>\n<p style=\"color: rgb(34, 34, 34); font-family: Arial, Helvetica, sans-serif; font-size: small;\"><strong>Bow Thruster BTQ 140-30 30KGF &#8211; 12V &#8211; D140 &#8211; 1.5kW<\/strong><\/p>\n<p style=\"color: rgb(34, 34, 34); font-family: Arial, Helvetica, sans-serif; font-size: small;\">Wir freuen uns, den Quick BTQ140 Bow Thruster zu pr\u00e4sentieren, der sorgf\u00e4ltig f\u00fcr \u00fcberlegene Leistung und Zuverl\u00e4ssigkeit entwickelt wurde. Dieses Modell ist mit einer einzelnen Schraube ausgestattet, die aus robusten Verbundmaterialien gefertigt ist, und verf\u00fcgt \u00fcber ein langlebiges Bronzegetriebe. Der Schutzdeckel f\u00fcr die elektromagnetische Spule besteht ebenfalls aus hochwertigen Verbundmaterialien und sorgt f\u00fcr eine verl\u00e4ngerte Haltbarkeit. Dar\u00fcber hinaus ist die Zinkanode so konzipiert, dass sie unabh\u00e4ngig vom Getriebe ist, was einen unkomplizierten Austausch erm\u00f6glicht. Diese Einheit verf\u00fcgt \u00fcber eine elastische Kupplung, die sie ideal f\u00fcr Fahrzeuge mit einer L\u00e4nge von 6 bis 10 Metern (20 bis 33 Fu\u00df) macht.<\/p>\n<p style=\"color: rgb(34, 34, 34); font-family: Arial, Helvetica, sans-serif; font-size: small;\"><strong>Optimierte Leistung mit geringerer Energieverbrauch<\/strong><\/p>\n<p style=\"color: rgb(34, 34, 34); font-family: Arial, Helvetica, sans-serif; font-size: small;\">Die vierfl\u00fcgeligen Propeller sind speziell darauf ausgelegt, \u043c\u0430\u043a\u0441\u0438\u043c\u0430\u043b\u044c\u043d\u0443\u044e Schubkraft zu bieten und gleichzeitig den Stromverbrauch zu minimieren. Aus starken Verbundmaterialien hergestellt, bieten sie zuverl\u00e4ssige Leistung unter einer Vielzahl von Bedingungen. Das gegenl\u00e4ufige System erh\u00f6ht die Effizienz des Schubs, wobei jeder Propeller f\u00fcr die linke und rechte Ausrichtung abgestimmt ist, um einen konsistenten Betrieb in beide Richtungen zu gew\u00e4hrleisten.<\/p>\n<p style=\"color: rgb(34, 34, 34); font-family: Arial, Helvetica, sans-serif; font-size: small;\"><strong>Bemerkenswerte Eigenschaften:<\/strong><\/p>\n<ul style=\"color: rgb(34, 34, 34); font-family: Arial, Helvetica, sans-serif; font-size: small;\">\n<li>Das Getriebe ist so konstruierter, dass es die Leistung des Propellers unabh\u00e4ngig von der Rotationsrichtung aufrechterh\u00e4lt.<\/li>\n<li>Das bronzepropellergetriebe verf\u00fcgt \u00fcber ein hydrodynamisches Design, das Turbulenzen reduziert.<\/li>\n<li>Wartungsfreie Funktionalit\u00e4t ist gew\u00e4hrleistet, da die speziell gefertigten Komponenten einen lebenslangen Schmiermittelverschluss schaffen.<\/li>\n<li>Der anodisierte Aluminiumschutz ist leicht austauschbar. Im Falle einer vollst\u00e4ndigen Korrosion bleibt der Propeller sicher am Pod befestigt, unabh\u00e4ngig von der Anode.<\/li>\n<li>Die elastische Verbindung optimiert die Ausrichtung zwischen Motor und Getriebe, ein charakteristisches Quick-Design, das als Spannvorrichtung fungiert und das System vor den Belastungen des Bow Thrusters sch\u00fctzt und so die Leistung verbessert.<\/li>\n<\/ul>\n<p style=\"color: rgb(34, 34, 34); font-family: Arial, Helvetica, sans-serif; font-size: small;\"><strong>Die Motoren<\/strong><\/p>\n<p style=\"color: rgb(34, 34, 34); font-family: Arial, Helvetica, sans-serif; font-size: small;\">Wir verwenden fortschrittliche Materialien, um eine konstante Leistung und H\u00f6chstleistung zu gew\u00e4hrleisten, selbst unter den herausfordernden Bedingungen, die f\u00fcr diese Anwendung typisch sind.<\/p>\n<p style=\"color: rgb(34, 34, 34); font-family: Arial, Helvetica, sans-serif; font-size: small;\"><strong>Sicherheitsmerkmale<\/strong><\/p>\n<p style=\"color: rgb(34, 34, 34); font-family: Arial, Helvetica, sans-serif; font-size: small;\">Im Falle eines Relaisfehlers trennt das TMS-Fernbedienungs-Sicherungssystem automatisch die Stromversorgung des Motors von jedem Standort, der mit TDC-Panels oder TSC-Notknopf-Panels ausgestattet ist. Die BTQ-Motoren sind so konzipiert, dass sie ohne einen Temperatursensor funktionieren, wodurch sie bei Bedarf maximale Leistung liefern k\u00f6nnen. Der \u00dcberhitzungsschutz wird durch Software, die im Touchpanel oder Joystickpaneel integriert ist, verwaltet, um jederzeit einen sicheren Betrieb sicherzustellen.<\/p>\n","protected":false},"excerpt":{"rendered":"<p>Bugpropeller Quick BTQ 140-30 12V &#8211; Bow Thruster BTQ 140-30 30KGF &#8211; 12V &#8211; D140 &#8211; 1.5kW Wir freuen uns,<\/p>\n","protected":false},"featured_media":5943452,"comment_status":"open","ping_status":"closed","template":"","meta":[],"product_brand":[3280],"product_cat":[1323],"product_tag":[],"class_list":{"0":"post-735488","1":"product","2":"type-product","3":"status-publish","4":"has-post-thumbnail","6":"product_brand-quick-de","7":"product_cat-bugstrahlruder-quick","9":"first","10":"instock","11":"shipping-taxable","12":"purchasable","13":"product-type-simple"},"_links":{"self":[{"href":"https:\/\/stoic-curie.212-227-153-4.plesk.page\/de\/wp-json\/wp\/v2\/product\/735488","targetHints":{"allow":["GET"]}}],"collection":[{"href":"https:\/\/stoic-curie.212-227-153-4.plesk.page\/de\/wp-json\/wp\/v2\/product"}],"about":[{"href":"https:\/\/stoic-curie.212-227-153-4.plesk.page\/de\/wp-json\/wp\/v2\/types\/product"}],"replies":[{"embeddable":true,"href":"https:\/\/stoic-curie.212-227-153-4.plesk.page\/de\/wp-json\/wp\/v2\/comments?post=735488"}],"version-history":[{"count":0,"href":"https:\/\/stoic-curie.212-227-153-4.plesk.page\/de\/wp-json\/wp\/v2\/product\/735488\/revisions"}],"wp:featuredmedia":[{"embeddable":true,"href":"https:\/\/stoic-curie.212-227-153-4.plesk.page\/de\/wp-json\/wp\/v2\/media\/5943452"}],"wp:attachment":[{"href":"https:\/\/stoic-curie.212-227-153-4.plesk.page\/de\/wp-json\/wp\/v2\/media?parent=735488"}],"wp:term":[{"taxonomy":"product_brand","embeddable":true,"href":"https:\/\/stoic-curie.212-227-153-4.plesk.page\/de\/wp-json\/wp\/v2\/product_brand?post=735488"},{"taxonomy":"product_cat","embeddable":true,"href":"https:\/\/stoic-curie.212-227-153-4.plesk.page\/de\/wp-json\/wp\/v2\/product_cat?post=735488"},{"taxonomy":"product_tag","embeddable":true,"href":"https:\/\/stoic-curie.212-227-153-4.plesk.page\/de\/wp-json\/wp\/v2\/product_tag?post=735488"}],"curies":[{"name":"wp","href":"https:\/\/api.w.org\/{rel}","templated":true}]}}