{"id":735489,"date":"2025-03-03T16:28:14","date_gmt":"2025-03-03T15:28:14","guid":{"rendered":"https:\/\/stoic-curie.212-227-153-4.plesk.page\/producto\/bugpropeller-quick-btq-140-40-12v\/"},"modified":"2026-02-24T23:35:02","modified_gmt":"2026-02-24T23:35:02","slug":"bugpropeller-quick-btq-140-40-12v","status":"publish","type":"product","link":"https:\/\/stoic-curie.212-227-153-4.plesk.page\/de\/product\/bugpropeller-quick-btq-140-40-12v\/","title":{"rendered":"Bugpropeller Quick BTQ 140-40 12V"},"content":{"rendered":"<p>Bugpropeller Quick BTQ 140-40 12V &#8211; <\/p>\n<p style=\"color: rgb(34, 34, 34); font-family: Arial, Helvetica, sans-serif; font-size: small;\"><strong>Bow Thruster BTQ 140-40 40KGF &#8211; 12V &#8211; D140 &#8211; 2.2kW<\/strong><\/p>\n<p style=\"color: rgb(34, 34, 34); font-family: Arial, Helvetica, sans-serif; font-size: small;\">Wir freuen uns, Ihnen den Quick BTQ140 Bow Thruster vorzustellen, der sorgf\u00e4ltig entwickelt wurde, um \u00fcberlegene Leistung und Zuverl\u00e4ssigkeit zu gew\u00e4hrleisten. Dieses Modell ist mit einer einzelnen Propeller ausgestattet, die aus robusten Verbundmaterialien gefertigt ist, kombiniert mit einem langlebigen Bronzegetriebe. Der Schutzdeckel des Solenoids besteht ebenfalls aus hochwertigem Verbundmaterial und gew\u00e4hrleistet eine verl\u00e4ngerte Haltbarkeit. Dar\u00fcber hinaus ist die Zinkanode unabh\u00e4ngig vom Getriebe ausgelegt, was eine einfache Austauschbarkeit erm\u00f6glicht. Dieser Bow Thruster ist mit einer elastischen Kupplung ausgestattet und eignet sich ideal f\u00fcr Fahrzeuge mit einer L\u00e4nge von 6 bis 10 Metern (20 bis 33 Fu\u00df).<\/p>\n<p style=\"color: rgb(34, 34, 34); font-family: Arial, Helvetica, sans-serif; font-size: small;\"><strong>Optimierte Leistung bei geringerem Stromverbrauch<\/strong><\/p>\n<p style=\"color: rgb(34, 34, 34); font-family: Arial, Helvetica, sans-serif; font-size: small;\">Die vierblatt-Propeller sind speziell entwickelt, um maximale Schubkraft zu bieten und gleichzeitig den Stromverbrauch zu minimieren. Sie bestehen aus Verbundmaterialien und zeichnen sich durch Widerstandsf\u00e4higkeit unter verschiedenen maritimen Bedingungen aus. Das gegenl\u00e4ufige System verbessert die Schubkraft erheblich, wobei jeder Propeller f\u00fcr die linke und rechte Ausrichtung optimiert ist, um eine konsistente Leistung in beiden Richtungen zu gew\u00e4hrleisten.<\/p>\n<p style=\"color: rgb(34, 34, 34); font-family: Arial, Helvetica, sans-serif; font-size: small;\"><strong>Bemerkenswerte Merkmale:<\/strong><\/p>\n<ul style=\"color: rgb(34, 34, 34); font-family: Arial, Helvetica, sans-serif; font-size: small;\">\n<li>Das Getriebe ist darauf ausgelegt, die Effizienz des Propellers unabh\u00e4ngig von der Drehrichtung aufrechtzuerhalten.<\/li>\n<li>Der bronze Propellergetriebe ist mit einem hydrodynamischen Profil gestaltet, das effektiv Turbulenzen reduziert.<\/li>\n<li>Der Wartungsaufwand ist minimal, da die speziell entwickelten Komponenten \u00fcber eine Lebensdauerschmierung verf\u00fcgen.<\/li>\n<li>Der anodische Aluminium-Schutz ist problemlos austauschbar. Im Falle einer vollst\u00e4ndigen Korrosion bleibt der Propeller sicher am Pod befestigt, unabh\u00e4ngig von der Anode.<\/li>\n<li>Die elastische Verbindung optimiert die Ausrichtung zwischen Motor und Getriebe, ein typisches Quick-Design, das als Spannvorrichtung funktioniert und das Betriebssystem vor den Belastungen sch\u00fctzt, die durch den Bow Thruster entstehen, wodurch die Gesamtleistung verbessert wird.<\/li>\n<\/ul>\n<p style=\"color: rgb(34, 34, 34); font-family: Arial, Helvetica, sans-serif; font-size: small;\"><strong>Die Motoren<\/strong><\/p>\n<p style=\"color: rgb(34, 34, 34); font-family: Arial, Helvetica, sans-serif; font-size: small;\">Wir verwenden modernste Materialien, um eine konstante Leistung und optimale Funktionalit\u00e4t, selbst unter herausfordernden Bedingungen, die in marinen Umgebungen h\u00e4ufig vorkommen, zu gew\u00e4hrleisten.<\/p>\n<p style=\"color: rgb(34, 34, 34); font-family: Arial, Helvetica, sans-serif; font-size: small;\"><strong>Sicherheitsmerkmale<\/strong><\/p>\n<p style=\"color: rgb(34, 34, 34); font-family: Arial, Helvetica, sans-serif; font-size: small;\">Im Falle eines Relaisausfalls trennt das TMS-Fernschalter-System automatisch die Stromversorgung des Motors von jedem Ort, der mit TDC-Panels oder TSC-Notfallpanels ausgestattet ist. Die BTQ-Motoren sind so konzipiert, dass sie ohne einen Temperatursensor arbeiten k\u00f6nnen, so dass sie bei Bedarf maximale Leistung liefern k\u00f6nnen. Der \u00dcberhitzungsschutz wird von einer Software gesteuert, die in das Touchpanel oder das Joystick-Panel integriert ist, was einen zuverl\u00e4ssigen Betrieb gew\u00e4hrleistet.<\/p>\n","protected":false},"excerpt":{"rendered":"<p>Bugpropeller Quick BTQ 140-40 12V &#8211; Bow Thruster BTQ 140-40 40KGF &#8211; 12V &#8211; D140 &#8211; 2.2kW Wir freuen uns,<\/p>\n","protected":false},"featured_media":5943455,"comment_status":"open","ping_status":"closed","template":"","meta":[],"product_brand":[3280],"product_cat":[1323],"product_tag":[],"class_list":{"0":"post-735489","1":"product","2":"type-product","3":"status-publish","4":"has-post-thumbnail","6":"product_brand-quick-de","7":"product_cat-bugstrahlruder-quick","9":"first","10":"outofstock","11":"shipping-taxable","12":"purchasable","13":"product-type-simple"},"_links":{"self":[{"href":"https:\/\/stoic-curie.212-227-153-4.plesk.page\/de\/wp-json\/wp\/v2\/product\/735489","targetHints":{"allow":["GET"]}}],"collection":[{"href":"https:\/\/stoic-curie.212-227-153-4.plesk.page\/de\/wp-json\/wp\/v2\/product"}],"about":[{"href":"https:\/\/stoic-curie.212-227-153-4.plesk.page\/de\/wp-json\/wp\/v2\/types\/product"}],"replies":[{"embeddable":true,"href":"https:\/\/stoic-curie.212-227-153-4.plesk.page\/de\/wp-json\/wp\/v2\/comments?post=735489"}],"version-history":[{"count":0,"href":"https:\/\/stoic-curie.212-227-153-4.plesk.page\/de\/wp-json\/wp\/v2\/product\/735489\/revisions"}],"wp:featuredmedia":[{"embeddable":true,"href":"https:\/\/stoic-curie.212-227-153-4.plesk.page\/de\/wp-json\/wp\/v2\/media\/5943455"}],"wp:attachment":[{"href":"https:\/\/stoic-curie.212-227-153-4.plesk.page\/de\/wp-json\/wp\/v2\/media?parent=735489"}],"wp:term":[{"taxonomy":"product_brand","embeddable":true,"href":"https:\/\/stoic-curie.212-227-153-4.plesk.page\/de\/wp-json\/wp\/v2\/product_brand?post=735489"},{"taxonomy":"product_cat","embeddable":true,"href":"https:\/\/stoic-curie.212-227-153-4.plesk.page\/de\/wp-json\/wp\/v2\/product_cat?post=735489"},{"taxonomy":"product_tag","embeddable":true,"href":"https:\/\/stoic-curie.212-227-153-4.plesk.page\/de\/wp-json\/wp\/v2\/product_tag?post=735489"}],"curies":[{"name":"wp","href":"https:\/\/api.w.org\/{rel}","templated":true}]}}