{"id":735490,"date":"2025-03-03T16:28:14","date_gmt":"2025-03-03T15:28:14","guid":{"rendered":"https:\/\/stoic-curie.212-227-153-4.plesk.page\/producto\/bugstrahlruder-quick-btq-185-55-12v\/"},"modified":"2026-02-24T23:35:02","modified_gmt":"2026-02-24T23:35:02","slug":"bugstrahlruder-quick-btq-185-55-12v","status":"publish","type":"product","link":"https:\/\/stoic-curie.212-227-153-4.plesk.page\/de\/product\/bugstrahlruder-quick-btq-185-55-12v\/","title":{"rendered":"Bugstrahlruder Quick BTQ 185-55 12V"},"content":{"rendered":"<p>Bugstrahlruder Quick BTQ 185-55 12V &#8211; <\/p>\n<p style=\"color: rgb(34, 34, 34); font-family: Arial, Helvetica, sans-serif; font-size: small;\">Der Quick BTQ 185-55 12V DC Thruster ist eine ausgezeichnete Wahl f\u00fcr Boote mit einer L\u00e4nge von 8 bis 15 Metern (26 bis 49 Fu\u00df). Dieses Modell verf\u00fcgt \u00fcber eine einzelne Propeller, die aus strapazierf\u00e4higem Verbundmaterial besteht, erg\u00e4nzt durch ein robustes Bronzegetriebe und eine sch\u00fctzende Solenoidabdeckung, die ebenfalls aus strapazierf\u00e4higem Verbundmaterial gefertigt ist. Es beinhaltet eine elastische Kupplung und eine unabh\u00e4ngig vom Getriebe arbeitende Zinkanode, die einen einfachen Austausch erm\u00f6glicht.<\/p>\n<p style=\"color: rgb(34, 34, 34); font-family: Arial, Helvetica, sans-serif; font-size: small;\"><strong>Hauptmerkmale des Quick BTQ 185 Bugstrahlruders:<\/strong><\/p>\n<ul style=\"color: rgb(34, 34, 34); font-family: Arial, Helvetica, sans-serif; font-size: small;\">\n<li>Einzelne Propeller aus strapazierf\u00e4higem Verbundmaterial<\/li>\n<li>Bronzegetriebe f\u00fcr erh\u00f6hte Zuverl\u00e4ssigkeit<\/li>\n<li>Sch\u00fctzende Solenoidabdeckung aus hochwertigem Verbundmaterial<\/li>\n<li>Wieder austauschbare Zinkanode unabh\u00e4ngig vom Getriebe<\/li>\n<li>Ausgestattet mit einer elastischen Kupplung<\/li>\n<li>Empfohlen f\u00fcr Boote von 8 bis 15 Metern (26 bis 49 Fu\u00df) L\u00e4nge<\/li>\n<\/ul>\n<p style=\"color: rgb(34, 34, 34); font-family: Arial, Helvetica, sans-serif; font-size: small;\"><strong>Spezifikationen:<\/strong><\/p>\n<ul style=\"color: rgb(34, 34, 34); font-family: Arial, Helvetica, sans-serif; font-size: small;\">\n<li>Modell: BTQ 185-55 (12V)<\/li>\n<li>Propeller Typ: Einzel<\/li>\n<li>Tunnel Durchmesser: 185 mm (7 Zoll 18\/64)<\/li>\n<li>Motorleistung: 3,0 kW<\/li>\n<li>Spannung: 12V<\/li>\n<li>Sicherungseigenschaft: 250A CNL DIN<\/li>\n<li>Schub: 55 kgf (121.2 lb)<\/li>\n<li>Gewicht: 16,7 kg (36,8 lb)<\/li>\n<\/ul>\n<p style=\"color: rgb(34, 34, 34); font-family: Arial, Helvetica, sans-serif; font-size: small;\"><strong>Im Lieferumfang enthalten:<\/strong><\/p>\n<ul style=\"color: rgb(34, 34, 34); font-family: Arial, Helvetica, sans-serif; font-size: small;\">\n<li>Thruster<\/li>\n<li>Bohroberfl\u00e4che<\/li>\n<li>Dichtung<\/li>\n<li>O-Ring (f\u00fcr die Montage)<\/li>\n<li>Installations- und Benutzerhandbuch<\/li>\n<li>Garantiebedingungen<\/li>\n<\/ul>\n<p style=\"color: rgb(34, 34, 34); font-family: Arial, Helvetica, sans-serif; font-size: small;\">Dieser Thruster ist darauf ausgelegt, zuverl\u00e4ssige Leistung und einfache Installation zu bieten und ist eine wertvolle Erg\u00e4nzung Ihrer Boots-Ausr\u00fcstung.<\/p>\n","protected":false},"excerpt":{"rendered":"<p>Bugstrahlruder Quick BTQ 185-55 12V &#8211; Der Quick BTQ 185-55 12V DC Thruster ist eine ausgezeichnete Wahl f\u00fcr Boote mit<\/p>\n","protected":false},"featured_media":5943456,"comment_status":"open","ping_status":"closed","template":"","meta":[],"product_brand":[3280],"product_cat":[1323],"product_tag":[],"class_list":{"0":"post-735490","1":"product","2":"type-product","3":"status-publish","4":"has-post-thumbnail","6":"product_brand-quick-de","7":"product_cat-bugstrahlruder-quick","9":"first","10":"instock","11":"shipping-taxable","12":"purchasable","13":"product-type-simple"},"_links":{"self":[{"href":"https:\/\/stoic-curie.212-227-153-4.plesk.page\/de\/wp-json\/wp\/v2\/product\/735490","targetHints":{"allow":["GET"]}}],"collection":[{"href":"https:\/\/stoic-curie.212-227-153-4.plesk.page\/de\/wp-json\/wp\/v2\/product"}],"about":[{"href":"https:\/\/stoic-curie.212-227-153-4.plesk.page\/de\/wp-json\/wp\/v2\/types\/product"}],"replies":[{"embeddable":true,"href":"https:\/\/stoic-curie.212-227-153-4.plesk.page\/de\/wp-json\/wp\/v2\/comments?post=735490"}],"version-history":[{"count":0,"href":"https:\/\/stoic-curie.212-227-153-4.plesk.page\/de\/wp-json\/wp\/v2\/product\/735490\/revisions"}],"wp:featuredmedia":[{"embeddable":true,"href":"https:\/\/stoic-curie.212-227-153-4.plesk.page\/de\/wp-json\/wp\/v2\/media\/5943456"}],"wp:attachment":[{"href":"https:\/\/stoic-curie.212-227-153-4.plesk.page\/de\/wp-json\/wp\/v2\/media?parent=735490"}],"wp:term":[{"taxonomy":"product_brand","embeddable":true,"href":"https:\/\/stoic-curie.212-227-153-4.plesk.page\/de\/wp-json\/wp\/v2\/product_brand?post=735490"},{"taxonomy":"product_cat","embeddable":true,"href":"https:\/\/stoic-curie.212-227-153-4.plesk.page\/de\/wp-json\/wp\/v2\/product_cat?post=735490"},{"taxonomy":"product_tag","embeddable":true,"href":"https:\/\/stoic-curie.212-227-153-4.plesk.page\/de\/wp-json\/wp\/v2\/product_tag?post=735490"}],"curies":[{"name":"wp","href":"https:\/\/api.w.org\/{rel}","templated":true}]}}