{"id":735491,"date":"2025-03-03T16:28:14","date_gmt":"2025-03-03T15:28:14","guid":{"rendered":"https:\/\/stoic-curie.212-227-153-4.plesk.page\/producto\/bugstrahlruder-quick-btq-185-55-24v\/"},"modified":"2026-02-24T23:35:02","modified_gmt":"2026-02-24T23:35:02","slug":"bugstrahlruder-quick-btq-185-55-24v","status":"publish","type":"product","link":"https:\/\/stoic-curie.212-227-153-4.plesk.page\/de\/product\/bugstrahlruder-quick-btq-185-55-24v\/","title":{"rendered":"Bugstrahlruder Quick BTQ 185-55 24V"},"content":{"rendered":"<p>Bugstrahlruder Quick BTQ 185-55 24V &#8211; <\/p>\n<h2 style=\"font-family: Ubuntu, Arial, Helvetica, sans-serif; padding: 0px; box-sizing: content-box; color: rgb(56, 56, 56); line-height: 20px; font-size: 1em; margin-right: 0px; margin-bottom: 23px; margin-left: 0px;\">Bow Thruster BTQ 185-55 24V.\u00a0<span style=\"color: rgb(34, 34, 34); font-family: Arial, Helvetica, sans-serif; font-size: small;\">Der Bow Thruster BTQ 185-55 ist ein anspruchsvolles Antriebssystem, das entwickelt wurde, um die Man\u00f6vrierf\u00e4higkeit und Kontrolle eines Schiffes erheblich zu verbessern. Hergestellt aus modernsten Materialien, bietet dieses System au\u00dfergew\u00f6hnliche Leistung, ohne auf elektronische Komponenten im Motor angewiesen zu sein. Diese innovative L\u00f6sung verbindet fortschrittliche Technologie mit robuster Haltbarkeit, was sie zu einer ausgezeichneten Wahl f\u00fcr Bootsenthusiasten macht.<\/span><\/h2>\n<p style=\"color: rgb(34, 34, 34); font-family: Arial, Helvetica, sans-serif; font-size: small;\">Hauptmerkmale des Quick BTQ185 Bow Thrusters:<\/p>\n<ul style=\"color: rgb(34, 34, 34); font-family: Arial, Helvetica, sans-serif; font-size: small;\">\n<li>Einzelpropeller aus langlebigem Verbundmaterial<\/li>\n<li>Bronzegetriebe f\u00fcr erh\u00f6hte Zuverl\u00e4ssigkeit<\/li>\n<li>Schutzgeh\u00e4use f\u00fcr Magnetventile aus robustem Verbundmaterial<\/li>\n<li>Einfach austauschbare Zinkanode, unabh\u00e4ngig vom Getriebe<\/li>\n<li>Mit elastischer Kupplung ausgestattet<\/li>\n<li>Geeignet f\u00fcr Boote mit einer L\u00e4nge von 8 bis 15 Metern (26 bis 49 Fu\u00df)<\/li>\n<\/ul>\n<p style=\"color: rgb(34, 34, 34); font-family: Arial, Helvetica, sans-serif; font-size: small;\">Spezifikationen:<\/p>\n<ul style=\"color: rgb(34, 34, 34); font-family: Arial, Helvetica, sans-serif; font-size: small;\">\n<li>Spannung: 24V<\/li>\n<li>Verwendet die neueste Generation von Materialien<\/li>\n<li>Keine elektronischen Komponenten im Motor<\/li>\n<li>Microprozessorgesteuerte Schutzvorrichtungen in den Bedienfeldern<\/li>\n<li>R\u00fccksto\u00dffunktion mit verz\u00f6gerter Programmierung<\/li>\n<li>Automatische Abschaltautomatik f\u00fcr zus\u00e4tzliche Sicherheit<\/li>\n<li>\u00dcberhitzungsschutz f\u00fcr den Motor<\/li>\n<li>Robustes Verbundmaterial f\u00fcr sowohl das Propeller- als auch das Relaisgeh\u00e4use verwendet<\/li>\n<li>Bronzegetriebe f\u00fcr Langlebigkeit<\/li>\n<li>Austauschbare Zinkanode, unabh\u00e4ngig vom Getriebe<\/li>\n<li>Mit elastischer Kupplung f\u00fcr verbesserte Leistung ausgestattet<\/li>\n<\/ul>\n<p style=\"color: rgb(34, 34, 34); font-family: Arial, Helvetica, sans-serif; font-size: small;\">Propellerspezifikationen:<\/p>\n<ul style=\"color: rgb(34, 34, 34); font-family: Arial, Helvetica, sans-serif; font-size: small;\">\n<li>Propellerdurchmesser: 185 mm<\/li>\n<li>Leistung: 3 kW bei 24 Volt<\/li>\n<li>Empfohlene Bootsl\u00e4nge: 8 bis 11 Meter<\/li>\n<\/ul>\n<p style=\"color: rgb(34, 34, 34); font-family: Arial, Helvetica, sans-serif; font-size: small;\">Diese umfassende \u00dcbersicht \u00fcber den Bow Thruster BTQ 185-55 hebt seine fortschrittlichen Funktionen und Spezifikationen hervor und stellt sicher, dass Bootsbesitzer eine informierte Entscheidung treffen k\u00f6nnen, wenn sie nach zuverl\u00e4ssigem und hochwertigem Equipment f\u00fcr ihre Schiffe suchen.<\/p>\n","protected":false},"excerpt":{"rendered":"<p>Bugstrahlruder Quick BTQ 185-55 24V &#8211; Bow Thruster BTQ 185-55 24V.\u00a0Der Bow Thruster BTQ 185-55 ist ein anspruchsvolles Antriebssystem, das<\/p>\n","protected":false},"featured_media":5943456,"comment_status":"open","ping_status":"closed","template":"","meta":[],"product_brand":[3280],"product_cat":[1323],"product_tag":[],"class_list":{"0":"post-735491","1":"product","2":"type-product","3":"status-publish","4":"has-post-thumbnail","6":"product_brand-quick-de","7":"product_cat-bugstrahlruder-quick","9":"first","10":"outofstock","11":"shipping-taxable","12":"purchasable","13":"product-type-simple"},"_links":{"self":[{"href":"https:\/\/stoic-curie.212-227-153-4.plesk.page\/de\/wp-json\/wp\/v2\/product\/735491","targetHints":{"allow":["GET"]}}],"collection":[{"href":"https:\/\/stoic-curie.212-227-153-4.plesk.page\/de\/wp-json\/wp\/v2\/product"}],"about":[{"href":"https:\/\/stoic-curie.212-227-153-4.plesk.page\/de\/wp-json\/wp\/v2\/types\/product"}],"replies":[{"embeddable":true,"href":"https:\/\/stoic-curie.212-227-153-4.plesk.page\/de\/wp-json\/wp\/v2\/comments?post=735491"}],"version-history":[{"count":0,"href":"https:\/\/stoic-curie.212-227-153-4.plesk.page\/de\/wp-json\/wp\/v2\/product\/735491\/revisions"}],"wp:featuredmedia":[{"embeddable":true,"href":"https:\/\/stoic-curie.212-227-153-4.plesk.page\/de\/wp-json\/wp\/v2\/media\/5943456"}],"wp:attachment":[{"href":"https:\/\/stoic-curie.212-227-153-4.plesk.page\/de\/wp-json\/wp\/v2\/media?parent=735491"}],"wp:term":[{"taxonomy":"product_brand","embeddable":true,"href":"https:\/\/stoic-curie.212-227-153-4.plesk.page\/de\/wp-json\/wp\/v2\/product_brand?post=735491"},{"taxonomy":"product_cat","embeddable":true,"href":"https:\/\/stoic-curie.212-227-153-4.plesk.page\/de\/wp-json\/wp\/v2\/product_cat?post=735491"},{"taxonomy":"product_tag","embeddable":true,"href":"https:\/\/stoic-curie.212-227-153-4.plesk.page\/de\/wp-json\/wp\/v2\/product_tag?post=735491"}],"curies":[{"name":"wp","href":"https:\/\/api.w.org\/{rel}","templated":true}]}}