{"id":735492,"date":"2025-03-03T16:28:14","date_gmt":"2025-03-03T15:28:14","guid":{"rendered":"https:\/\/stoic-curie.212-227-153-4.plesk.page\/producto\/bugstrahlruder-quick-btq-185-75-12v\/"},"modified":"2026-02-24T23:35:02","modified_gmt":"2026-02-24T23:35:02","slug":"bugstrahlruder-quick-btq-185-75-12v","status":"publish","type":"product","link":"https:\/\/stoic-curie.212-227-153-4.plesk.page\/de\/product\/bugstrahlruder-quick-btq-185-75-12v\/","title":{"rendered":"Bugstrahlruder Quick BTQ 185-75 12V"},"content":{"rendered":"<p>Bugstrahlruder Quick BTQ 185-75 12V &#8211; <\/p>\n<p><strong>Quick BTQ185 Bow Thruster<\/strong><\/p>\n<p>Der Quick BTQ185-75 Thruster ist f\u00fcr Boote mit einer L\u00e4nge von 8 bis 15 Metern (26 bis 49 Fu\u00df) konzipiert. Dieses Modell verf\u00fcgt \u00fcber eine einzelne Schraube aus langlebigem Verbundmaterial, erg\u00e4nzt durch ein robustes Bronzegetriebe. Die Elektromagnete sind durch ein starkes Verbundgeh\u00e4use gesch\u00fctzt, was Langlebigkeit und Zuverl\u00e4ssigkeit gew\u00e4hrleistet. Dar\u00fcber hinaus ist der Thruster mit einer elastischen Kupplung und einer Zinkanode ausgestattet, die unabh\u00e4ngig vom Getriebe ist, was einen einfachen Austausch erm\u00f6glicht, wenn dies erforderlich ist.<\/p>\n<p><strong>Spezifikationen:<\/strong><\/p>\n<ul>\n<li><strong>Modell:<\/strong> BTQ 185-75<\/li>\n<li><strong>Propellerart:<\/strong> Einfach<\/li>\n<li><strong>Tunneldurchmesser:<\/strong> 185 mm (7 Zoll 18\/64)<\/li>\n<li><strong>Motorkraft:<\/strong> 4,0 kW<\/li>\n<li><strong>Sicherung:<\/strong> 350A CNL DIN<\/li>\n<li><strong>Schub:<\/strong> 75 kgf (165,3 lb)<\/li>\n<li><strong>Gewicht:<\/strong> 17,5 kg (38,6 lb)<\/li>\n<\/ul>\n<p><strong>Produktinhalt:<\/strong><\/p>\n<ul>\n<li>Thruster<\/li>\n<li>Bohrausleger<\/li>\n<li>Dichtung<\/li>\n<li>O-Ring (zur Montage)<\/li>\n<li>Installations- und Gebrauchsanweisung<\/li>\n<li>Garantiebedingungen<\/li>\n<\/ul>\n<p>Diese umfassende \u00dcbersicht \u00fcber den Quick BTQ185-75 Bow Thruster hebt dessen Hauptmerkmale und Spezifikationen hervor, so dass Bootseigent\u00fcmer eine informierte Entscheidung bei der Auswahl zuverl\u00e4ssiger Ausr\u00fcstung f\u00fcr ihre Fahrzeuge treffen k\u00f6nnen.<\/p>\n","protected":false},"excerpt":{"rendered":"<p>Bugstrahlruder Quick BTQ 185-75 12V &#8211; Quick BTQ185 Bow Thruster Der Quick BTQ185-75 Thruster ist f\u00fcr Boote mit einer L\u00e4nge<\/p>\n","protected":false},"featured_media":5943457,"comment_status":"open","ping_status":"closed","template":"","meta":[],"product_brand":[3280],"product_cat":[1323],"product_tag":[],"class_list":{"0":"post-735492","1":"product","2":"type-product","3":"status-publish","4":"has-post-thumbnail","6":"product_brand-quick-de","7":"product_cat-bugstrahlruder-quick","9":"first","10":"instock","11":"shipping-taxable","12":"purchasable","13":"product-type-simple"},"_links":{"self":[{"href":"https:\/\/stoic-curie.212-227-153-4.plesk.page\/de\/wp-json\/wp\/v2\/product\/735492","targetHints":{"allow":["GET"]}}],"collection":[{"href":"https:\/\/stoic-curie.212-227-153-4.plesk.page\/de\/wp-json\/wp\/v2\/product"}],"about":[{"href":"https:\/\/stoic-curie.212-227-153-4.plesk.page\/de\/wp-json\/wp\/v2\/types\/product"}],"replies":[{"embeddable":true,"href":"https:\/\/stoic-curie.212-227-153-4.plesk.page\/de\/wp-json\/wp\/v2\/comments?post=735492"}],"version-history":[{"count":0,"href":"https:\/\/stoic-curie.212-227-153-4.plesk.page\/de\/wp-json\/wp\/v2\/product\/735492\/revisions"}],"wp:featuredmedia":[{"embeddable":true,"href":"https:\/\/stoic-curie.212-227-153-4.plesk.page\/de\/wp-json\/wp\/v2\/media\/5943457"}],"wp:attachment":[{"href":"https:\/\/stoic-curie.212-227-153-4.plesk.page\/de\/wp-json\/wp\/v2\/media?parent=735492"}],"wp:term":[{"taxonomy":"product_brand","embeddable":true,"href":"https:\/\/stoic-curie.212-227-153-4.plesk.page\/de\/wp-json\/wp\/v2\/product_brand?post=735492"},{"taxonomy":"product_cat","embeddable":true,"href":"https:\/\/stoic-curie.212-227-153-4.plesk.page\/de\/wp-json\/wp\/v2\/product_cat?post=735492"},{"taxonomy":"product_tag","embeddable":true,"href":"https:\/\/stoic-curie.212-227-153-4.plesk.page\/de\/wp-json\/wp\/v2\/product_tag?post=735492"}],"curies":[{"name":"wp","href":"https:\/\/api.w.org\/{rel}","templated":true}]}}