{"id":735493,"date":"2025-03-03T16:28:14","date_gmt":"2025-03-03T15:28:14","guid":{"rendered":"https:\/\/stoic-curie.212-227-153-4.plesk.page\/producto\/bugstrahlruder-quick-btq-185-75-24v\/"},"modified":"2026-02-24T23:35:02","modified_gmt":"2026-02-24T23:35:02","slug":"bugstrahlruder-quick-btq-185-75-24v","status":"publish","type":"product","link":"https:\/\/stoic-curie.212-227-153-4.plesk.page\/de\/product\/bugstrahlruder-quick-btq-185-75-24v\/","title":{"rendered":"Bugstrahlruder Quick BTQ 185-75 24V"},"content":{"rendered":"<p>Bugstrahlruder Quick BTQ 185-75 24V &#8211; <\/p>\n<p>Quick BTQ185 Bow Thruster 24v<\/p>\n<p>Der Quick BTQ185-75 24v Thruster ist sorgf\u00e4ltig f\u00fcr Fahrzeuge mit einer L\u00e4nge von 8 bis 15 Metern (26 bis 49 Fu\u00df) konstruiert. Dieses Modell ist mit einer einzelnen Propeller aus widerstandsf\u00e4higen Verbundmaterialien ausgestattet und wird durch ein robustes Bronzegetriebe erg\u00e4nzt. Die Magnetventile sind in einem stabilen Verbundgeh\u00e4use untergebracht, was die Haltbarkeit und Zuverl\u00e4ssigkeit erheblich verbessert. Dar\u00fcber hinaus ist der Thruster mit einer elastischen Kupplung und einer Zinkanode ausgestattet, die unabh\u00e4ngig vom Getriebe funktioniert und somit einen einfachen Austausch erm\u00f6glicht, wenn erforderlich.<\/p>\n<p>Technische Daten:<\/p>\n<p>Modell: BTQ 185-75<br \/>Propellertyp: Einzel<br \/>Tunneldurchmesser: 185 mm (7 inches 18\/64)<br \/>Motorleistung: 4,0 kW<br \/>Sicherung: 350A CNL DIN<br \/>Schub: 75 kgf (165,3 lb)<br \/>Gewicht: 17,5 kg (38,6 lb)<\/p>\n<p>Produktinhalt:<\/p>\n<p>Thruster<br \/>Bohrschablone<br \/>Dichtung<br \/>O-Ring (zur Montage)<br \/>Installations- und Bedienungsanleitung<\/p>\n","protected":false},"excerpt":{"rendered":"<p>Bugstrahlruder Quick BTQ 185-75 24V &#8211; Quick BTQ185 Bow Thruster 24v Der Quick BTQ185-75 24v Thruster ist sorgf\u00e4ltig f\u00fcr Fahrzeuge<\/p>\n","protected":false},"featured_media":5943457,"comment_status":"open","ping_status":"closed","template":"","meta":[],"product_brand":[3280],"product_cat":[1323],"product_tag":[],"class_list":{"0":"post-735493","1":"product","2":"type-product","3":"status-publish","4":"has-post-thumbnail","6":"product_brand-quick-de","7":"product_cat-bugstrahlruder-quick","9":"first","10":"outofstock","11":"shipping-taxable","12":"purchasable","13":"product-type-simple"},"_links":{"self":[{"href":"https:\/\/stoic-curie.212-227-153-4.plesk.page\/de\/wp-json\/wp\/v2\/product\/735493","targetHints":{"allow":["GET"]}}],"collection":[{"href":"https:\/\/stoic-curie.212-227-153-4.plesk.page\/de\/wp-json\/wp\/v2\/product"}],"about":[{"href":"https:\/\/stoic-curie.212-227-153-4.plesk.page\/de\/wp-json\/wp\/v2\/types\/product"}],"replies":[{"embeddable":true,"href":"https:\/\/stoic-curie.212-227-153-4.plesk.page\/de\/wp-json\/wp\/v2\/comments?post=735493"}],"version-history":[{"count":0,"href":"https:\/\/stoic-curie.212-227-153-4.plesk.page\/de\/wp-json\/wp\/v2\/product\/735493\/revisions"}],"wp:featuredmedia":[{"embeddable":true,"href":"https:\/\/stoic-curie.212-227-153-4.plesk.page\/de\/wp-json\/wp\/v2\/media\/5943457"}],"wp:attachment":[{"href":"https:\/\/stoic-curie.212-227-153-4.plesk.page\/de\/wp-json\/wp\/v2\/media?parent=735493"}],"wp:term":[{"taxonomy":"product_brand","embeddable":true,"href":"https:\/\/stoic-curie.212-227-153-4.plesk.page\/de\/wp-json\/wp\/v2\/product_brand?post=735493"},{"taxonomy":"product_cat","embeddable":true,"href":"https:\/\/stoic-curie.212-227-153-4.plesk.page\/de\/wp-json\/wp\/v2\/product_cat?post=735493"},{"taxonomy":"product_tag","embeddable":true,"href":"https:\/\/stoic-curie.212-227-153-4.plesk.page\/de\/wp-json\/wp\/v2\/product_tag?post=735493"}],"curies":[{"name":"wp","href":"https:\/\/api.w.org\/{rel}","templated":true}]}}