{"id":735494,"date":"2025-03-03T16:28:15","date_gmt":"2025-03-03T15:28:15","guid":{"rendered":"https:\/\/stoic-curie.212-227-153-4.plesk.page\/producto\/bugstrahlruder-quick-btq-185-95-12v\/"},"modified":"2026-02-24T23:35:02","modified_gmt":"2026-02-24T23:35:02","slug":"bugstrahlruder-quick-btq-185-95-12v","status":"publish","type":"product","link":"https:\/\/stoic-curie.212-227-153-4.plesk.page\/de\/product\/bugstrahlruder-quick-btq-185-95-12v\/","title":{"rendered":"Bugstrahlruder Quick BTQ 185-95 12V"},"content":{"rendered":"<p>Bugstrahlruder Quick BTQ 185-95 12V &#8211; <\/p>\n<p>Der Quick BTQ185 Bow Thruster ist eine hervorragende Option f\u00fcr Schiffe von 8 bis 15 Metern (26 bis 49 Fu\u00df) L\u00e4nge. Dieses Modell ist mit einem robusten Einzelpropeller aus hochwertigem Verbundmaterial ausgestattet, kombiniert mit einem Bronzegetriebe f\u00fcr erh\u00f6hte Haltbarkeit. Dar\u00fcber hinaus verf\u00fcgt es \u00fcber eine sch\u00fctzende Solenoiddose aus dem gleichen widerstandsf\u00e4higen Verbundmaterial, das f\u00fcr Langlebigkeit sorgt. Der Thruster umfasst auch eine elastische Kupplung und eine Zinkanode, die unabh\u00e4ngig vom Getriebe funktioniert, was einen einfachen Austausch bei Bedarf erleichtert.<\/p>\n<p style=\"color: rgb(34, 34, 34); font-family: Arial, Helvetica, sans-serif; font-size: small;\"><strong>Technische Daten:<\/strong><\/p>\n<ul style=\"color: rgb(34, 34, 34); font-family: Arial, Helvetica, sans-serif; font-size: small;\">\n<li><strong>Modell:<\/strong>\u00a0BTQ 185-95<\/li>\n<li><strong>Propellertyp:<\/strong>\u00a0Einzel<\/li>\n<li><strong>Tunnel Durchmesser:<\/strong>\u00a0185 mm (7 inches 18\/64)<\/li>\n<li><strong>Motorleistung:<\/strong>\u00a06.0 kW<\/li>\n<li><strong>Spannung:<\/strong>\u00a012V<\/li>\n<li><strong>Sicherung:<\/strong>\u00a0350A CNL DIN<\/li>\n<li><strong>Schub:<\/strong>\u00a095 kgf (209.4 lb)<\/li>\n<li><strong>Gewicht:<\/strong>\u00a026.6 kg (58.6 lb)<\/li>\n<\/ul>\n<p style=\"color: rgb(34, 34, 34); font-family: Arial, Helvetica, sans-serif; font-size: small;\"><strong>Produktinhalt:<\/strong><\/p>\n<ul style=\"color: rgb(34, 34, 34); font-family: Arial, Helvetica, sans-serif; font-size: small;\">\n<li>Thruster<\/li>\n<li>Bohreinschub<\/li>\n<li>Dichtung<\/li>\n<li>O-Ring (f\u00fcr die Montage)<\/li>\n<li>Installations- und Benutzerhandbuch<\/li>\n<li>Garantiebedingungen<\/li>\n<\/ul>\n<p style=\"color: rgb(34, 34, 34); font-family: Arial, Helvetica, sans-serif; font-size: small;\">Dieser Thruster kombiniert Zuverl\u00e4ssigkeit und Leistung und ist eine wertvolle Erg\u00e4nzung Ihrer Bootsausr\u00fcstung.<\/p>\n","protected":false},"excerpt":{"rendered":"<p>Bugstrahlruder Quick BTQ 185-95 12V &#8211; Der Quick BTQ185 Bow Thruster ist eine hervorragende Option f\u00fcr Schiffe von 8 bis<\/p>\n","protected":false},"featured_media":5940410,"comment_status":"open","ping_status":"closed","template":"","meta":[],"product_brand":[3280],"product_cat":[1323],"product_tag":[],"class_list":{"0":"post-735494","1":"product","2":"type-product","3":"status-publish","4":"has-post-thumbnail","6":"product_brand-quick-de","7":"product_cat-bugstrahlruder-quick","9":"first","10":"outofstock","11":"shipping-taxable","12":"purchasable","13":"product-type-simple"},"_links":{"self":[{"href":"https:\/\/stoic-curie.212-227-153-4.plesk.page\/de\/wp-json\/wp\/v2\/product\/735494","targetHints":{"allow":["GET"]}}],"collection":[{"href":"https:\/\/stoic-curie.212-227-153-4.plesk.page\/de\/wp-json\/wp\/v2\/product"}],"about":[{"href":"https:\/\/stoic-curie.212-227-153-4.plesk.page\/de\/wp-json\/wp\/v2\/types\/product"}],"replies":[{"embeddable":true,"href":"https:\/\/stoic-curie.212-227-153-4.plesk.page\/de\/wp-json\/wp\/v2\/comments?post=735494"}],"version-history":[{"count":0,"href":"https:\/\/stoic-curie.212-227-153-4.plesk.page\/de\/wp-json\/wp\/v2\/product\/735494\/revisions"}],"wp:featuredmedia":[{"embeddable":true,"href":"https:\/\/stoic-curie.212-227-153-4.plesk.page\/de\/wp-json\/wp\/v2\/media\/5940410"}],"wp:attachment":[{"href":"https:\/\/stoic-curie.212-227-153-4.plesk.page\/de\/wp-json\/wp\/v2\/media?parent=735494"}],"wp:term":[{"taxonomy":"product_brand","embeddable":true,"href":"https:\/\/stoic-curie.212-227-153-4.plesk.page\/de\/wp-json\/wp\/v2\/product_brand?post=735494"},{"taxonomy":"product_cat","embeddable":true,"href":"https:\/\/stoic-curie.212-227-153-4.plesk.page\/de\/wp-json\/wp\/v2\/product_cat?post=735494"},{"taxonomy":"product_tag","embeddable":true,"href":"https:\/\/stoic-curie.212-227-153-4.plesk.page\/de\/wp-json\/wp\/v2\/product_tag?post=735494"}],"curies":[{"name":"wp","href":"https:\/\/api.w.org\/{rel}","templated":true}]}}