{"id":735495,"date":"2025-03-03T16:28:15","date_gmt":"2025-03-03T15:28:15","guid":{"rendered":"https:\/\/stoic-curie.212-227-153-4.plesk.page\/producto\/bugstrahlruder-quick-btq-300-250-24v\/"},"modified":"2026-02-24T23:35:02","modified_gmt":"2026-02-24T23:35:02","slug":"bugstrahlruder-quick-btq-300-250-24v","status":"publish","type":"product","link":"https:\/\/stoic-curie.212-227-153-4.plesk.page\/de\/product\/bugstrahlruder-quick-btq-300-250-24v\/","title":{"rendered":"Bugstrahlruder Quick BTQ 300-250 24V"},"content":{"rendered":"<p>Bugstrahlruder Quick BTQ 300-250 24V &#8211; <\/p>\n<p>Quick BTQ300 Bugstrahlruder mit 2 gegenl\u00e4ufigen Propellern. &#8211; Doppelpeller aus robustem Verbundmaterial &#8211; Bronzegetriebe &#8211; Schutzgeh\u00e4use f\u00fcr Solenoide aus robustem Verbundmaterial &#8211; Zinkanode unabh\u00e4ngig vom Getriebe und daher leicht austauschbar &#8211; Ausgestattet mit elastischer Kupplung &#8211; Empfohlene Bootsgr\u00f6\u00dfe von 20-30 m (65-99 ft)<\/p>\n<p><strong style=\"color: rgb(34, 34, 34); font-family: Arial, Helvetica, sans-serif; font-size: small;\">Quick BTQ 300 Doppelpeller Bugstrahlruder 24V 250 kgf f\u00fcr Schiffe von 20-30 Metern<\/strong><\/p>\n<p style=\"color: rgb(34, 34, 34); font-family: Arial, Helvetica, sans-serif; font-size: small;\">Das Quick BTQ 300 Doppelpeller Bugstrahlruder ist speziell f\u00fcr gr\u00f6\u00dfere Schiffe von 20 bis 30 Metern konzipiert. Es bietet zwei Schuboptionen: 250 kgf f\u00fcr Schiffe von 20 bis 26 Metern und 270 kgf f\u00fcr solche von 23 bis 30 Metern. Dieses Bugstrahlruder funktioniert mit einer 24V-Stromversorgung, auf Anfrage ist auch ein 48V-Elektromotor erh\u00e4ltlich. Der Durchmesser des Tunnels von 300 mm gew\u00e4hrleistet einen reibungslosen und effizienten Betrieb, selbst unter schwierigen Bedingungen.<\/p>\n<p style=\"color: rgb(34, 34, 34); font-family: Arial, Helvetica, sans-serif; font-size: small;\">Als Teil der fortschrittlichen BTQ-Serie verf\u00fcgt das Quick BTQ 300 \u00fcber Propeller, die sich in entgegengesetzte Richtungen innerhalb des 300 mm Tunnels drehen, was zu einer erheblichen Erh\u00f6hung des Schubs f\u00fchrt. Dieses innovative Design verbessert die Man\u00f6vrierf\u00e4higkeit und Kontrolle gro\u00dfer Schiffe, was das Einlaufen und Navigieren in engen R\u00e4umen erheblich erleichtert. Das Ruder liefert eine Schubsteigerung von 10 kgf oder mehr und bietet eine \u00fcberlegene Leistung im Vergleich zu herk\u00f6mmlichen Modellen.<\/p>\n<p style=\"color: rgb(34, 34, 34); font-family: Arial, Helvetica, sans-serif; font-size: small;\"><strong>Hauptmerkmale:<\/strong><\/p>\n<ul style=\"color: rgb(34, 34, 34); font-family: Arial, Helvetica, sans-serif; font-size: small;\">\n<li><strong>Hoher Schub f\u00fcr gr\u00f6\u00dfere Schiffe:<\/strong> 250 kgf f\u00fcr Schiffe von 20-26 Metern und 270 kgf f\u00fcr solche von 23-30 Metern.<\/li>\n<li><strong>Zwei-Schrauben-Design:<\/strong> Die gegenl\u00e4ufige Rotation der Propeller bietet verbesserten Schub und Kontrolle.<\/li>\n<li><strong>24V-Stromversorgung:<\/strong> Betrieben mit einem 24V-Elektro-System, mit der Option f\u00fcr einen 48V-Motor zur Erf\u00fcllung spezifischer Anforderungen.<\/li>\n<li><strong>300 mm Tunneldurchmesser:<\/strong> Der gro\u00dfe Tunneldurchmesser gew\u00e4hrleistet einen reibungslosen und effizienten Betrieb.<\/li>\n<li><strong>Erh\u00f6hter Schub:<\/strong> Bietet eine Schubsteigerung von 10 kgf oder mehr, verbessert Leistung und Man\u00f6vrierf\u00e4higkeit.<\/li>\n<\/ul>\n<p style=\"color: rgb(34, 34, 34); font-family: Arial, Helvetica, sans-serif; font-size: small;\"><strong>Technische Daten:<\/strong><\/p>\n<table style=\"color: rgb(34, 34, 34); font-family: Arial, Helvetica, sans-serif; font-size: small;\">\n<thead>\n<tr>\n<th>Spannung<\/th>\n<th>Tunneldurchmesser (mm)<\/th>\n<th>Leistung (kW)<\/th>\n<th>Stopp (kgf)<\/th>\n<th>Sicherung (A)<\/th>\n<th>Bootsl\u00e4nge (m)<\/th>\n<\/tr>\n<\/thead>\n<tbody>\n<tr>\n<td style=\"margin: 0px;\">24<\/td>\n<td style=\"margin: 0px;\">300<\/td>\n<td style=\"margin: 0px;\">10<\/td>\n<td style=\"margin: 0px;\">250<\/td>\n<td style=\"margin: 0px;\">2&#215;7.5<\/td>\n<td style=\"margin: 0px;\">20-26<\/td>\n<\/tr>\n<tr>\n<td style=\"margin: 0px;\">24<\/td>\n<td style=\"margin: 0px;\">300<\/td>\n<td style=\"margin: 0px;\">12<\/td>\n<td style=\"margin: 0px;\">270<\/td>\n<td style=\"margin: 0px;\">2&#215;10<\/td>\n<td style=\"margin: 0px;\">23-30<\/td>\n<\/tr>\n<\/tbody>\n<\/table>\n<p style=\"color: rgb(34, 34, 34); font-family: Arial, Helvetica, sans-serif; font-size: small;\">Das Quick BTQ 300 Doppelpeller Bugstrahlruder liefert au\u00dfergew\u00f6hnliche Leistung und Effizienz f\u00fcr gro\u00dfe Schiffe und gew\u00e4hrleistet eine einfache Navigation und Anlegen in engen R\u00e4umen und widrigen Bedingungen. Mit seinem innovativen Design, verbesserten Schubleistung und Zuverl\u00e4ssigkeit ist es eine unverzichtbare Erg\u00e4nzung f\u00fcr Schiffe, die \u00fcberlegene Man\u00f6vrierf\u00e4higkeit und Kontrolle erfordern.<\/p>\n","protected":false},"excerpt":{"rendered":"<p>Bugstrahlruder Quick BTQ 300-250 24V &#8211; Quick BTQ300 Bugstrahlruder mit 2 gegenl\u00e4ufigen Propellern. &#8211; Doppelpeller aus robustem Verbundmaterial &#8211; Bronzegetriebe<\/p>\n","protected":false},"featured_media":5943458,"comment_status":"open","ping_status":"closed","template":"","meta":[],"product_brand":[3280],"product_cat":[1323],"product_tag":[],"class_list":{"0":"post-735495","1":"product","2":"type-product","3":"status-publish","4":"has-post-thumbnail","6":"product_brand-quick-de","7":"product_cat-bugstrahlruder-quick","9":"first","10":"instock","11":"shipping-taxable","12":"purchasable","13":"product-type-simple"},"_links":{"self":[{"href":"https:\/\/stoic-curie.212-227-153-4.plesk.page\/de\/wp-json\/wp\/v2\/product\/735495","targetHints":{"allow":["GET"]}}],"collection":[{"href":"https:\/\/stoic-curie.212-227-153-4.plesk.page\/de\/wp-json\/wp\/v2\/product"}],"about":[{"href":"https:\/\/stoic-curie.212-227-153-4.plesk.page\/de\/wp-json\/wp\/v2\/types\/product"}],"replies":[{"embeddable":true,"href":"https:\/\/stoic-curie.212-227-153-4.plesk.page\/de\/wp-json\/wp\/v2\/comments?post=735495"}],"version-history":[{"count":0,"href":"https:\/\/stoic-curie.212-227-153-4.plesk.page\/de\/wp-json\/wp\/v2\/product\/735495\/revisions"}],"wp:featuredmedia":[{"embeddable":true,"href":"https:\/\/stoic-curie.212-227-153-4.plesk.page\/de\/wp-json\/wp\/v2\/media\/5943458"}],"wp:attachment":[{"href":"https:\/\/stoic-curie.212-227-153-4.plesk.page\/de\/wp-json\/wp\/v2\/media?parent=735495"}],"wp:term":[{"taxonomy":"product_brand","embeddable":true,"href":"https:\/\/stoic-curie.212-227-153-4.plesk.page\/de\/wp-json\/wp\/v2\/product_brand?post=735495"},{"taxonomy":"product_cat","embeddable":true,"href":"https:\/\/stoic-curie.212-227-153-4.plesk.page\/de\/wp-json\/wp\/v2\/product_cat?post=735495"},{"taxonomy":"product_tag","embeddable":true,"href":"https:\/\/stoic-curie.212-227-153-4.plesk.page\/de\/wp-json\/wp\/v2\/product_tag?post=735495"}],"curies":[{"name":"wp","href":"https:\/\/api.w.org\/{rel}","templated":true}]}}