{"id":735496,"date":"2025-03-03T16:28:15","date_gmt":"2025-03-03T15:28:15","guid":{"rendered":"https:\/\/stoic-curie.212-227-153-4.plesk.page\/producto\/bugstrahlruder-quick-btq-250-240-24v\/"},"modified":"2026-02-24T23:35:02","modified_gmt":"2026-02-24T23:35:02","slug":"bugstrahlruder-quick-btq-250-240-24v","status":"publish","type":"product","link":"https:\/\/stoic-curie.212-227-153-4.plesk.page\/de\/product\/bugstrahlruder-quick-btq-250-240-24v\/","title":{"rendered":"Bugstrahlruder Quick BTQ 250-240 24V"},"content":{"rendered":"<p>Bugstrahlruder Quick BTQ 250-240 24V &#8211; <\/p>\n<p>Quick BTQ250 Bugstrahlruder mit 2 gegenl\u00e4ufigen Propellern. &#8211; Doppelpropeller aus robustem Verbundmaterial &#8211; Bronzegetriebe &#8211; Schutzabdeckung f\u00fcr das Solenoid aus robustem Verbundmaterial &#8211; Zinkanode unabh\u00e4ngig vom Getriebe und somit leicht austauschbar &#8211; Ausgestattet mit elastischer Kupplung &#8211; Empfohlene Bootsgr\u00f6\u00dfe von 14-21 m (45-69 Fu\u00df)<\/p>\n<p style=\"color: rgb(34, 34, 34); font-family: Arial, Helvetica, sans-serif; font-size: small;\">Der Quick BTQ 250-240 24V DC Bugstrahlruder ist eine ausgezeichnete Wahl f\u00fcr Boote mit einer L\u00e4nge von 14 bis 21 Metern (45 bis 69 Fu\u00df). Dieses Modell verf\u00fcgt \u00fcber zwei gegenl\u00e4ufige Propeller, die aus langlebigen Verbundmaterialien hergestellt sind, sowie ein robustes Bronzegetriebe und einen sch\u00fctzenden Deckel f\u00fcr die Solenoide, der ebenfalls aus robustem Verbundmaterial gefertigt ist. Es enth\u00e4lt eine elastische Kupplung und eine Zinkanode, die unabh\u00e4ngig vom Getriebe ist, was einen einfachen Austausch erm\u00f6glicht.<\/p>\n<p style=\"color: rgb(34, 34, 34); font-family: Arial, Helvetica, sans-serif; font-size: small;\"><strong>Spezifikationen:<\/strong><\/p>\n<ul style=\"color: rgb(34, 34, 34); font-family: Arial, Helvetica, sans-serif; font-size: small;\">\n<li><strong>Modell:<\/strong> BTQ 250-240<\/li>\n<li><strong>Propellertyp:<\/strong> Doppel<\/li>\n<li><strong>Tunneldurchmesser:<\/strong> 250 mm (9&#8243; 27\/32)<\/li>\n<li><strong>Motorleistung:<\/strong> 10 kW<\/li>\n<li><strong>Spannung:<\/strong> 24V<\/li>\n<li><strong>Sicherungswert:<\/strong> 500A CNL DIN<\/li>\n<li><strong>Schub:<\/strong> 240 kgf (529 lb)<\/li>\n<li><strong>Gewicht:<\/strong> 49.1 kg (108.2 lb)<\/li>\n<\/ul>\n<p style=\"color: rgb(34, 34, 34); font-family: Arial, Helvetica, sans-serif; font-size: small;\"><strong>Produktinhalt:<\/strong><\/p>\n<ul style=\"color: rgb(34, 34, 34); font-family: Arial, Helvetica, sans-serif; font-size: small;\">\n<li>Bugstrahlruder<\/li>\n<li>Bohrausriss<\/li>\n<li>Dichtung<\/li>\n<li>O-Ring (f\u00fcr Montage)<\/li>\n<li>Installations- und Benutzerhandbuch<\/li>\n<li>Garantiebedingungen<\/li>\n<\/ul>\n<p style=\"color: rgb(34, 34, 34); font-family: Arial, Helvetica, sans-serif; font-size: small;\">Dieser Bugstrahlruder vereint Zuverl\u00e4ssigkeit und Leistung und ist eine wertvolle Erg\u00e4nzung Ihrer Boots Ausr\u00fcstung<\/p>\n","protected":false},"excerpt":{"rendered":"<p>Bugstrahlruder Quick BTQ 250-240 24V &#8211; Quick BTQ250 Bugstrahlruder mit 2 gegenl\u00e4ufigen Propellern. &#8211; Doppelpropeller aus robustem Verbundmaterial &#8211; Bronzegetriebe<\/p>\n","protected":false},"featured_media":5943458,"comment_status":"open","ping_status":"closed","template":"","meta":[],"product_brand":[3280],"product_cat":[1323],"product_tag":[],"class_list":{"0":"post-735496","1":"product","2":"type-product","3":"status-publish","4":"has-post-thumbnail","6":"product_brand-quick-de","7":"product_cat-bugstrahlruder-quick","9":"first","10":"outofstock","11":"shipping-taxable","12":"purchasable","13":"product-type-simple"},"_links":{"self":[{"href":"https:\/\/stoic-curie.212-227-153-4.plesk.page\/de\/wp-json\/wp\/v2\/product\/735496","targetHints":{"allow":["GET"]}}],"collection":[{"href":"https:\/\/stoic-curie.212-227-153-4.plesk.page\/de\/wp-json\/wp\/v2\/product"}],"about":[{"href":"https:\/\/stoic-curie.212-227-153-4.plesk.page\/de\/wp-json\/wp\/v2\/types\/product"}],"replies":[{"embeddable":true,"href":"https:\/\/stoic-curie.212-227-153-4.plesk.page\/de\/wp-json\/wp\/v2\/comments?post=735496"}],"version-history":[{"count":0,"href":"https:\/\/stoic-curie.212-227-153-4.plesk.page\/de\/wp-json\/wp\/v2\/product\/735496\/revisions"}],"wp:featuredmedia":[{"embeddable":true,"href":"https:\/\/stoic-curie.212-227-153-4.plesk.page\/de\/wp-json\/wp\/v2\/media\/5943458"}],"wp:attachment":[{"href":"https:\/\/stoic-curie.212-227-153-4.plesk.page\/de\/wp-json\/wp\/v2\/media?parent=735496"}],"wp:term":[{"taxonomy":"product_brand","embeddable":true,"href":"https:\/\/stoic-curie.212-227-153-4.plesk.page\/de\/wp-json\/wp\/v2\/product_brand?post=735496"},{"taxonomy":"product_cat","embeddable":true,"href":"https:\/\/stoic-curie.212-227-153-4.plesk.page\/de\/wp-json\/wp\/v2\/product_cat?post=735496"},{"taxonomy":"product_tag","embeddable":true,"href":"https:\/\/stoic-curie.212-227-153-4.plesk.page\/de\/wp-json\/wp\/v2\/product_tag?post=735496"}],"curies":[{"name":"wp","href":"https:\/\/api.w.org\/{rel}","templated":true}]}}