{"id":735506,"date":"2025-03-03T16:28:17","date_gmt":"2025-03-03T15:28:17","guid":{"rendered":"https:\/\/stoic-curie.212-227-153-4.plesk.page\/producto\/auspuffschalldaempfer-can-sb-50-mm\/"},"modified":"2026-02-24T23:35:02","modified_gmt":"2026-02-24T23:35:02","slug":"auspuffschalldaempfer-can-sb-50-mm","status":"publish","type":"product","link":"https:\/\/stoic-curie.212-227-153-4.plesk.page\/de\/product\/auspuffschalldaempfer-can-sb-50-mm\/","title":{"rendered":"Auspuffschalld\u00e4mpfer CAN-SB 50 mm"},"content":{"rendered":"<p>Auspuffschalld\u00e4mpfer CAN-SB 50 mm &#8211; <\/p>\n<p>Durchmesser 40\/45\/50\/60\/75\/90\/102 mm Schalld\u00e4mpfer. Die besondere Bauweise des Schalld\u00e4mpfers reduziert die Ger\u00e4uschabgabe drastisch.<\/p>\n","protected":false},"excerpt":{"rendered":"<p>Auspuffschalld\u00e4mpfer CAN-SB 50 mm &#8211; Durchmesser 40\/45\/50\/60\/75\/90\/102 mm Schalld\u00e4mpfer. Die besondere Bauweise des Schalld\u00e4mpfers reduziert die Ger\u00e4uschabgabe drastisch.<\/p>\n","protected":false},"featured_media":5940515,"comment_status":"open","ping_status":"closed","template":"","meta":[],"product_brand":[2855],"product_cat":[1507],"product_tag":[],"class_list":{"0":"post-735506","1":"product","2":"type-product","3":"status-publish","4":"has-post-thumbnail","6":"product_brand-can-marine-de","7":"product_cat-abgas-wasserperren-und-schalldaempfer","9":"first","10":"instock","11":"shipping-taxable","12":"purchasable","13":"product-type-simple"},"_links":{"self":[{"href":"https:\/\/stoic-curie.212-227-153-4.plesk.page\/de\/wp-json\/wp\/v2\/product\/735506","targetHints":{"allow":["GET"]}}],"collection":[{"href":"https:\/\/stoic-curie.212-227-153-4.plesk.page\/de\/wp-json\/wp\/v2\/product"}],"about":[{"href":"https:\/\/stoic-curie.212-227-153-4.plesk.page\/de\/wp-json\/wp\/v2\/types\/product"}],"replies":[{"embeddable":true,"href":"https:\/\/stoic-curie.212-227-153-4.plesk.page\/de\/wp-json\/wp\/v2\/comments?post=735506"}],"version-history":[{"count":0,"href":"https:\/\/stoic-curie.212-227-153-4.plesk.page\/de\/wp-json\/wp\/v2\/product\/735506\/revisions"}],"wp:featuredmedia":[{"embeddable":true,"href":"https:\/\/stoic-curie.212-227-153-4.plesk.page\/de\/wp-json\/wp\/v2\/media\/5940515"}],"wp:attachment":[{"href":"https:\/\/stoic-curie.212-227-153-4.plesk.page\/de\/wp-json\/wp\/v2\/media?parent=735506"}],"wp:term":[{"taxonomy":"product_brand","embeddable":true,"href":"https:\/\/stoic-curie.212-227-153-4.plesk.page\/de\/wp-json\/wp\/v2\/product_brand?post=735506"},{"taxonomy":"product_cat","embeddable":true,"href":"https:\/\/stoic-curie.212-227-153-4.plesk.page\/de\/wp-json\/wp\/v2\/product_cat?post=735506"},{"taxonomy":"product_tag","embeddable":true,"href":"https:\/\/stoic-curie.212-227-153-4.plesk.page\/de\/wp-json\/wp\/v2\/product_tag?post=735506"}],"curies":[{"name":"wp","href":"https:\/\/api.w.org\/{rel}","templated":true}]}}