{"id":735531,"date":"2025-03-03T16:28:24","date_gmt":"2025-03-03T15:28:24","guid":{"rendered":"https:\/\/stoic-curie.212-227-153-4.plesk.page\/producto\/antenne-tv-sat-glomex-saturn-4-v9104n-neo\/"},"modified":"2026-02-24T23:35:02","modified_gmt":"2026-02-24T23:35:02","slug":"antenne-tv-sat-glomex-saturn-4-v9104n-neo","status":"publish","type":"product","link":"https:\/\/stoic-curie.212-227-153-4.plesk.page\/de\/product\/antenne-tv-sat-glomex-saturn-4-v9104n-neo\/","title":{"rendered":"Antenne TV-Sat Glomex SATURN 4 V9104N NEO"},"content":{"rendered":"<p>Antenne TV-Sat Glomex SATURN 4 V9104N NEO &#8211; <\/p>\n<p>Gyrostabilisierte Glomex Saturn 4 Satellitenantenne f\u00fcr Full-HD DVB-S2 4K TV-Signale. Zus\u00e4tzliche drahtlose Bluetooth-Steuerung mit kostenloser dedizierter App, 47 cm Parabolsch\u00fcssel und reduzierter Stromverbrauch (2,5A-12\/24V). Au\u00dfergew\u00f6hnliche Leistung dank der neuen Signalsuchsoftware und dem innovativen STO (Silent Tracking Operation) Ger\u00e4uschreduzierungsystem. Ausgestattet mit neuer Elektronik, die Verluste der Signalqualit\u00e4t durch die zunehmende Anzahl an Satelliten auf der Erdumlaufbahn w\u00e4hrend der \u00dcbertragung auf Frequenz ausgleicht. Der Elevationsradius (0\u00b0\/90\u00b0) kann die Empfangskapazit\u00e4t des Signals sogar an den R\u00e4ndern des Abdeckungsbereichs garantieren. Vollst\u00e4ndig mit Multischalter f\u00fcr Installationen bis zu 16 TV-Ausg\u00e4ngen. Einfach zu installieren, Komplett mit 4&#215;10 Metern Koaxialkabel, Antennenverl\u00e4ngerung und Steuereinheit.<br \/>Die Saturn 4 &#8220;NEO&#8221; ist eine fortschrittliche FULL-HD \/ 4K Satelliten-TV-Antenne mit einer 47 cm gro\u00dfen Sch\u00fcssel, die bis zu 16 Fernseher gleichzeitig unterst\u00fctzen kann. Wie alle Glomex &#8220;NEO&#8221; Satelliten-TV-Antennen ist die Saturn 4 mit einem hocheffizienten Satellitenverriegelungssystem ausgestattet, das zuverl\u00e4ssige Leistung selbst unter schwierigen Seebedingungen gew\u00e4hrleistet. Dies wird durch ihre aktualisierte Elektronik und Mechanik erm\u00f6glicht, die einen leistungsst\u00e4rkeren Prozessor, einen schnelleren Treiber und eine verbesserte Haltbarkeit einschlie\u00dfen.<br \/>Dar\u00fcber hinaus wurde die neue Elektronik so konstruiert, dass sie w\u00e4hrend der Satellitensuche und der Verfolgungsphasen leise arbeitet. Die Einf\u00fchrung eines hochmodernen GPS-Systems erm\u00f6glicht es den &#8220;NEO&#8221; Antennen, fr\u00fchere Navigationspositionen beizubehalten und damit die Signalqualit\u00e4t, insbesondere an den R\u00e4ndern des Abdeckungsbereichs, zu verbessern.<br \/>Die Verwaltung der Saturn 4 &#8220;NEO&#8221; wird durch die kostenlose Glomex SAT TV App erleichtert, die f\u00fcr sowohl iOS- als auch Android-Ger\u00e4te verf\u00fcgbar ist. Durch Herunterladen der App k\u00f6nnen Benutzer die \u201eNEO\u201d Satelliten-TV-Antennen m\u00fchelos \u00fcber Bluetooth\u00ae mit ihrem Smartphone oder Tablet steuern. Die App erm\u00f6glicht Ihnen:<\/p>\n<ul>\n<li>Die Satellitenliste zu aktualisieren<\/li>\n<li>Die Antennenfirmware zu aktualisieren<\/li>\n<li>Zwischen Satelliten zu w\u00e4hlen und zu wechseln<\/li>\n<li>Betriebsparameter an den technischen Support zu senden, falls erforderlich<\/li>\n<\/ul>\n<p><strong>Geliefertes Zubeh\u00f6r:<\/strong><\/p>\n<ul>\n<li>Steuereinheit (12\/24V)<\/li>\n<li>10 m (33&#8242;) Koaxialkabel<\/li>\n<li>1,5 m (5&#8242;) Koaxialkabel<\/li>\n<li>Hochdichte synthetische Gummidichtung<\/li>\n<\/ul>\n<p><strong>Technische Spezifikationen:<\/strong><\/p>\n<ul>\n<li>Technologie: DVB-S2 4K FULL HD<\/li>\n<li>Durchmesser der Sch\u00fcssel: 470 mm (18\u201d)<\/li>\n<li>Radome Dimensionen: 500 x 560 mm (20 x 22\u201d)<\/li>\n<li>LNB: universell einfach<\/li>\n<li>App-Kompatibilit\u00e4t: Ja<\/li>\n<li>Koaxkabel: 4<\/li>\n<li>Receiver-Ausgang: 1\/16<\/li>\n<li>Gewicht: 13 kg (28,5 lb)<\/li>\n<li>Tracking-Geschwindigkeit: 50\u00b0 pro Sekunde<\/li>\n<li>Gain: 35 dB (12 GHz)<\/li>\n<li>Skew: manuell<\/li>\n<li>Sch\u00fcssel Typ: Prime Focus + HPD<\/li>\n<li>Polarisation: linear (H + V)<\/li>\n<li>LNB Frequenzbereich: 10.7 \u2013 12.75 GHz<\/li>\n<li>Radome Typ: UV-best\u00e4ndig<\/li>\n<li>Strombedarf: 12 Vdc<\/li>\n<li>Betriebstemperaturbereich: -20\u00b0 bis +55\u00b0<\/li>\n<li>Azimut: unbegrenzt<\/li>\n<li>Elevation: 0\u00b0 \/ 90\u00b0<\/li>\n<li>Art der Stabilisierung: Gyro auf 2 Achsen + 3\u00b0 Achse durch Interpolation<\/li>\n<li>Satellitenidentifikation: NIT (Network Information Table)<\/li>\n<li>Minimale EIRP: 49 dBW<\/li>\n<li>Bereit f\u00fcr zuk\u00fcnftige Upgrades: Ja<\/li>\n<li>Steuereinheit: unbegrenzt<\/li>\n<\/ul>\n<p>Diese umfassende \u00dcbersicht \u00fcber die Saturn 4 \u201eNEO\u201c stellt sicher, dass Bootsbesitzer fundierte Entscheidungen treffen k\u00f6nnen, wenn sie nach zuverl\u00e4ssigen und qualitativ hochwertigen Satelliten-TV-L\u00f6sungen f\u00fcr ihre Schiffe suchen.<\/p>\n","protected":false},"excerpt":{"rendered":"<p>Antenne TV-Sat Glomex SATURN 4 V9104N NEO &#8211; Gyrostabilisierte Glomex Saturn 4 Satellitenantenne f\u00fcr Full-HD DVB-S2 4K TV-Signale. Zus\u00e4tzliche drahtlose<\/p>\n","protected":false},"featured_media":5943586,"comment_status":"open","ping_status":"closed","template":"","meta":[],"product_brand":[2980],"product_cat":[1467],"product_tag":[],"class_list":{"0":"post-735531","1":"product","2":"type-product","3":"status-publish","4":"has-post-thumbnail","6":"product_brand-glomex-de","7":"product_cat-tv-antennen","9":"first","10":"instock","11":"shipping-taxable","12":"purchasable","13":"product-type-simple"},"_links":{"self":[{"href":"https:\/\/stoic-curie.212-227-153-4.plesk.page\/de\/wp-json\/wp\/v2\/product\/735531","targetHints":{"allow":["GET"]}}],"collection":[{"href":"https:\/\/stoic-curie.212-227-153-4.plesk.page\/de\/wp-json\/wp\/v2\/product"}],"about":[{"href":"https:\/\/stoic-curie.212-227-153-4.plesk.page\/de\/wp-json\/wp\/v2\/types\/product"}],"replies":[{"embeddable":true,"href":"https:\/\/stoic-curie.212-227-153-4.plesk.page\/de\/wp-json\/wp\/v2\/comments?post=735531"}],"version-history":[{"count":0,"href":"https:\/\/stoic-curie.212-227-153-4.plesk.page\/de\/wp-json\/wp\/v2\/product\/735531\/revisions"}],"wp:featuredmedia":[{"embeddable":true,"href":"https:\/\/stoic-curie.212-227-153-4.plesk.page\/de\/wp-json\/wp\/v2\/media\/5943586"}],"wp:attachment":[{"href":"https:\/\/stoic-curie.212-227-153-4.plesk.page\/de\/wp-json\/wp\/v2\/media?parent=735531"}],"wp:term":[{"taxonomy":"product_brand","embeddable":true,"href":"https:\/\/stoic-curie.212-227-153-4.plesk.page\/de\/wp-json\/wp\/v2\/product_brand?post=735531"},{"taxonomy":"product_cat","embeddable":true,"href":"https:\/\/stoic-curie.212-227-153-4.plesk.page\/de\/wp-json\/wp\/v2\/product_cat?post=735531"},{"taxonomy":"product_tag","embeddable":true,"href":"https:\/\/stoic-curie.212-227-153-4.plesk.page\/de\/wp-json\/wp\/v2\/product_tag?post=735531"}],"curies":[{"name":"wp","href":"https:\/\/api.w.org\/{rel}","templated":true}]}}