{"id":735532,"date":"2025-03-03T16:28:24","date_gmt":"2025-03-03T15:28:24","guid":{"rendered":"https:\/\/stoic-curie.212-227-153-4.plesk.page\/producto\/antenne-tv-radio-fm-glomex-avior\/"},"modified":"2026-02-24T23:35:02","modified_gmt":"2026-02-24T23:35:02","slug":"antenne-tv-radio-fm-glomex-avior","status":"publish","type":"product","link":"https:\/\/stoic-curie.212-227-153-4.plesk.page\/de\/product\/antenne-tv-radio-fm-glomex-avior\/","title":{"rendered":"Antenne TV-Radio-FM Glomex Avior"},"content":{"rendered":"<p>Antenne TV-Radio-FM Glomex Avior &#8211; <\/p>\n<p>Omnidirektionale TV\/RadioFM Glomex Antenne f\u00fcr analoges\/digitales TV und Radio. Der neue Hochleistungsverst\u00e4rker erm\u00f6glicht eine Erh\u00f6hung des Gewinns und den Empfang von vertikal und horizontal polarisierten TV-Signalen aus mehreren Richtungen gleichzeitig. Der innere Verst\u00e4rker ist mit dem Stromeinspeiser mit 2 unabh\u00e4ngigen Ausg\u00e4ngen f\u00fcr TV und Radio (V9114PI-FM) verbunden und erm\u00f6glicht den Empfang von TV- und FM-Frequenzen mit einer einzigen Antenne. Sie kann auf Segelbooten oder Motorbooten installiert werden und kann mit der VHF RA121 Antenne mit denselben Abmessungen kombiniert werden. Ausgestattet mit 10 m Koaxialkabel.<\/p>\n","protected":false},"excerpt":{"rendered":"<p>Antenne TV-Radio-FM Glomex Avior &#8211; Omnidirektionale TV\/RadioFM Glomex Antenne f\u00fcr analoges\/digitales TV und Radio. Der neue Hochleistungsverst\u00e4rker erm\u00f6glicht eine Erh\u00f6hung<\/p>\n","protected":false},"featured_media":5943592,"comment_status":"open","ping_status":"closed","template":"","meta":[],"product_brand":[2980],"product_cat":[1446,1467],"product_tag":[],"class_list":{"0":"post-735532","1":"product","2":"type-product","3":"status-publish","4":"has-post-thumbnail","6":"product_brand-glomex-de","7":"product_cat-stereoanlage-und-lautsprecher","8":"product_cat-tv-antennen","10":"first","11":"instock","12":"shipping-taxable","13":"purchasable","14":"product-type-simple"},"_links":{"self":[{"href":"https:\/\/stoic-curie.212-227-153-4.plesk.page\/de\/wp-json\/wp\/v2\/product\/735532","targetHints":{"allow":["GET"]}}],"collection":[{"href":"https:\/\/stoic-curie.212-227-153-4.plesk.page\/de\/wp-json\/wp\/v2\/product"}],"about":[{"href":"https:\/\/stoic-curie.212-227-153-4.plesk.page\/de\/wp-json\/wp\/v2\/types\/product"}],"replies":[{"embeddable":true,"href":"https:\/\/stoic-curie.212-227-153-4.plesk.page\/de\/wp-json\/wp\/v2\/comments?post=735532"}],"version-history":[{"count":0,"href":"https:\/\/stoic-curie.212-227-153-4.plesk.page\/de\/wp-json\/wp\/v2\/product\/735532\/revisions"}],"wp:featuredmedia":[{"embeddable":true,"href":"https:\/\/stoic-curie.212-227-153-4.plesk.page\/de\/wp-json\/wp\/v2\/media\/5943592"}],"wp:attachment":[{"href":"https:\/\/stoic-curie.212-227-153-4.plesk.page\/de\/wp-json\/wp\/v2\/media?parent=735532"}],"wp:term":[{"taxonomy":"product_brand","embeddable":true,"href":"https:\/\/stoic-curie.212-227-153-4.plesk.page\/de\/wp-json\/wp\/v2\/product_brand?post=735532"},{"taxonomy":"product_cat","embeddable":true,"href":"https:\/\/stoic-curie.212-227-153-4.plesk.page\/de\/wp-json\/wp\/v2\/product_cat?post=735532"},{"taxonomy":"product_tag","embeddable":true,"href":"https:\/\/stoic-curie.212-227-153-4.plesk.page\/de\/wp-json\/wp\/v2\/product_tag?post=735532"}],"curies":[{"name":"wp","href":"https:\/\/api.w.org\/{rel}","templated":true}]}}