{"id":735534,"date":"2025-03-03T16:28:24","date_gmt":"2025-03-03T15:28:24","guid":{"rendered":"https:\/\/stoic-curie.212-227-153-4.plesk.page\/producto\/vhf-antenne-glomex-ra124\/"},"modified":"2026-02-24T23:35:02","modified_gmt":"2026-02-24T23:35:02","slug":"vhf-antenne-glomex-ra124","status":"publish","type":"product","link":"https:\/\/stoic-curie.212-227-153-4.plesk.page\/de\/product\/vhf-antenne-glomex-ra124\/","title":{"rendered":"VHF-Antenne Glomex RA124"},"content":{"rendered":"<p>VHF-Antenne Glomex RA124 &#8211; <\/p>\n<p>Kompakte VHF RA124 TV-Antenne, die mit allen erforderlichen Zubeh\u00f6rteilen f\u00fcr die Installation geliefert wird. Sie hat die gleiche Form und Abmessungen wie die V9126 ALTAIR TV-Antenne, was f\u00fcr ein ausgewogenes Erscheinungsbild sorgt. Durchmesser: 25 cm. &#8211; H\u00f6he: 30 cm.<\/p>\n","protected":false},"excerpt":{"rendered":"<p>VHF-Antenne Glomex RA124 &#8211; Kompakte VHF RA124 TV-Antenne, die mit allen erforderlichen Zubeh\u00f6rteilen f\u00fcr die Installation geliefert wird. Sie hat<\/p>\n","protected":false},"featured_media":5943596,"comment_status":"open","ping_status":"closed","template":"","meta":[],"product_brand":[2980],"product_cat":[1466],"product_tag":[],"class_list":{"0":"post-735534","1":"product","2":"type-product","3":"status-publish","4":"has-post-thumbnail","6":"product_brand-glomex-de","7":"product_cat-vhf-antennen","9":"first","10":"instock","11":"shipping-taxable","12":"purchasable","13":"product-type-simple"},"_links":{"self":[{"href":"https:\/\/stoic-curie.212-227-153-4.plesk.page\/de\/wp-json\/wp\/v2\/product\/735534","targetHints":{"allow":["GET"]}}],"collection":[{"href":"https:\/\/stoic-curie.212-227-153-4.plesk.page\/de\/wp-json\/wp\/v2\/product"}],"about":[{"href":"https:\/\/stoic-curie.212-227-153-4.plesk.page\/de\/wp-json\/wp\/v2\/types\/product"}],"replies":[{"embeddable":true,"href":"https:\/\/stoic-curie.212-227-153-4.plesk.page\/de\/wp-json\/wp\/v2\/comments?post=735534"}],"version-history":[{"count":0,"href":"https:\/\/stoic-curie.212-227-153-4.plesk.page\/de\/wp-json\/wp\/v2\/product\/735534\/revisions"}],"wp:featuredmedia":[{"embeddable":true,"href":"https:\/\/stoic-curie.212-227-153-4.plesk.page\/de\/wp-json\/wp\/v2\/media\/5943596"}],"wp:attachment":[{"href":"https:\/\/stoic-curie.212-227-153-4.plesk.page\/de\/wp-json\/wp\/v2\/media?parent=735534"}],"wp:term":[{"taxonomy":"product_brand","embeddable":true,"href":"https:\/\/stoic-curie.212-227-153-4.plesk.page\/de\/wp-json\/wp\/v2\/product_brand?post=735534"},{"taxonomy":"product_cat","embeddable":true,"href":"https:\/\/stoic-curie.212-227-153-4.plesk.page\/de\/wp-json\/wp\/v2\/product_cat?post=735534"},{"taxonomy":"product_tag","embeddable":true,"href":"https:\/\/stoic-curie.212-227-153-4.plesk.page\/de\/wp-json\/wp\/v2\/product_tag?post=735534"}],"curies":[{"name":"wp","href":"https:\/\/api.w.org\/{rel}","templated":true}]}}